{"id":23268,"date":"2024-04-19T13:18:15","date_gmt":"2024-04-19T10:18:15","guid":{"rendered":"https:\/\/zooprekes24.lt\/produktas\/royal-canin-appetite-control-care\/"},"modified":"2026-02-27T06:19:01","modified_gmt":"2026-02-27T04:19:01","slug":"royal-canin-appetite-control-care","status":"publish","type":"product","link":"https:\/\/zooprekes24.lt\/et\/produktas\/royal-canin-appetite-control-care\/","title":{"rendered":"Royal Canin Appetite Control Care kasside kuivtoit 2 kg"},"content":{"rendered":"<h3>Royal Canin Appetite Control Care &#8211; <a href=\"https:\/\/www.royalcanin.com\/lt\/tailored-nutrition\" target=\"_blank\" rel=\"noopener\">spetsiaalselt tasakaalustatud<\/a> kuivtoit t\u00e4iskasvanud kassidele alates 1 aasta vanusest. Aitab kontrollida kassi toiduotsimise harjumust, v\u00e4hendab n\u00e4lga ja aitab ennetada \u00fclekaalu.<\/h3>\n<ul>\n<li>M\u00f5ned kassid ei suuda kontrollida s\u00f6\u00f6dud toidu kogust, mist\u00f5ttu on toit rikas spetsiaalsete kiudainete poolest, mis rahuldavad pidevalt toitu n\u00f5udvate kasside s\u00f6\u00f6giisu ja v\u00e4hendavad loomulikult n\u00e4lga.<\/li>\n<li><a href=\"https:\/\/zooprekes24.lt\/et\/kategorija\/prekes-katems\/kulatoit\/sausas-kaciu-maistas\/\" target=\"_blank\" rel=\"noopener\">Royal Canin Appetite Control Care<\/a> L-karnitiin tagab hea rasva ainevahetuse.<\/li>\n<li>Toidu madal rasvasisaldus (12%) aitab v\u00e4hendada kasside \u00fclekaalulisuse riski.<\/li>\n<li><a href=\"https:\/\/www.youtube.com\/watch?v=FYwO1fiYoa8\" target=\"_blank\" rel=\"noopener\">N\u00f5uetekohaselt tasakaalustatud mineraalid<\/a> toetab teie lemmiklooma uriinis\u00fcsteemi tervislikku toimimist.<\/li>\n<\/ul>\n<p><a ref=\"magnificPopup\" href=\"https:\/\/zooprekes24.lt\/wp-content\/uploads\/Appetite-control-care-logo.png\"><img loading=\"lazy\" decoding=\"async\" class=\"alignnone wp-image-9817\" src=\"https:\/\/zooprekes24.lt\/wp-content\/uploads\/Appetite-control-care-logo.png\" alt=\"Appetite-control-care-logo\" width=\"256\" height=\"350\" \/><\/a><\/p>","protected":false},"excerpt":{"rendered":"<p>Royal Canin Appetite Control Care &#8211; specialiai subalansuotas sausas maistas suaugusioms kat\u0117ms nuo 1 met\u0173 am\u017eiaus. Padeda kontroliuoti kat\u0117s maisto pra\u0161in\u0117jimo \u012fprot\u012f, suma\u017eina alkio poj\u016bti ir padeda i\u0161vengti vir\u0161vorio. Kai kurios kat\u0117s nesugeba kontroliuoti suvalgomo maisto kiekio, d\u0117l \u0161ios prie\u017easties maisto sud\u0117tyje yra daug speciali\u0173j\u0173 skaidul\u0173, kurios patenkina nuolat maisto pra\u0161an\u010di\u0173 ka\u010di\u0173 apetit\u0105 bei nat\u016braliai&#8230;<\/p>","protected":false},"featured_media":30680,"comment_status":"closed","ping_status":"closed","template":"","meta":{"_acf_changed":false,"slim_seo":{"title":"Royal Canin Appetite Control Care sausas maistas kat\u0117ms 2 kg - Zooprekes24","description":"Royal Canin Appetite Control Care - specialiai subalansuotas sausas maistas suaugusioms kat\u0117ms nuo 1 met\u0173 am\u017eiaus. Padeda kontroliuoti kat\u0117s maisto pra\u0161in\u0117jimo"},"iawp_total_views":179},"product_brand":[],"product_cat":[72,83,25,9019,9016],"product_tag":[1675,1682,1696],"class_list":{"0":"post-23268","1":"product","2":"type-product","3":"status-publish","4":"has-post-thumbnail","6":"product_cat-kaciu-maistas","7":"product_cat-kaciu-prekiu-gamintojai","8":"product_cat-katems","9":"product_cat-royal-canin-kaciu-prekiu-gamintojai","10":"product_cat-sausas-maistas-kaciu-maistas","11":"product_tag-kaciu-edalas","12":"product_tag-kaciu-maistas-super-premium-klases","13":"product_tag-super-premium-maistas-katems","14":"pa_pasaro-sudetis-ryziai","15":"pa_pasaro-sudetis-vistiena","16":"pa_prekiu-zenklai-royal-canin","18":"first","19":"instock","20":"sale","21":"featured","22":"taxable","23":"shipping-taxable","24":"purchasable","25":"product-type-simple"},"acf":[],"_links":{"self":[{"href":"https:\/\/zooprekes24.lt\/et\/wp-json\/wp\/v2\/product\/23268","targetHints":{"allow":["GET"]}}],"collection":[{"href":"https:\/\/zooprekes24.lt\/et\/wp-json\/wp\/v2\/product"}],"about":[{"href":"https:\/\/zooprekes24.lt\/et\/wp-json\/wp\/v2\/types\/product"}],"replies":[{"embeddable":true,"href":"https:\/\/zooprekes24.lt\/et\/wp-json\/wp\/v2\/comments?post=23268"}],"wp:featuredmedia":[{"embeddable":true,"href":"https:\/\/zooprekes24.lt\/et\/wp-json\/wp\/v2\/media\/30680"}],"wp:attachment":[{"href":"https:\/\/zooprekes24.lt\/et\/wp-json\/wp\/v2\/media?parent=23268"}],"wp:term":[{"taxonomy":"product_brand","embeddable":true,"href":"https:\/\/zooprekes24.lt\/et\/wp-json\/wp\/v2\/product_brand?post=23268"},{"taxonomy":"product_cat","embeddable":true,"href":"https:\/\/zooprekes24.lt\/et\/wp-json\/wp\/v2\/product_cat?post=23268"},{"taxonomy":"product_tag","embeddable":true,"href":"https:\/\/zooprekes24.lt\/et\/wp-json\/wp\/v2\/product_tag?post=23268"}],"curies":[{"name":"wp","href":"https:\/\/api.w.org\/{rel}","templated":true}]}}