{"id":23261,"date":"2024-04-19T13:18:15","date_gmt":"2024-04-19T10:18:15","guid":{"rendered":"https:\/\/zooprekes24.lt\/produktas\/royal-canin-british-shorthair-kitten\/"},"modified":"2025-12-30T15:44:46","modified_gmt":"2025-12-30T13:44:46","slug":"royal-canin-british-shorthair-kitten","status":"publish","type":"product","link":"https:\/\/zooprekes24.lt\/et\/produktas\/royal-canin-british-shorthair-kitten\/","title":{"rendered":"Royal Canin British Shorthair Kitten kuivtoit kassipoegadele"},"content":{"rendered":"<h3>Royal Canin British Shorthair Kitten &#8211; <a href=\"https:\/\/www.royalcanin.com\/lt\/tailored-nutrition\" target=\"_blank\" rel=\"noopener\">spetsiaalselt tasakaalustatud<\/a> Kuivtoit brittide l\u00fchikarvalistele kassipoegadele 1 aasta vanuselt. Eksklusiivne toitainete kompleks, mis toidab kassipoegade karvkatte ja tugevdab seedes\u00fcsteemi.<\/h3>\n<ul>\n<li>Royal Canin British Shorthair Kitten'i ainulaadsed kuukujulised graanulid on spetsiaalselt Briti l\u00fchikarvaliste kassipoegade jaoks kohandatud. <a href=\"https:\/\/zooprekes24.lt\/et\/?s=ka%C4%8Diukams&amp;post_type=product\" target=\"_blank\" rel=\"noopener\">kassipoegade jaoks<\/a>. Nende suuruse ja tekstuuri t\u00f5ttu on neid lihtne haarata ja n\u00e4rida. Unikaalsed graanulid aitavad s\u00e4ilitada kassipoegade tervislikku suu- ja hambah\u00fcgieeni.<\/li>\n<li>Kohandatud valkude ja mineraalide sisaldus tugevdab luid ja lihaseid.<\/li>\n<li><a href=\"https:\/\/www.youtube.com\/watch?v=FYwO1fiYoa8\" target=\"_blank\" rel=\"noopener\">Joodivastane kompleks munandites<\/a>s aitab toetada teie kassipoegade loomulikku kaitsev\u00f5imet, samal ajal kui prebiootikumide kombinatsioon soodustab soolestiku floora tasakaalu.<\/li>\n<\/ul>\n<p><a ref=\"magnificPopup\" href=\"https:\/\/zooprekes24.lt\/wp-content\/uploads\/Kitten-British-Shorhair-logo.png\"><img loading=\"lazy\" decoding=\"async\" class=\"alignnone wp-image-9811\" src=\"https:\/\/zooprekes24.lt\/wp-content\/uploads\/Kitten-British-Shorhair-logo.png\" alt=\"Kassipoeg briti-shorhair-logo\" width=\"482\" height=\"239\" \/><\/a><\/p>","protected":false},"excerpt":{"rendered":"<p>Royal Canin British Shorthair Kitten &#8211; specialiai subalansuotas sausas maistas Brit\u0173 trumpaplaukiams ka\u010diukams 1 met\u0173 am\u017eiaus. I\u0161skirtinis maistini\u0173 med\u017eiag\u0173 kompleksas puosel\u0117ja ma\u017eylio kailiuk\u0105 bei stiprina vir\u0161kinimo sistemai. Royal Canin British Shorthair Kitten unikalios m\u0117nulio formos granul\u0117s yra pritaikytos i\u0161kirtinai Brit\u0173 trumpaplauki\u0173 ka\u010diukams. Savo dyd\u017eiu ir tekst\u016bra, jas lengva sugriebti ir sukramtyti. Unikalios granul\u0117s padeda palaikyti&#8230;<\/p>","protected":false},"featured_media":20093,"comment_status":"closed","ping_status":"closed","template":"","meta":{"_acf_changed":false,"slim_seo":{"title":"Royal Canin British Shorthair Kitten sausas maistas ka\u010diukams - Zooprekes24","description":"Royal Canin British Shorthair Kitten - specialiai subalansuotas sausas maistas Brit\u0173 trumpaplaukiams ka\u010diukams 1 met\u0173 am\u017eiaus. I\u0161skirtinis maistini\u0173 med\u017eiag\u0173 ko"},"iawp_total_views":310},"product_brand":[],"product_cat":[72,83,25,9019,9016],"product_tag":[2741,1675,1682,1696],"class_list":{"0":"post-23261","1":"product","2":"type-product","3":"status-publish","4":"has-post-thumbnail","6":"product_cat-kaciu-maistas","7":"product_cat-kaciu-prekiu-gamintojai","8":"product_cat-katems","9":"product_cat-royal-canin-kaciu-prekiu-gamintojai","10":"product_cat-sausas-maistas-kaciu-maistas","11":"product_tag-britu-trumpaplaukiu-kaciu-maistas","12":"product_tag-kaciu-edalas","13":"product_tag-kaciu-maistas-super-premium-klases","14":"product_tag-super-premium-maistas-katems","15":"pa_pasaro-sudetis-ryziai","16":"pa_pasaro-sudetis-vistiena","17":"pa_prekiu-zenklai-royal-canin","19":"first","20":"instock","21":"sale","22":"featured","23":"taxable","24":"shipping-taxable","25":"purchasable","26":"product-type-variable"},"acf":[],"_links":{"self":[{"href":"https:\/\/zooprekes24.lt\/et\/wp-json\/wp\/v2\/product\/23261","targetHints":{"allow":["GET"]}}],"collection":[{"href":"https:\/\/zooprekes24.lt\/et\/wp-json\/wp\/v2\/product"}],"about":[{"href":"https:\/\/zooprekes24.lt\/et\/wp-json\/wp\/v2\/types\/product"}],"replies":[{"embeddable":true,"href":"https:\/\/zooprekes24.lt\/et\/wp-json\/wp\/v2\/comments?post=23261"}],"wp:featuredmedia":[{"embeddable":true,"href":"https:\/\/zooprekes24.lt\/et\/wp-json\/wp\/v2\/media\/20093"}],"wp:attachment":[{"href":"https:\/\/zooprekes24.lt\/et\/wp-json\/wp\/v2\/media?parent=23261"}],"wp:term":[{"taxonomy":"product_brand","embeddable":true,"href":"https:\/\/zooprekes24.lt\/et\/wp-json\/wp\/v2\/product_brand?post=23261"},{"taxonomy":"product_cat","embeddable":true,"href":"https:\/\/zooprekes24.lt\/et\/wp-json\/wp\/v2\/product_cat?post=23261"},{"taxonomy":"product_tag","embeddable":true,"href":"https:\/\/zooprekes24.lt\/et\/wp-json\/wp\/v2\/product_tag?post=23261"}],"curies":[{"name":"wp","href":"https:\/\/api.w.org\/{rel}","templated":true}]}}