{"id":23257,"date":"2024-04-19T13:17:46","date_gmt":"2024-04-19T10:17:46","guid":{"rendered":"https:\/\/zooprekes24.lt\/produktas\/royal-canin-sphynx-adult\/"},"modified":"2026-02-27T07:31:30","modified_gmt":"2026-02-27T05:31:30","slug":"royal-canin-sphynx-adult","status":"publish","type":"product","link":"https:\/\/zooprekes24.lt\/et\/produktas\/royal-canin-sphynx-adult\/","title":{"rendered":"Royal Canin Sphynx t\u00e4iskasvanud kasside kuivtoit"},"content":{"rendered":"<h3>Royal Canin Sphynx Adult &#8211; <a href=\"https:\/\/www.royalcanin.com\/lt\/tailored-nutrition\" target=\"_blank\" rel=\"noopener\">spetsiaalselt tasakaalustatud<\/a> kuivtoit t\u00e4iskasvanud Sphynx kassidele alates 1-aastasest vanusest. Erakordne k\u00f5rge energiasisaldusega t\u00fckeldatud toit, mis vastab sphynx-kasside suurenenud energiavajadusele.<\/h3>\n<ul>\n<li><a href=\"https:\/\/www.youtube.com\/watch?v=FYwO1fiYoa8\" target=\"_blank\" rel=\"noopener\">Spetsiaalselt projekteeritud<\/a> ja kaltsiumikelaatgraanulid, mis on kohandatud sellele kassit\u00f5ule, parandavad teie lemmiklooma suu- ja hambah\u00fcgieeni.<\/li>\n<li>T\u00e4nu <a href=\"https:\/\/zooprekes24.lt\/et\/kategorija\/prekes-katems\/kulatoit\/sausas-kaciu-maistas\/\" target=\"_blank\" rel=\"noopener\">Royal Canin Sphynx Adult<\/a> Kompleks sisaldab eikosapentaeenhapet (EPA) ja dokosaheksaeenhapet (DHA), mis tugevdavad naha kaitsebarj\u00e4\u00e4ri omadusi ja v\u00e4hendavad naha\u00e4rritust. Kurgi\u00f5li koos biotiini, A-vitamiini ja tsingiga kaitseb ja niisutab tundlikku sfinksinahka.<\/li>\n<li>Tauriin ja L-karnitiin aitavad s\u00e4ilitada kassi s\u00fcdamelihase optimaalset funktsiooni.<\/li>\n<li>Eksklusiivne, k\u00f5rge energiasisaldusega toit, mis vastab sphynx-kasside suurenenud energiavajadusele.<\/li>\n<\/ul>\n<p><a ref=\"magnificPopup\" href=\"https:\/\/zooprekes24.lt\/wp-content\/uploads\/Sfinkso-logo.png\"><img loading=\"lazy\" decoding=\"async\" class=\"alignnone wp-image-9809\" src=\"https:\/\/zooprekes24.lt\/wp-content\/uploads\/Sfinkso-logo.png\" alt=\"Sphinx-logo\" width=\"356\" height=\"308\" \/><\/a><\/p>","protected":false},"excerpt":{"rendered":"<p>Royal Canin Sphynx Adult &#8211; specialiai subalansuotas sausas maistas, suaugusioms Sfinks\u0173 veisl\u0117s kat\u0117ms nuo 1 met\u0173 am\u017eiaus. I\u0161skirtinis labai daug energijos suteikiantis smulkintas maistas, patenkinantis padidintus Sfinks\u0173 ka\u010di\u0173 energijos poreikius. Specialiai sukurtos ir \u0161ios veisl\u0117s kat\u0117ms pritaikytos maisto granul\u0117s su kalcio chelatais gerina augintinio burnos ir dant\u0173 higien\u0105. D\u0117ka Royal Canin Sphynx Adult sud\u0117tyje esan\u010dio&#8230;<\/p>","protected":false},"featured_media":20091,"comment_status":"closed","ping_status":"closed","template":"","meta":{"_acf_changed":false,"slim_seo":{"title":"Royal Canin Sphynx Adult sausas maistas kat\u0117ms - Zooprekes24","description":"Royal Canin Sphynx Adult - specialiai subalansuotas sausas maistas, suaugusioms Sfinks\u0173 veisl\u0117s kat\u0117ms nuo 1 met\u0173 am\u017eiaus. I\u0161skirtinis labai daug energijos sute"},"iawp_total_views":773},"product_brand":[],"product_cat":[72,83,25,9019,9016],"product_tag":[4216,1675,4218,1682,4220,1696],"class_list":{"0":"post-23257","1":"product","2":"type-product","3":"status-publish","4":"has-post-thumbnail","6":"product_cat-kaciu-maistas","7":"product_cat-kaciu-prekiu-gamintojai","8":"product_cat-katems","9":"product_cat-royal-canin-kaciu-prekiu-gamintojai","10":"product_cat-sausas-maistas-kaciu-maistas","11":"product_tag-edalas-sfinksu-katems","12":"product_tag-kaciu-edalas","13":"product_tag-kaciu-edalas-sfinksui","14":"product_tag-kaciu-maistas-super-premium-klases","15":"product_tag-royal-canin-maistas-sfinksams","16":"product_tag-super-premium-maistas-katems","17":"pa_pasaro-sudetis-ryziai","18":"pa_pasaro-sudetis-vistiena","19":"pa_prekiu-zenklai-royal-canin","21":"first","22":"instock","23":"sale","24":"featured","25":"taxable","26":"shipping-taxable","27":"purchasable","28":"product-type-variable"},"acf":[],"_links":{"self":[{"href":"https:\/\/zooprekes24.lt\/et\/wp-json\/wp\/v2\/product\/23257","targetHints":{"allow":["GET"]}}],"collection":[{"href":"https:\/\/zooprekes24.lt\/et\/wp-json\/wp\/v2\/product"}],"about":[{"href":"https:\/\/zooprekes24.lt\/et\/wp-json\/wp\/v2\/types\/product"}],"replies":[{"embeddable":true,"href":"https:\/\/zooprekes24.lt\/et\/wp-json\/wp\/v2\/comments?post=23257"}],"wp:featuredmedia":[{"embeddable":true,"href":"https:\/\/zooprekes24.lt\/et\/wp-json\/wp\/v2\/media\/20091"}],"wp:attachment":[{"href":"https:\/\/zooprekes24.lt\/et\/wp-json\/wp\/v2\/media?parent=23257"}],"wp:term":[{"taxonomy":"product_brand","embeddable":true,"href":"https:\/\/zooprekes24.lt\/et\/wp-json\/wp\/v2\/product_brand?post=23257"},{"taxonomy":"product_cat","embeddable":true,"href":"https:\/\/zooprekes24.lt\/et\/wp-json\/wp\/v2\/product_cat?post=23257"},{"taxonomy":"product_tag","embeddable":true,"href":"https:\/\/zooprekes24.lt\/et\/wp-json\/wp\/v2\/product_tag?post=23257"}],"curies":[{"name":"wp","href":"https:\/\/api.w.org\/{rel}","templated":true}]}}