{"id":23250,"date":"2024-04-19T13:17:46","date_gmt":"2024-04-19T10:17:46","guid":{"rendered":"https:\/\/zooprekes24.lt\/produktas\/royal-canin-siamese-adult\/"},"modified":"2026-02-27T07:24:56","modified_gmt":"2026-02-27T05:24:56","slug":"royal-canin-siiami-taiskasvanud","status":"publish","type":"product","link":"https:\/\/zooprekes24.lt\/et\/produktas\/royal-canin-siamese-adult\/","title":{"rendered":"Royal Canin Siamese t\u00e4iskasvanud kasside kuivtoit"},"content":{"rendered":"<h3>Royal Canin Siamese Adult - <a href=\"https:\/\/www.royalcanin.com\/lt\/tailored-nutrition\" target=\"_blank\" rel=\"noopener\">spetsiaalselt tasakaalustatud <\/a>Kuivtoit t\u00e4iskasvanud siiami kassidele alates 1 aasta vanusest. See on spetsiaalselt koostatud selleks, et aidata hoida siiami kasse vormis ja lihaseline, suurep\u00e4rase seedetraktiga ning s\u00e4ilitada terve nahk ja l\u00e4ikiv karvkate.<\/h3>\n<ul>\n<li><a href=\"https:\/\/zooprekes24.lt\/et\/kategorija\/prekes-katems\/kulatoit\/sausas-kaciu-maistas\/\" target=\"_blank\" rel=\"noopener\">Royal Canin Siamese Adult<\/a> Spetsiaalselt kujundatud pelleti kuju julgustab siiami kasse n\u00e4rima ja aeglustab toidu seedimist.<\/li>\n<li>Sisaldab rasva-, linool- ja aminohappeid, mis tugevdavad nahabarj\u00e4\u00e4ri kaitseomadusi ning toovad esile karvkatte ja selle loomuliku v\u00e4rvi.<\/li>\n<li>Luteiin, tauriin ning C- ja E-vitamiinid tagavad kassil optimaalse seedimise.<\/li>\n<li>S\u00e4ilitab lihasmassi t\u00e4nu kvaliteetsete valkude ja L-karnitiini suurenenud tarbimisele, mis kiirendavad rasva ainevahetust. <a href=\"https:\/\/www.youtube.com\/watch?v=FYwO1fiYoa8\" target=\"_blank\" rel=\"noopener\">Siami kassi siluett<\/a>.<\/li>\n<\/ul>\n<p><a ref=\"magnificPopup\" href=\"https:\/\/zooprekes24.lt\/wp-content\/uploads\/Siamese-logo.png\"><img loading=\"lazy\" decoding=\"async\" class=\"alignnone wp-image-9805\" src=\"https:\/\/zooprekes24.lt\/wp-content\/uploads\/Siamese-logo.png\" alt=\"Siamese-logo\" width=\"350\" height=\"286\" \/><\/a><\/p>","protected":false},"excerpt":{"rendered":"<p>Royal Canin Siamese Adult &#8211; specialiai subalansuotas sausas maistas suaugusioms Siamo veisl\u0117s kat\u0117ms nuo 1 met\u0173 am\u017eiaus. Pa\u0161aras sukurtas pagal speciali\u0105 formul\u0119, kuri padeda i\u0161laikyti raumening\u0105 Siamo veisl\u0117s ka\u010di\u0173 form\u0105, u\u017etikrinti puiki\u0105 vir\u0161kinamojo trakto veikl\u0105 ir i\u0161laikyti sveik\u0105 od\u0105 bei blizgant\u012f kail\u012f. Royal Canin Siamese Adult specialiai sukurtos granul\u0117s forma skatina Siamo kates kramtyti bei&#8230;<\/p>","protected":false},"featured_media":20087,"comment_status":"closed","ping_status":"closed","template":"","meta":{"_acf_changed":false,"slim_seo":{"title":"Royal Canin Siamese Adult sausas maistas kat\u0117ms - Zooprekes24","description":"Royal Canin Siamese Adult on spetsiaalselt tasakaalustatud kuivtoit t\u00e4iskasvanud siiami kassidele alates 1 aasta vanusest. Toit on spetsiaalselt koostatud"},"iawp_total_views":246},"product_brand":[],"product_cat":[72,83,25,9019,9016],"product_tag":[1671,1817,1675,1682,2146,1696],"class_list":{"0":"post-23250","1":"product","2":"type-product","3":"status-publish","4":"has-post-thumbnail","6":"product_cat-kaciu-maistas","7":"product_cat-kaciu-prekiu-gamintojai","8":"product_cat-katems","9":"product_cat-royal-canin-kaciu-prekiu-gamintojai","10":"product_cat-sausas-maistas-kaciu-maistas","11":"product_tag-begrudis-kaciu-maistas","12":"product_tag-edalas-katems","13":"product_tag-kaciu-edalas","14":"product_tag-kaciu-maistas-super-premium-klases","15":"product_tag-maistas-siamo-katems","16":"product_tag-super-premium-maistas-katems","17":"pa_pasaro-sudetis-ryziai","18":"pa_pasaro-sudetis-vistiena","19":"pa_prekiu-zenklai-royal-canin","21":"first","22":"instock","23":"sale","24":"featured","25":"taxable","26":"shipping-taxable","27":"purchasable","28":"product-type-variable"},"acf":[],"_links":{"self":[{"href":"https:\/\/zooprekes24.lt\/et\/wp-json\/wp\/v2\/product\/23250","targetHints":{"allow":["GET"]}}],"collection":[{"href":"https:\/\/zooprekes24.lt\/et\/wp-json\/wp\/v2\/product"}],"about":[{"href":"https:\/\/zooprekes24.lt\/et\/wp-json\/wp\/v2\/types\/product"}],"replies":[{"embeddable":true,"href":"https:\/\/zooprekes24.lt\/et\/wp-json\/wp\/v2\/comments?post=23250"}],"wp:featuredmedia":[{"embeddable":true,"href":"https:\/\/zooprekes24.lt\/et\/wp-json\/wp\/v2\/media\/20087"}],"wp:attachment":[{"href":"https:\/\/zooprekes24.lt\/et\/wp-json\/wp\/v2\/media?parent=23250"}],"wp:term":[{"taxonomy":"product_brand","embeddable":true,"href":"https:\/\/zooprekes24.lt\/et\/wp-json\/wp\/v2\/product_brand?post=23250"},{"taxonomy":"product_cat","embeddable":true,"href":"https:\/\/zooprekes24.lt\/et\/wp-json\/wp\/v2\/product_cat?post=23250"},{"taxonomy":"product_tag","embeddable":true,"href":"https:\/\/zooprekes24.lt\/et\/wp-json\/wp\/v2\/product_tag?post=23250"}],"curies":[{"name":"wp","href":"https:\/\/api.w.org\/{rel}","templated":true}]}}