{"id":23246,"date":"2024-04-19T13:17:46","date_gmt":"2024-04-19T10:17:46","guid":{"rendered":"https:\/\/zooprekes24.lt\/produktas\/royal-canin-maine-coon-kitten\/"},"modified":"2025-12-30T15:40:47","modified_gmt":"2025-12-30T13:40:47","slug":"royal-canin-maine-coon-kassipoeg","status":"publish","type":"product","link":"https:\/\/zooprekes24.lt\/et\/produktas\/royal-canin-maine-coon-kitten\/","title":{"rendered":"Royal Canin Maine Coon Kitten kuivtoit kassipoegadele"},"content":{"rendered":"<h3>Royal Canin Maine Coon Kitten -\u00a0<a href=\"https:\/\/www.royalcanin.com\/lt\/tailored-nutrition\" target=\"_blank\" rel=\"noopener\">spetsiaalselt tasakaalustatud <\/a>Kuivtoit kuni 1-aastastele Maine Coon kassipoegadele. Spetsiaalne koostis soodustab selle t\u00f5ugu kassipoegade korralikku luu- ja liigeste arengut ning tagab suurep\u00e4rase seedimise.<\/h3>\n<ul>\n<li><a href=\"https:\/\/zooprekes24.lt\/et\/kategorija\/prekes-katems\/kulatoit\/sausas-kaciu-maistas\/\" target=\"_blank\" rel=\"noopener\">Royal Canin Maine Coon Kitten<\/a> Koostis sisaldab optimaalset energiasisaldust, t\u00e4pseid koguseid kaltsiumi, fosforit ja D-vitamiini, mis aitavad kaasa kassipoegade luude arengule. Gl\u00fckosamiin ja kondroitiin tugevdavad liigeste funktsiooni juba varasest east alates.<\/li>\n<li>Spetsiaalselt valitud k\u00f5rgelt seeditavad valgud koos frukto-oligosahhariididega aitavad s\u00e4ilitada tasakaalustatud soolefloora.<\/li>\n<li><a href=\"https:\/\/www.youtube.com\/watch?v=FYwO1fiYoa8\" target=\"_blank\" rel=\"noopener\">Patenteeritud antioks\u00fcdantide kompleks<\/a> (E- ja C-vitamiinid, tauriin ja luteiin) tugevdavad kassipoegade loomulikku immuunsust kasvu ajal.<\/li>\n<li>Maine Coon kassipoegade l\u00f5ualuudele kohandatud spetsiaalse koostisega graanulid tagavad hea suuh\u00fcgieeni juba varases eas.<\/li>\n<\/ul>\n<p><a ref=\"magnificPopup\" href=\"https:\/\/zooprekes24.lt\/wp-content\/uploads\/Kitten-Maine-Coon-logo.png\"><img loading=\"lazy\" decoding=\"async\" class=\"alignnone wp-image-9803\" src=\"https:\/\/zooprekes24.lt\/wp-content\/uploads\/Kitten-Maine-Coon-logo.png\" alt=\"Kitten-Main-Coon-logo\" width=\"250\" height=\"319\" \/><\/a><\/p>","protected":false},"excerpt":{"rendered":"<p>Royal Canin Maine Coon Kitten &#8211;\u00a0specialiai subalansuotas sausas maistas Meino me\u0161k\u0117n\u0173 ka\u010diukams iki 1 met\u0173 am\u017eiaus. Speciali maisto formul\u0117 skatina tinkam\u0105 \u0161ios veisl\u0117s ka\u010diuk\u0173 kaul\u0173 ir s\u0105nari\u0173 vystym\u0105si bei u\u017etikrina puiki\u0105 ma\u017eyli\u0173 vir\u0161kinimo veikla. Royal Canin Maine Coon Kitten maisto formul\u0117s sud\u0117tyje optimalus energijos kiekis, tiksl\u016bs kalcio, fosforo ir vitamino D kiekiai, kurie padeda vystytis&#8230;<\/p>","protected":false},"featured_media":20085,"comment_status":"closed","ping_status":"closed","template":"","meta":{"_acf_changed":false,"slim_seo":{"title":"Royal Canin Maine Coon Kitten sausas maistas ka\u010diukams - Zooprekes24","description":"Royal Canin Maine Coon Kitten on spetsiaalselt tasakaalustatud kuivtoit kuni 1-aastastele Maine Coon kassipoegadele. Spetsiaalne koostis soodustab selle koera \u00f5iget toitumist."},"iawp_total_views":736},"product_brand":[],"product_cat":[72,83,25,9019,9016],"product_tag":[1671,3317,1675,1682,1696],"class_list":{"0":"post-23246","1":"product","2":"type-product","3":"status-publish","4":"has-post-thumbnail","6":"product_cat-kaciu-maistas","7":"product_cat-kaciu-prekiu-gamintojai","8":"product_cat-katems","9":"product_cat-royal-canin-kaciu-prekiu-gamintojai","10":"product_cat-sausas-maistas-kaciu-maistas","11":"product_tag-begrudis-kaciu-maistas","12":"product_tag-edalas-meino-meskenu-kaciukams","13":"product_tag-kaciu-edalas","14":"product_tag-kaciu-maistas-super-premium-klases","15":"product_tag-super-premium-maistas-katems","16":"pa_pasaro-sudetis-ryziai","17":"pa_pasaro-sudetis-vistiena","18":"pa_prekiu-zenklai-royal-canin","20":"first","21":"instock","22":"sale","23":"featured","24":"taxable","25":"shipping-taxable","26":"purchasable","27":"product-type-variable"},"acf":[],"_links":{"self":[{"href":"https:\/\/zooprekes24.lt\/et\/wp-json\/wp\/v2\/product\/23246","targetHints":{"allow":["GET"]}}],"collection":[{"href":"https:\/\/zooprekes24.lt\/et\/wp-json\/wp\/v2\/product"}],"about":[{"href":"https:\/\/zooprekes24.lt\/et\/wp-json\/wp\/v2\/types\/product"}],"replies":[{"embeddable":true,"href":"https:\/\/zooprekes24.lt\/et\/wp-json\/wp\/v2\/comments?post=23246"}],"wp:featuredmedia":[{"embeddable":true,"href":"https:\/\/zooprekes24.lt\/et\/wp-json\/wp\/v2\/media\/20085"}],"wp:attachment":[{"href":"https:\/\/zooprekes24.lt\/et\/wp-json\/wp\/v2\/media?parent=23246"}],"wp:term":[{"taxonomy":"product_brand","embeddable":true,"href":"https:\/\/zooprekes24.lt\/et\/wp-json\/wp\/v2\/product_brand?post=23246"},{"taxonomy":"product_cat","embeddable":true,"href":"https:\/\/zooprekes24.lt\/et\/wp-json\/wp\/v2\/product_cat?post=23246"},{"taxonomy":"product_tag","embeddable":true,"href":"https:\/\/zooprekes24.lt\/et\/wp-json\/wp\/v2\/product_tag?post=23246"}],"curies":[{"name":"wp","href":"https:\/\/api.w.org\/{rel}","templated":true}]}}