{"id":23244,"date":"2024-04-19T13:17:46","date_gmt":"2024-04-19T10:17:46","guid":{"rendered":"https:\/\/zooprekes24.lt\/produktas\/royal-canin-medium-adult-konservai\/"},"modified":"2025-07-06T17:35:13","modified_gmt":"2025-07-06T15:35:13","slug":"royal-canin-medium-taiskasvanute-konservitoit","status":"publish","type":"product","link":"https:\/\/zooprekes24.lt\/et\/produktas\/royal-canin-medium-adult-konservai\/","title":{"rendered":"Royal Canin Medium Adult konservai \u0161unims pada\u017ee"},"content":{"rendered":"<h3>Royal Canin Medium Adult -\u00a0<a href=\"https:\/\/www.royalcanin.com\/lt\/tailored-nutrition\" target=\"_blank\" rel=\"noopener\">spetsiaalselt tasakaalustatud<\/a> Niisketoit t\u00e4iskasvanud keskmise suurusega t\u00f5ugu (11-25 kg) koertele vanuses 1-10 aastat. Ainulaadne koostis tagab hea seedimise, tugevdab immuunsust ja s\u00e4ilitab optimaalse kehakaalu.<\/h3>\n<ul>\n<li>Kasulikud toitained, eikosapentaeenhape (EPA) ja dokosaheksaeenhape (DHA), tugevdavad koera s\u00fcdametegevust, tauriin parandab s\u00fcdame l\u00f6\u00f6gisagedust ja L-karnitiin annab rakkudele energiat.<\/li>\n<li><a href=\"https:\/\/www.youtube.com\/watch?v=FYwO1fiYoa8&amp;t=1s\" target=\"_blank\" rel=\"noopener\">Spetsiaalne konserveerimisvalem<\/a> aitab s\u00e4ilitada tervislikku seedes\u00fcsteemi ja soolestiku floora tasakaalu.<\/li>\n<li>Royal Canin Medium Adult m\u00e4rgtoit on rikastatud oomega-3-rasvhapetega (EPR-DHA), mis aitavad s\u00e4ilitada naha tervist.<\/li>\n<li>Suurenenud kondroitiini ja gl\u00fckoosamiini sisaldus <a href=\"https:\/\/zooprekes24.lt\/et\/toode\/canvit-chondro-maxi-500g\/\" target=\"_blank\" rel=\"noopener\">aitab hoida teie lemmiklooma liikuvana ja kaitsta liigeseid.<\/a><\/li>\n<\/ul>\n<p><img loading=\"lazy\" decoding=\"async\" class=\"alignnone wp-image-9486\" src=\"https:\/\/zooprekes24.lt\/wp-content\/uploads\/medium-adult-1.png\" alt=\"Keskmine t\u00e4iskasvanud logo\" width=\"319\" height=\"269\" \/><\/p>","protected":false},"excerpt":{"rendered":"<p>Royal Canin Medium Adult &#8211;\u00a0specialiai subalansuotas suaugusi\u0173, vidutinio dyd\u017eio veisli\u0173\u00a0 (nuo 11-25 kg) \u0161un\u0173 \u0161lapias maistas nuo 1 iki 10 met\u0173 am\u017eiaus. Unikali maisto formul\u0117 u\u017etikrina ger\u0105 augintinio vir\u0161kinamojo trakto veikl\u0105, stiprina imunitet\u0105 bei palaiko optimal\u0173 k\u016bno svor\u012f. Naudingos maistin\u0117s med\u017eiagos, eikozapentaeno (EPA) ir dokozaheksaeno (DHA) r\u016bg\u0161tys stiprina \u0161uns \u0161irdies funkcijas, taurinas gerina \u0161irdies susitraukim\u0173&#8230;<\/p>","protected":false},"featured_media":25293,"comment_status":"closed","ping_status":"closed","template":"","meta":{"_acf_changed":false,"slim_seo":{"title":"Royal Canin Medium Adult konservai \u0161unims pada\u017ee - Zooprekes24","description":"Royal Canin Medium Adult on spetsiaalselt tasakaalustatud niisketoit t\u00e4iskasvanud keskmist t\u00f5ugu (11-25 kg) koertele vanuses 1-10 aastat. Ainulaadne"},"iawp_total_views":90},"product_brand":[],"product_cat":[9012,9004,8999,29,31],"product_tag":[177,200],"class_list":{"0":"post-23244","1":"product","2":"type-product","3":"status-publish","4":"has-post-thumbnail","6":"product_cat-royal-canin","7":"product_cat-slapias-maistas","8":"product_cat-sunims","9":"product_cat-sunu-maistas","10":"product_cat-sunu-prekiu-gamintojai","11":"product_tag-edalas-sunims","12":"product_tag-super-premium-maistas-sunims","13":"pa_pasaro-sudetis-vistiena","14":"pa_prekiu-zenklai-royal-canin","15":"pa_suns-amzius-suaugusiems","16":"pa_veisles-dydis-vidutinems-veislems","18":"first","19":"instock","20":"taxable","21":"shipping-taxable","22":"purchasable","23":"product-type-variable"},"acf":[],"_links":{"self":[{"href":"https:\/\/zooprekes24.lt\/et\/wp-json\/wp\/v2\/product\/23244","targetHints":{"allow":["GET"]}}],"collection":[{"href":"https:\/\/zooprekes24.lt\/et\/wp-json\/wp\/v2\/product"}],"about":[{"href":"https:\/\/zooprekes24.lt\/et\/wp-json\/wp\/v2\/types\/product"}],"replies":[{"embeddable":true,"href":"https:\/\/zooprekes24.lt\/et\/wp-json\/wp\/v2\/comments?post=23244"}],"wp:featuredmedia":[{"embeddable":true,"href":"https:\/\/zooprekes24.lt\/et\/wp-json\/wp\/v2\/media\/25293"}],"wp:attachment":[{"href":"https:\/\/zooprekes24.lt\/et\/wp-json\/wp\/v2\/media?parent=23244"}],"wp:term":[{"taxonomy":"product_brand","embeddable":true,"href":"https:\/\/zooprekes24.lt\/et\/wp-json\/wp\/v2\/product_brand?post=23244"},{"taxonomy":"product_cat","embeddable":true,"href":"https:\/\/zooprekes24.lt\/et\/wp-json\/wp\/v2\/product_cat?post=23244"},{"taxonomy":"product_tag","embeddable":true,"href":"https:\/\/zooprekes24.lt\/et\/wp-json\/wp\/v2\/product_tag?post=23244"}],"curies":[{"name":"wp","href":"https:\/\/api.w.org\/{rel}","templated":true}]}}