{"id":23238,"date":"2024-04-19T13:17:46","date_gmt":"2024-04-19T10:17:46","guid":{"rendered":"https:\/\/zooprekes24.lt\/produktas\/royal-canin-mini-adult-konservai\/"},"modified":"2025-09-16T14:34:21","modified_gmt":"2025-09-16T12:34:21","slug":"royal-canin-mini-taiskasvanute-konservitoit","status":"publish","type":"product","link":"https:\/\/zooprekes24.lt\/et\/produktas\/royal-canin-mini-adult-konservai\/","title":{"rendered":"Royal Canin Mini t\u00e4iskasvanud koerakonservid kastmes"},"content":{"rendered":"<h3>Royal Canin Mini Adult -\u00a0<a href=\"https:\/\/www.royalcanin.com\/lt\/tailored-nutrition\" target=\"_blank\" rel=\"noopener\">spetsiaalselt tasakaalustatud<\/a> Niisketoit v\u00e4ikestele t\u00f5ugudele (kuni 10 kg) t\u00e4iskasvanud koertele alates 1-aastasest vanusest. Eriti maitsev koostis, mis vastab v\u00e4ikeste gurmaanit\u00f5ugude vajadustele.<\/h3>\n<ul>\n<li><a href=\"https:\/\/www.youtube.com\/watch?reload=9&amp;reload=9&amp;v=FYwO1fiYoa8\" target=\"_blank\" rel=\"noopener noreferrer\">Eriline konsistents m\u00e4rja toidu jaoks<\/a>Hoolikalt valitud toitained ja looduslikud maitsed tagavad, et ka k\u00f5ige n\u00f5udlikumale koerale meeldib see toit.<\/li>\n<li>V\u00e4\u00e4vlit sisaldavad aminohapped (metioniin ja ts\u00fcstiin), Omega-6-rasvhapped ja A-vitamiin konserveeritud toidus tagavad teie lemmiklooma kauni, terve ja l\u00e4ikiva karvkatte.<\/li>\n<li>Royal Canin Mini Adult konserveeritud toit <a href=\"https:\/\/zooprekes24.lt\/et\/?s=small+%C5%A1unims&amp;post_type=product&amp;product_cat=0\" target=\"_blank\" rel=\"noopener noreferrer\">aitab v\u00e4ikestel t\u00f5ugudel s\u00e4ilitada tervislikku kehakaalu<\/a>rahuldades suurep\u00e4raselt nende k\u00f5rgeid energiavajadusi.<\/li>\n<\/ul>\n<p><img loading=\"lazy\" decoding=\"async\" class=\"alignnone wp-image-28039\" src=\"https:\/\/zooprekes24.lt\/wp-content\/uploads\/3-2.jpg\" alt=\"Royal Canin Mini Adult konservtoit koertele\" width=\"350\" height=\"251\" srcset=\"https:\/\/zooprekes24.lt\/wp-content\/uploads\/3-2.jpg 689w, https:\/\/zooprekes24.lt\/wp-content\/uploads\/3-2-300x215.jpg 300w, https:\/\/zooprekes24.lt\/wp-content\/uploads\/3-2-600x430.jpg 600w, https:\/\/zooprekes24.lt\/wp-content\/uploads\/3-2-64x46.jpg 64w\" sizes=\"auto, (max-width: 350px) 100vw, 350px\" \/><\/p>","protected":false},"excerpt":{"rendered":"<p>Royal Canin Mini Adult &#8211;\u00a0specialiai subalansuotas ma\u017e\u0173 veisli\u0173 (iki 10 kg) suaugusi\u0173 \u0161un\u0173 \u0161lapias maistas nuo 1 met\u0173 am\u017eiaus. Ypatingai gardi formul\u0117 i\u0161kirtinai ma\u017e\u0173 veisli\u0173 gurman\u0173 poreikiams patenkinti. Speciali \u0161lapio maisto konsistencija, kruop\u0161\u010diai atrinktos maistin\u0117s ir nat\u016bralios kvapiosios med\u017eiagos u\u017etikrina, kad \u0117dalas patiks net i\u0161rankiausiam \u0161uniui. Konserv\u0173 sud\u0117tyje esan\u010dios sieros turin\u010dios aminor\u016bg\u0161tys (metioninas ir cistinas),&#8230;<\/p>","protected":false},"featured_media":34536,"comment_status":"closed","ping_status":"closed","template":"","meta":{"_acf_changed":false,"slim_seo":{"title":"Royal Canin Mini Adult konservai \u0161unims pada\u017ee - Zooprekes24","description":"Royal Canin Mini Adult on spetsiaalselt tasakaalustatud niisketoit v\u00e4ikestele t\u00f5ugu (kuni 10 kg) t\u00e4iskasvanud koertele alates 1-aastasest vanusest. V\u00e4ga maitsvat koostisainet iseloomustab"},"iawp_total_views":490},"product_brand":[],"product_cat":[9012,9004,8999,29,31],"product_tag":[177,200],"class_list":{"0":"post-23238","1":"product","2":"type-product","3":"status-publish","4":"has-post-thumbnail","6":"product_cat-royal-canin","7":"product_cat-slapias-maistas","8":"product_cat-sunims","9":"product_cat-sunu-maistas","10":"product_cat-sunu-prekiu-gamintojai","11":"product_tag-edalas-sunims","12":"product_tag-super-premium-maistas-sunims","13":"pa_pasaro-sudetis-vistiena","14":"pa_prekiu-zenklai-royal-canin","15":"pa_suns-amzius-suaugusiems","16":"pa_veisles-dydis-mazoms-veislems","18":"first","19":"instock","20":"featured","21":"taxable","22":"shipping-taxable","23":"purchasable","24":"product-type-variable"},"acf":[],"_links":{"self":[{"href":"https:\/\/zooprekes24.lt\/et\/wp-json\/wp\/v2\/product\/23238","targetHints":{"allow":["GET"]}}],"collection":[{"href":"https:\/\/zooprekes24.lt\/et\/wp-json\/wp\/v2\/product"}],"about":[{"href":"https:\/\/zooprekes24.lt\/et\/wp-json\/wp\/v2\/types\/product"}],"replies":[{"embeddable":true,"href":"https:\/\/zooprekes24.lt\/et\/wp-json\/wp\/v2\/comments?post=23238"}],"wp:featuredmedia":[{"embeddable":true,"href":"https:\/\/zooprekes24.lt\/et\/wp-json\/wp\/v2\/media\/34536"}],"wp:attachment":[{"href":"https:\/\/zooprekes24.lt\/et\/wp-json\/wp\/v2\/media?parent=23238"}],"wp:term":[{"taxonomy":"product_brand","embeddable":true,"href":"https:\/\/zooprekes24.lt\/et\/wp-json\/wp\/v2\/product_brand?post=23238"},{"taxonomy":"product_cat","embeddable":true,"href":"https:\/\/zooprekes24.lt\/et\/wp-json\/wp\/v2\/product_cat?post=23238"},{"taxonomy":"product_tag","embeddable":true,"href":"https:\/\/zooprekes24.lt\/et\/wp-json\/wp\/v2\/product_tag?post=23238"}],"curies":[{"name":"wp","href":"https:\/\/api.w.org\/{rel}","templated":true}]}}