{"id":23234,"date":"2024-04-19T13:17:46","date_gmt":"2024-04-19T10:17:46","guid":{"rendered":"https:\/\/zooprekes24.lt\/produktas\/royal-canin-mini-puppy-konservai\/"},"modified":"2025-07-06T18:11:21","modified_gmt":"2025-07-06T16:11:21","slug":"royal-canin-mini-puppy-konserveeritud","status":"publish","type":"product","link":"https:\/\/zooprekes24.lt\/et\/produktas\/royal-canin-mini-puppy-konservai\/","title":{"rendered":"Royal Canin Mini Puppy konservai \u0161uniukams pada\u017ee"},"content":{"rendered":"<h3>Royal Canin Mini Puppy -\u00a0<a href=\"https:\/\/www.royalcanin.com\/lt\/tailored-nutrition\" target=\"_blank\" rel=\"noopener\">spetsiaalselt tasakaalustatud<\/a> m\u00e4rgtoit v\u00e4ikest t\u00f5ugu kutsikatele (t\u00e4iskasvanud kaal kuni 10 kg) kuni 10 kuu vanuseni. Tugevdab kutsika loomulikku kaitsev\u00f5imet, tagab harmoonilise kasvu ja ennetab hambakivi teket.<\/h3>\n<ul>\n<li><a href=\"https:\/\/www.royalcanin.com\/lt\/about-us\/quality-and-food-safety\" target=\"_blank\" rel=\"noopener noreferrer\">Antioks\u00fcdantide kompleks<\/a> ja mannan-oligosahhariidid tugevdavad kutsikate loomulikku kaitsev\u00f5imet.<\/li>\n<li>Kohandatud energiasisaldus ja k\u00f5rge valgusisaldus tagavad harmoonilise kasvu.<\/li>\n<li>Sobib neile, kellel on tundlik seedes\u00fcsteem. <a href=\"https:\/\/zooprekes24.lt\/et\/?s=%C5%A1uniukams&amp;post_type=product&amp;product_cat=0\" target=\"_blank\" rel=\"noopener noreferrer\">kutsikate jaoks<\/a>.<\/li>\n<li>Royal Canin Mini Puppy konservtoit rahuldab ka k\u00f5ige n\u00f5udlikumate koerte isu.<\/li>\n<li><a href=\"https:\/\/www.youtube.com\/watch?reload=9&amp;reload=9&amp;v=FYwO1fiYoa8\" target=\"_blank\" rel=\"noopener noreferrer\">Eksklusiivne toitainete kombinatsioon<\/a> tagab hea seedimistegevuse (L.I.P. valgud) ja s\u00e4ilitab soolefloora tasakaalu (prebiootikumid), parandades seega v\u00e4ljaheite kvaliteeti.<\/li>\n<li>Suur energiavajadus vegetatsiooniperioodil on rahuldatud.<\/li>\n<\/ul>\n<p><img loading=\"lazy\" decoding=\"async\" class=\"\" src=\"https:\/\/zooprekes24.lt\/wp-content\/uploads\/dachsund-puppy-start-of-life-emblematic-12.jpeg\" width=\"350\" height=\"193\" \/><\/p>","protected":false},"excerpt":{"rendered":"<p>Royal Canin Mini Puppy &#8211;\u00a0specialiai subalansuotas ma\u017e\u0173 veisli\u0173 \u0161uniuk\u0173 (suaugusi\u0173 svoris iki 10 kg) \u0161lapias maistas iki 10 m\u0117nesi\u0173 am\u017eiaus. Stiprina nat\u016brali\u0105 \u0161uniuko organizmo apsaug\u0105, u\u017etikrina harmoning\u0105 augim\u0105 bei stabdo dant\u0173 akmen\u0173 formavim\u0105si. Antioksidant\u0173 kompleksas ir manano-oligosacharidai stiprina nat\u016brali\u0105 \u0161uniuk\u0173 organizmo apsaug\u0105. Adaptuotas energijos kiekis ir didelis baltym\u0173 kiekis\u00a0u\u017etikrina harmoning\u0105 augim\u0105. Tinka jautri\u0105 vir\u0161kinimo sistem\u0105&#8230;<\/p>","protected":false},"featured_media":20078,"comment_status":"closed","ping_status":"closed","template":"","meta":{"_acf_changed":false,"slim_seo":{"title":"Royal Canin Mini Puppy konservai \u0161uniukams pada\u017ee - Zooprekes24","description":"Royal Canin Mini Puppy -\u00a0 specialiai subalansuotas ma\u017e\u0173 veisli\u0173 \u0161uniuk\u0173 (suaugusi\u0173 svoris iki 10 kg) \u0161lapias maistas iki 10 m\u0117nesi\u0173 am\u017eiaus. Stiprina nat\u016brali\u0105"},"iawp_total_views":372},"product_brand":[],"product_cat":[9012,9004,8999,29,31],"product_tag":[177,200],"class_list":{"0":"post-23234","1":"product","2":"type-product","3":"status-publish","4":"has-post-thumbnail","6":"product_cat-royal-canin","7":"product_cat-slapias-maistas","8":"product_cat-sunims","9":"product_cat-sunu-maistas","10":"product_cat-sunu-prekiu-gamintojai","11":"product_tag-edalas-sunims","12":"product_tag-super-premium-maistas-sunims","13":"pa_pasaro-sudetis-vistiena","14":"pa_prekiu-zenklai-royal-canin","15":"pa_suns-amzius-jauniems","16":"pa_veisles-dydis-mazoms-veislems","18":"first","19":"instock","20":"featured","21":"taxable","22":"shipping-taxable","23":"purchasable","24":"product-type-variable"},"acf":[],"_links":{"self":[{"href":"https:\/\/zooprekes24.lt\/et\/wp-json\/wp\/v2\/product\/23234","targetHints":{"allow":["GET"]}}],"collection":[{"href":"https:\/\/zooprekes24.lt\/et\/wp-json\/wp\/v2\/product"}],"about":[{"href":"https:\/\/zooprekes24.lt\/et\/wp-json\/wp\/v2\/types\/product"}],"replies":[{"embeddable":true,"href":"https:\/\/zooprekes24.lt\/et\/wp-json\/wp\/v2\/comments?post=23234"}],"wp:featuredmedia":[{"embeddable":true,"href":"https:\/\/zooprekes24.lt\/et\/wp-json\/wp\/v2\/media\/20078"}],"wp:attachment":[{"href":"https:\/\/zooprekes24.lt\/et\/wp-json\/wp\/v2\/media?parent=23234"}],"wp:term":[{"taxonomy":"product_brand","embeddable":true,"href":"https:\/\/zooprekes24.lt\/et\/wp-json\/wp\/v2\/product_brand?post=23234"},{"taxonomy":"product_cat","embeddable":true,"href":"https:\/\/zooprekes24.lt\/et\/wp-json\/wp\/v2\/product_cat?post=23234"},{"taxonomy":"product_tag","embeddable":true,"href":"https:\/\/zooprekes24.lt\/et\/wp-json\/wp\/v2\/product_tag?post=23234"}],"curies":[{"name":"wp","href":"https:\/\/api.w.org\/{rel}","templated":true}]}}