{"id":23233,"date":"2024-04-19T13:17:06","date_gmt":"2024-04-19T10:17:06","guid":{"rendered":"https:\/\/zooprekes24.lt\/produktas\/royal-canin-starter-mousse\/"},"modified":"2025-07-06T18:13:07","modified_gmt":"2025-07-06T16:13:07","slug":"royal-canin-starter-mousse","status":"publish","type":"product","link":"https:\/\/zooprekes24.lt\/et\/produktas\/royal-canin-starter-mousse\/","title":{"rendered":"Royal Canin Starter Mousse kutsikatele"},"content":{"rendered":"<h3>Royal Canin Starter Mousse - <a href=\"https:\/\/www.royalcanin.com\/lt\/tailored-nutrition\" target=\"_blank\" rel=\"noopener\">spetsiaalselt tasakaalustatud<\/a> M\u00e4rg toit tiinetele ja imetavatele emastele ning 4-8 n\u00e4dala vanustele kutsikatele. Spetsiaalselt toodetud \u00fclipehme tekstuuriga mousse meeldib ka k\u00f5ige n\u00f5udlikumatele kutsikatele.<\/h3>\n<ul>\n<li>Royal Canin Starter Mousse sisaldab rinnapiimas leiduvate toitainete spetsiaalset kombinatsiooni, mida on t\u00e4iendatud spetsiaalsete toitainetega. <a href=\"https:\/\/zooprekes24.lt\/et\/?s=puppy&amp;post_type=product\" target=\"_blank\" rel=\"noopener\">tagab kutsikatele optimaalse seedetrakti toimimise.<\/a> ja tugevdab keha loomulikku kaitset.<\/li>\n<li><a href=\"https:\/\/www.youtube.com\/watch?v=FYwO1fiYoa8&amp;t=1s\" target=\"_blank\" rel=\"noopener\">Ainulaadne toidu koostis<\/a> kohandatud emasloomade k\u00f5rgele energiavajadusele tiinuse ja imetamise ajal.<\/li>\n<li>Toidu k\u00f5rge energiasisaldus, kvaliteetne valk ja rasv aitavad kutsikatel \u00fcleminekul rinnapiimalt tahkele toidule.<\/li>\n<\/ul>\n<p><img loading=\"lazy\" decoding=\"async\" class=\"wp-image-9452\" src=\"https:\/\/zooprekes24.lt\/wp-content\/uploads\/mini-starter.png\" alt=\"Mini starter logo\" width=\"280\" height=\"251\" \/><\/p>","protected":false},"excerpt":{"rendered":"<p>Royal Canin Starter Mousse &#8211; specialiai subalansuotas \u0161lapias maistas n\u0117\u0161\u010dioms ir \u017eindan\u010dioms kal\u0117ms, bei \u0161uniukams nuo 4 iki 8 savai\u010di\u0173 am\u017eiaus. Ypatingos gamybos ypa\u010d\u00a0\u0161velnios tekst\u016bros put\u0117siai\u00a0patiks net i\u0161rankiausiems ma\u017eyliams. Royal Canin Starter Mousse maisto sud\u0117tyje esantis ypatingas maistini\u0173 element\u0173, esan\u010di\u0173 motinos piene, derinys, pagerintas specifin\u0117mis maistin\u0117mis med\u017eiagomis r\u016bpinasi optimalia \u0161uniuk\u0173 vir\u0161kinimo veikla ir stiprina nat\u016brali\u0105&#8230;<\/p>","protected":false},"featured_media":20076,"comment_status":"closed","ping_status":"closed","template":"","meta":{"_acf_changed":false,"slim_seo":{"title":"Royal Canin Starter Mousse put\u0117siai \u0161uniukams - Zooprekes24","description":"Royal Canin Starter Mousse on spetsiaalselt tasakaalustatud m\u00e4rgtoit tiinetele ja lakteerivatele emasloomadele ning 4-8 n\u00e4dala vanustele kutsikatele. Spetsiaalne valik"},"iawp_total_views":158},"product_brand":[],"product_cat":[9012,9004,8999,29,31],"product_tag":[177,200],"class_list":{"0":"post-23233","1":"product","2":"type-product","3":"status-publish","4":"has-post-thumbnail","6":"product_cat-royal-canin","7":"product_cat-slapias-maistas","8":"product_cat-sunims","9":"product_cat-sunu-maistas","10":"product_cat-sunu-prekiu-gamintojai","11":"product_tag-edalas-sunims","12":"product_tag-super-premium-maistas-sunims","13":"pa_prekiu-zenklai-royal-canin","14":"pa_suns-amzius-jauniems","15":"pa_veisles-dydis-didelems-veislems","16":"pa_veisles-dydis-mazoms-veislems","17":"pa_veisles-dydis-vidutinems-veislems","18":"pa_veisles-dydis-visu-dydziu-veislems","20":"first","21":"instock","22":"taxable","23":"shipping-taxable","24":"purchasable","25":"product-type-variable"},"acf":[],"_links":{"self":[{"href":"https:\/\/zooprekes24.lt\/et\/wp-json\/wp\/v2\/product\/23233","targetHints":{"allow":["GET"]}}],"collection":[{"href":"https:\/\/zooprekes24.lt\/et\/wp-json\/wp\/v2\/product"}],"about":[{"href":"https:\/\/zooprekes24.lt\/et\/wp-json\/wp\/v2\/types\/product"}],"replies":[{"embeddable":true,"href":"https:\/\/zooprekes24.lt\/et\/wp-json\/wp\/v2\/comments?post=23233"}],"wp:featuredmedia":[{"embeddable":true,"href":"https:\/\/zooprekes24.lt\/et\/wp-json\/wp\/v2\/media\/20076"}],"wp:attachment":[{"href":"https:\/\/zooprekes24.lt\/et\/wp-json\/wp\/v2\/media?parent=23233"}],"wp:term":[{"taxonomy":"product_brand","embeddable":true,"href":"https:\/\/zooprekes24.lt\/et\/wp-json\/wp\/v2\/product_brand?post=23233"},{"taxonomy":"product_cat","embeddable":true,"href":"https:\/\/zooprekes24.lt\/et\/wp-json\/wp\/v2\/product_cat?post=23233"},{"taxonomy":"product_tag","embeddable":true,"href":"https:\/\/zooprekes24.lt\/et\/wp-json\/wp\/v2\/product_tag?post=23233"}],"curies":[{"name":"wp","href":"https:\/\/api.w.org\/{rel}","templated":true}]}}