{"id":23229,"date":"2024-04-19T13:17:06","date_gmt":"2024-04-19T10:17:06","guid":{"rendered":"https:\/\/zooprekes24.lt\/produktas\/royal-canin-relax-care-konservai-sunims\/"},"modified":"2025-07-07T12:37:48","modified_gmt":"2025-07-07T10:37:48","slug":"royal-canin-relax-care-konservai-sunims","status":"publish","type":"product","link":"https:\/\/zooprekes24.lt\/et\/produktas\/royal-canin-relax-care-konservai-sunims\/","title":{"rendered":"Royal Canin Relax Care konservtoit koertele"},"content":{"rendered":"<h3>Royal Canin Relax Care &#8211; <a href=\"https:\/\/www.royalcanin.com\/lt\/tailored-nutrition\" target=\"_blank\" rel=\"noopener\">spetsiaalselt tasakaalustatud<\/a> M\u00e4rg toit t\u00e4iskasvanud koertele alates 10 kuu vanusest. Kohandatud stressis, muutuvas keskkonnas v\u00f5i tundmatus olukorras olevate koerte vajadustele.<\/h3>\n<ul>\n<li><a href=\"https:\/\/www.youtube.com\/watch?v=FYwO1fiYoa8&amp;t=1s\" target=\"_blank\" rel=\"noopener\">Ainulaadne toidu koostis<\/a> spetsiifiliste toitainetega, tagab, et teie koer tunneb end pingelises ja muutuvas keskkonnas l\u00f5dvestunult.<\/li>\n<li>Royal Canin Relax Care m\u00e4rgtoit sisaldab aktiivseid koostisosi, mis rahustavad teie koera reaktsiooni h\u00e4irivatele muutustele.<\/li>\n<li>Arvestades lemmiklooma istuvamat eluviisi kodus, kiirendab toidus sisalduv L-karnitiin lemmiklooma rasvade ainevahetust ja aitab ennetada rasvumisprobleeme. Saavutage optimaalsed tulemused, kui s\u00f6\u00f6date m\u00e4rja konservitoitu koos kuivtoiduga. <a href=\"https:\/\/zooprekes24.lt\/et\/toode\/royal-canin-medium-relax-care\/\" target=\"_blank\" rel=\"noopener\">Relax Care<\/a> toiduliinid.<\/li>\n<li>Sobib igas suuruses koertele alates 10 kuu vanusest.<\/li>\n<\/ul>\n<p><img loading=\"lazy\" decoding=\"async\" class=\"wp-image-9704\" src=\"https:\/\/zooprekes24.lt\/wp-content\/uploads\/relaxas.png\" alt=\"Royal Canin Mini Relax Care\" width=\"302\" height=\"411\" \/><\/p>","protected":false},"excerpt":{"rendered":"<p>Royal Canin Relax Care &#8211; specialiai subalansuotas suaugusi\u0173 \u0161un\u0173 \u0161lapias maistas nuo 10 m\u0117nesi\u0173 am\u017eiaus. Pritaikytas stres\u0105 patirian\u010di\u0173, besikei\u010dian\u010dioje aplinkoje ar nepa\u017e\u012fstamose situacijose, \u0161un\u0173 poreikiams. Unikali maisto formul\u0117 su specifin\u0117mis maistin\u0117mis med\u017eiagomis, u\u017etikrina, jog J\u016bs\u0173 \u0161uo gal\u0117t\u0173 jaustis atsipalaidav\u0119s intensyvioje ir kintan\u010dioje aplinkoje. Royal Canin Relax Care \u0161lapio maisto sud\u0117tyje yra aktyvi\u0173 ingredient\u0173, kurie ramina&#8230;<\/p>","protected":false},"featured_media":20072,"comment_status":"closed","ping_status":"closed","template":"","meta":{"_acf_changed":false,"slim_seo":{"title":"Royal Canin Relax Care konservai \u0161unims - Zooprekes24","description":"Royal Canin Relax Care - specialiai subalansuotas suaugusi\u0173 \u0161un\u0173 \u0161lapias maistas nuo 10 m\u0117nesi\u0173 am\u017eiaus. Pritaikytas stres\u0105 patirian\u010di\u0173, besikei\u010dian\u010dioje aplink"},"iawp_total_views":67},"product_brand":[],"product_cat":[9012,9004,8999,29,31],"product_tag":[177,200],"class_list":{"0":"post-23229","1":"product","2":"type-product","3":"status-publish","4":"has-post-thumbnail","6":"product_cat-royal-canin","7":"product_cat-slapias-maistas","8":"product_cat-sunims","9":"product_cat-sunu-maistas","10":"product_cat-sunu-prekiu-gamintojai","11":"product_tag-edalas-sunims","12":"product_tag-super-premium-maistas-sunims","13":"pa_pasaro-sudetis-darzoves","14":"pa_pasaro-sudetis-vistiena","15":"pa_prekiu-zenklai-royal-canin","16":"pa_suns-amzius-suaugusiems","17":"pa_veisles-dydis-didelems-veislems","18":"pa_veisles-dydis-mazoms-veislems","19":"pa_veisles-dydis-vidutinems-veislems","20":"pa_veisles-dydis-visu-dydziu-veislems","22":"first","23":"instock","24":"taxable","25":"shipping-taxable","26":"purchasable","27":"product-type-variable"},"acf":[],"_links":{"self":[{"href":"https:\/\/zooprekes24.lt\/et\/wp-json\/wp\/v2\/product\/23229","targetHints":{"allow":["GET"]}}],"collection":[{"href":"https:\/\/zooprekes24.lt\/et\/wp-json\/wp\/v2\/product"}],"about":[{"href":"https:\/\/zooprekes24.lt\/et\/wp-json\/wp\/v2\/types\/product"}],"replies":[{"embeddable":true,"href":"https:\/\/zooprekes24.lt\/et\/wp-json\/wp\/v2\/comments?post=23229"}],"wp:featuredmedia":[{"embeddable":true,"href":"https:\/\/zooprekes24.lt\/et\/wp-json\/wp\/v2\/media\/20072"}],"wp:attachment":[{"href":"https:\/\/zooprekes24.lt\/et\/wp-json\/wp\/v2\/media?parent=23229"}],"wp:term":[{"taxonomy":"product_brand","embeddable":true,"href":"https:\/\/zooprekes24.lt\/et\/wp-json\/wp\/v2\/product_brand?post=23229"},{"taxonomy":"product_cat","embeddable":true,"href":"https:\/\/zooprekes24.lt\/et\/wp-json\/wp\/v2\/product_cat?post=23229"},{"taxonomy":"product_tag","embeddable":true,"href":"https:\/\/zooprekes24.lt\/et\/wp-json\/wp\/v2\/product_tag?post=23229"}],"curies":[{"name":"wp","href":"https:\/\/api.w.org\/{rel}","templated":true}]}}