{"id":23227,"date":"2024-04-19T13:17:06","date_gmt":"2024-04-19T10:17:06","guid":{"rendered":"https:\/\/zooprekes24.lt\/produktas\/royal-canin-dermacomfort-konservai-sunims\/"},"modified":"2025-07-07T12:47:48","modified_gmt":"2025-07-07T10:47:48","slug":"royal-canin-dermacomfort-konservai-sunims","status":"publish","type":"product","link":"https:\/\/zooprekes24.lt\/et\/produktas\/royal-canin-dermacomfort-konservai-sunims\/","title":{"rendered":"Royal Canin Dermacomfort konservtoit koertele"},"content":{"rendered":"<h3>Royal Canin Dermacomfort &#8211; <a href=\"https:\/\/www.royalcanin.com\/lt\/tailored-nutrition\" target=\"_blank\" rel=\"noopener\">spetsiaalselt tasakaalustatud<\/a> M\u00e4rg toit t\u00e4iskasvanud koertele alates 10 kuu vanusest. Sobib tundlikele koertele, kelle nahk kipub \u00e4rrituma ja s\u00fcgelema.<\/h3>\n<ul>\n<li>Royal Canin Dermacomfort sukurtas pagal speciali\u0105 formul\u0119 &#8211; su apribotu baltym\u0173 kiekiu, kurie gali b\u016bti vieni i\u0161 pagrindini\u0173 alergijos prie\u017ea\u0161\u010di\u0173.<\/li>\n<li><a href=\"https:\/\/www.youtube.com\/watch?v=FYwO1fiYoa8&amp;t=9s\" target=\"_blank\" rel=\"noopener\">Spetsiaalne valem<\/a> tugevdab koera kaitsva nahabarj\u00e4\u00e4ri t\u00f5husust.<\/li>\n<li>Spetsiaalselt koostatud m\u00e4rgtoit aitab v\u00f5idelda kergemate nahap\u00f5letike vastu.<\/li>\n<li>M\u00e4rgatavalt s<a href=\"https:\/\/zooprekes24.lt\/et\/?s=aliejus&amp;post_type=product\" target=\"_blank\" rel=\"noopener\">leevendab lemmiklooma naha\u00e4rritusi<\/a> ja s\u00fcgelus.<\/li>\n<li>Sobib igas suuruses koertele alates 10 kuu vanusest.<\/li>\n<\/ul>\n<p><img loading=\"lazy\" decoding=\"async\" class=\"wp-image-9633\" src=\"https:\/\/zooprekes24.lt\/wp-content\/uploads\/mini-dermo-2.png\" alt=\"Mini dermocomfort logo\" width=\"270\" height=\"298\" \/><\/p>","protected":false},"excerpt":{"rendered":"<p>Royal Canin Dermacomfort &#8211; specialiai subalansuotas suaugusi\u0173 \u0161un\u0173 \u0161lapias maistas nuo 10 m\u0117nesi\u0173 am\u017eiaus. Pritaikytas jautriems \u0161unims kuri\u0173 oda linkusi sudirgti ir nie\u017e\u0117ti. Royal Canin Dermacomfort sukurtas pagal speciali\u0105 formul\u0119 &#8211; su apribotu baltym\u0173 kiekiu, kurie gali b\u016bti vieni i\u0161 pagrindini\u0173 alergijos prie\u017ea\u0161\u010di\u0173. Ypatinga formul\u0117 stiprina apsauginio \u0161uns odos barjero veiksmingum\u0105. Specialiai sukurtas \u0161lapias maistas&#8230;<\/p>","protected":false},"featured_media":20070,"comment_status":"closed","ping_status":"closed","template":"","meta":{"_acf_changed":false,"slim_seo":{"title":"Royal Canin Dermacomfort konservai \u0161unims - Zooprekes24","description":"Royal Canin Dermacomfort - specialiai subalansuotas suaugusi\u0173 \u0161un\u0173 \u0161lapias maistas nuo 10 m\u0117nesi\u0173 am\u017eiaus. Pritaikytas jautriems \u0161unims kuri\u0173 oda linkusi sudirg"},"iawp_total_views":69},"product_brand":[],"product_cat":[9012,9004,8999,29,31],"product_tag":[177,260,200],"class_list":{"0":"post-23227","1":"product","2":"type-product","3":"status-publish","4":"has-post-thumbnail","6":"product_cat-royal-canin","7":"product_cat-slapias-maistas","8":"product_cat-sunims","9":"product_cat-sunu-maistas","10":"product_cat-sunu-prekiu-gamintojai","11":"product_tag-edalas-sunims","12":"product_tag-maistas-alergiskiems-sunims","13":"product_tag-super-premium-maistas-sunims","14":"pa_pasaro-sudetis-vistiena","15":"pa_prekiu-zenklai-royal-canin","16":"pa_suns-amzius-suaugusiems","17":"pa_veisles-dydis-vidutinems-veislems","19":"first","20":"instock","21":"taxable","22":"shipping-taxable","23":"purchasable","24":"product-type-variable"},"acf":[],"_links":{"self":[{"href":"https:\/\/zooprekes24.lt\/et\/wp-json\/wp\/v2\/product\/23227","targetHints":{"allow":["GET"]}}],"collection":[{"href":"https:\/\/zooprekes24.lt\/et\/wp-json\/wp\/v2\/product"}],"about":[{"href":"https:\/\/zooprekes24.lt\/et\/wp-json\/wp\/v2\/types\/product"}],"replies":[{"embeddable":true,"href":"https:\/\/zooprekes24.lt\/et\/wp-json\/wp\/v2\/comments?post=23227"}],"wp:featuredmedia":[{"embeddable":true,"href":"https:\/\/zooprekes24.lt\/et\/wp-json\/wp\/v2\/media\/20070"}],"wp:attachment":[{"href":"https:\/\/zooprekes24.lt\/et\/wp-json\/wp\/v2\/media?parent=23227"}],"wp:term":[{"taxonomy":"product_brand","embeddable":true,"href":"https:\/\/zooprekes24.lt\/et\/wp-json\/wp\/v2\/product_brand?post=23227"},{"taxonomy":"product_cat","embeddable":true,"href":"https:\/\/zooprekes24.lt\/et\/wp-json\/wp\/v2\/product_cat?post=23227"},{"taxonomy":"product_tag","embeddable":true,"href":"https:\/\/zooprekes24.lt\/et\/wp-json\/wp\/v2\/product_tag?post=23227"}],"curies":[{"name":"wp","href":"https:\/\/api.w.org\/{rel}","templated":true}]}}