{"id":23225,"date":"2024-04-19T13:17:06","date_gmt":"2024-04-19T10:17:06","guid":{"rendered":"https:\/\/zooprekes24.lt\/produktas\/royal-canin-digestive-konservai-sunims\/"},"modified":"2025-07-07T12:51:03","modified_gmt":"2025-07-07T10:51:03","slug":"royal-canin-digestive-konserveeritud-toit-koertele","status":"publish","type":"product","link":"https:\/\/zooprekes24.lt\/et\/produktas\/royal-canin-digestive-konservai-sunims\/","title":{"rendered":"Royal Canin Digestive Care konserveeritud toit koertele"},"content":{"rendered":"<h3>Royal Canin Digestive Care - <a href=\"https:\/\/www.royalcanin.com\/lt\/tailored-nutrition\" target=\"_blank\" rel=\"noopener\">spetsiaalselt tasakaalustatud<\/a> M\u00e4rg toit t\u00e4iskasvanud koertele alates 10 kuu vanusest. Sobib tundliku seedes\u00fcsteemiga koertele.<\/h3>\n<ul>\n<li>Royal Canin Digestive Care'i spetsiaalne m\u00e4rgtoidu koostis ja hoolikalt valitud eksklusiivsed koostisosad rahuldavad isegi k\u00f5ige n\u00f5udlikumate koerat\u00f5ugude isu.<\/li>\n<li><a href=\"https:\/\/www.youtube.com\/watch?v=sQlv9iWVY1Y\" target=\"_blank\" rel=\"noopener\">Erakordne toitainete kombinatsioon<\/a> tagab hea seedefunktsiooni (LIP-valgud) ja s\u00e4ilitab soolefloora tasakaalu.<\/li>\n<li>T\u00e4ielik m\u00e4rgtoit on suurep\u00e4rane t\u00e4iendus kuivtoidule. Niiske ja m\u00e4rgtoidu segamine <a href=\"https:\/\/zooprekes24.lt\/et\/toode\/royal-canin-mini-digestive-care\/\" target=\"_blank\" rel=\"noopener\">Digestive Care kuivtoit<\/a> saate saavutada optimaalseid tulemusi.<\/li>\n<li>Sobib igas suuruses koertele alates 10 kuu vanusest.<\/li>\n<\/ul>\n<p><img loading=\"lazy\" decoding=\"async\" class=\"alignnone wp-image-9642\" src=\"https:\/\/zooprekes24.lt\/wp-content\/uploads\/medium-digest.png\" alt=\"Keskmise digestiivi logo\" width=\"260\" height=\"386\" \/><\/p>","protected":false},"excerpt":{"rendered":"<p>Royal Canin Digestive Care &#8211; specialiai subalansuotas suaugusi\u0173 \u0161un\u0173 \u0161lapias maistas nuo 10 m\u0117nesi\u0173 am\u017eiaus. Pritaikytas \u0161unims turintiems jautri\u0105 vir\u0161kinimo sistem\u0105. Royal Canin Digestive Care speciali \u0161lapio maisto sud\u0117tis ir kruop\u0161\u010diai atrinktos i\u0161skirtin\u0117s med\u017eiagos patenkina net i\u0161rankiausi\u0173 veisli\u0173 \u0161un\u0173 apetit\u0105. I\u0161skirtinis maistini\u0173 med\u017eiag\u0173 derinys u\u017etikrina ger\u0105 vir\u0161kinimo veikl\u0105 (LIP baltymai) ir palaiko \u017earnyno floros pusiausvyr\u0105&#8230;.<\/p>","protected":false},"featured_media":20068,"comment_status":"closed","ping_status":"closed","template":"","meta":{"_acf_changed":false,"slim_seo":{"title":"Royal Canin Digestive Care konservai \u0161unims - Zooprekes24","description":"Royal Canin Digestive Care on spetsiaalselt tasakaalustatud m\u00e4rgtoit t\u00e4iskasvanud koertele alates 10 kuu vanusest. Tundliku seedetraktiga koertele"},"iawp_total_views":169},"product_brand":[],"product_cat":[9012,9004,8999,29,31],"product_tag":[177,200],"class_list":{"0":"post-23225","1":"product","2":"type-product","3":"status-publish","4":"has-post-thumbnail","6":"product_cat-royal-canin","7":"product_cat-slapias-maistas","8":"product_cat-sunims","9":"product_cat-sunu-maistas","10":"product_cat-sunu-prekiu-gamintojai","11":"product_tag-edalas-sunims","12":"product_tag-super-premium-maistas-sunims","13":"pa_pasaro-sudetis-vistiena","14":"pa_prekiu-zenklai-royal-canin","15":"pa_suns-amzius-suaugusiems","16":"pa_veisles-dydis-didelems-veislems","17":"pa_veisles-dydis-mazoms-veislems","18":"pa_veisles-dydis-vidutinems-veislems","19":"pa_veisles-dydis-visu-dydziu-veislems","21":"first","22":"instock","23":"taxable","24":"shipping-taxable","25":"purchasable","26":"product-type-variable"},"acf":[],"_links":{"self":[{"href":"https:\/\/zooprekes24.lt\/et\/wp-json\/wp\/v2\/product\/23225","targetHints":{"allow":["GET"]}}],"collection":[{"href":"https:\/\/zooprekes24.lt\/et\/wp-json\/wp\/v2\/product"}],"about":[{"href":"https:\/\/zooprekes24.lt\/et\/wp-json\/wp\/v2\/types\/product"}],"replies":[{"embeddable":true,"href":"https:\/\/zooprekes24.lt\/et\/wp-json\/wp\/v2\/comments?post=23225"}],"wp:featuredmedia":[{"embeddable":true,"href":"https:\/\/zooprekes24.lt\/et\/wp-json\/wp\/v2\/media\/20068"}],"wp:attachment":[{"href":"https:\/\/zooprekes24.lt\/et\/wp-json\/wp\/v2\/media?parent=23225"}],"wp:term":[{"taxonomy":"product_brand","embeddable":true,"href":"https:\/\/zooprekes24.lt\/et\/wp-json\/wp\/v2\/product_brand?post=23225"},{"taxonomy":"product_cat","embeddable":true,"href":"https:\/\/zooprekes24.lt\/et\/wp-json\/wp\/v2\/product_cat?post=23225"},{"taxonomy":"product_tag","embeddable":true,"href":"https:\/\/zooprekes24.lt\/et\/wp-json\/wp\/v2\/product_tag?post=23225"}],"curies":[{"name":"wp","href":"https:\/\/api.w.org\/{rel}","templated":true}]}}