{"id":23204,"date":"2024-04-19T13:16:54","date_gmt":"2024-04-19T10:16:54","guid":{"rendered":"https:\/\/zooprekes24.lt\/produktas\/royal-canin-medium-dermacomfort\/"},"modified":"2025-07-10T09:32:16","modified_gmt":"2025-07-10T07:32:16","slug":"royal-canin-medium-dermacomfort","status":"publish","type":"product","link":"https:\/\/zooprekes24.lt\/et\/produktas\/royal-canin-medium-dermacomfort\/","title":{"rendered":"Royal Canin Medium Dermacomfort kuivtoit koertele"},"content":{"rendered":"<h3>Royal Canin Medium Dermacomfort &#8211; <a href=\"https:\/\/www.royalcanin.com\/lt\/tailored-nutrition\" target=\"_blank\" rel=\"noopener\">spetsiaalselt tasakaalustatud<\/a> Kuivtoit t\u00e4iskasvanud keskmise suurusega t\u00f5ugu koertele (11-25 kg) alates 1-aastasest vanusest. Sobib tundlikele koertele, kelle nahk kipub \u00e4rrituma ja s\u00fcgelema.<\/h3>\n<ul>\n<li>Royal Canin Medium Dermacomfort sukurtas pagal speciali\u0105 formul\u0119 &#8211; su apribotu baltym\u0173 kiekiu, kurie gali b\u016bti vieni i\u0161 pagrindini\u0173 alergijos prie\u017ea\u0161\u010di\u0173.<\/li>\n<li><a href=\"https:\/\/www.youtube.com\/watch?v=FYwO1fiYoa8&amp;t=9s\" target=\"_blank\" rel=\"noopener\">Spetsiaalne valem<\/a> tugevdab koera kaitsva nahabarj\u00e4\u00e4ri t\u00f5husust.<\/li>\n<li>Spetsiaalselt koostatud toit aitab v\u00f5idelda kergemate nahap\u00f5letike vastu.<\/li>\n<li>M\u00e4rgatavalt s<a href=\"https:\/\/zooprekes24.lt\/et\/?s=aliejus&amp;post_type=product\" target=\"_blank\" rel=\"noopener\">leevendab lemmiklooma naha\u00e4rritusi<\/a> ja s\u00fcgelus.<\/li>\n<li>S\u00f6\u00f6das olevad kelaativad ained jaotavad kaltsiumi s\u00fcljes ja takistavad hambakivi teket.<\/li>\n<\/ul>\n<p><img loading=\"lazy\" decoding=\"async\" class=\"wp-image-9631\" src=\"https:\/\/zooprekes24.lt\/wp-content\/uploads\/medium-derma-1.png\" alt=\"Keskmine dermacomfort logo\" width=\"230\" height=\"340\" \/><\/p>","protected":false},"excerpt":{"rendered":"<p>Royal Canin Medium Dermacomfort &#8211; specialiai subalansuotas suaugusi\u0173, vidutinio dyd\u017eio veisli\u0173\u00a0 (nuo 11-25 kg) \u0161un\u0173 sausas maistas nuo 1 met\u0173 am\u017eiaus. Pritaikytas jautriems \u0161unims kuri\u0173 oda linkusi sudirgti ir nie\u017e\u0117ti. Royal Canin Medium Dermacomfort sukurtas pagal speciali\u0105 formul\u0119 &#8211; su apribotu baltym\u0173 kiekiu, kurie gali b\u016bti vieni i\u0161 pagrindini\u0173 alergijos prie\u017ea\u0161\u010di\u0173. Ypatinga formul\u0117 stiprina apsauginio&#8230;<\/p>","protected":false},"featured_media":20065,"comment_status":"closed","ping_status":"closed","template":"","meta":{"_acf_changed":false,"slim_seo":{"title":"Royal Canin Medium Dermacomfort sausas maistas \u0161unims - Zooprekes24","description":"Royal Canin Medium Dermacomfort - specialiai subalansuotas suaugusi\u0173, vidutinio dyd\u017eio veisli\u0173\u00a0 (nuo 11-25 kg) \u0161un\u0173 sausas maistas nuo 1 met\u0173 am\u017eiaus. Pritaikyt"},"iawp_total_views":95},"product_brand":[],"product_cat":[9012,9002,8999,29,31],"product_tag":[177,260,200],"class_list":{"0":"post-23204","1":"product","2":"type-product","3":"status-publish","4":"has-post-thumbnail","6":"product_cat-royal-canin","7":"product_cat-sausas-maistas","8":"product_cat-sunims","9":"product_cat-sunu-maistas","10":"product_cat-sunu-prekiu-gamintojai","11":"product_tag-edalas-sunims","12":"product_tag-maistas-alergiskiems-sunims","13":"product_tag-super-premium-maistas-sunims","14":"pa_pasaro-sudetis-ryziai","15":"pa_pasaro-sudetis-vistiena","16":"pa_prekiu-zenklai-royal-canin","17":"pa_suns-amzius-suaugusiems","18":"pa_veisles-dydis-vidutinems-veislems","20":"first","21":"instock","22":"taxable","23":"shipping-taxable","24":"purchasable","25":"product-type-variable"},"acf":[],"_links":{"self":[{"href":"https:\/\/zooprekes24.lt\/et\/wp-json\/wp\/v2\/product\/23204","targetHints":{"allow":["GET"]}}],"collection":[{"href":"https:\/\/zooprekes24.lt\/et\/wp-json\/wp\/v2\/product"}],"about":[{"href":"https:\/\/zooprekes24.lt\/et\/wp-json\/wp\/v2\/types\/product"}],"replies":[{"embeddable":true,"href":"https:\/\/zooprekes24.lt\/et\/wp-json\/wp\/v2\/comments?post=23204"}],"wp:featuredmedia":[{"embeddable":true,"href":"https:\/\/zooprekes24.lt\/et\/wp-json\/wp\/v2\/media\/20065"}],"wp:attachment":[{"href":"https:\/\/zooprekes24.lt\/et\/wp-json\/wp\/v2\/media?parent=23204"}],"wp:term":[{"taxonomy":"product_brand","embeddable":true,"href":"https:\/\/zooprekes24.lt\/et\/wp-json\/wp\/v2\/product_brand?post=23204"},{"taxonomy":"product_cat","embeddable":true,"href":"https:\/\/zooprekes24.lt\/et\/wp-json\/wp\/v2\/product_cat?post=23204"},{"taxonomy":"product_tag","embeddable":true,"href":"https:\/\/zooprekes24.lt\/et\/wp-json\/wp\/v2\/product_tag?post=23204"}],"curies":[{"name":"wp","href":"https:\/\/api.w.org\/{rel}","templated":true}]}}