{"id":23201,"date":"2024-04-19T13:16:54","date_gmt":"2024-04-19T10:16:54","guid":{"rendered":"https:\/\/zooprekes24.lt\/produktas\/royal-canin-mini-sterilised\/"},"modified":"2025-08-13T11:27:40","modified_gmt":"2025-08-13T09:27:40","slug":"royal-canin-mini-sterilised","status":"publish","type":"product","link":"https:\/\/zooprekes24.lt\/et\/produktas\/royal-canin-mini-sterilised\/","title":{"rendered":"Royal Canin Mini Steriliseeritud kuivtoit koertele"},"content":{"rendered":"<h3>Royal Canin Mini Sterilised &#8211; <a href=\"https:\/\/www.royalcanin.com\/lt\/tailored-nutrition\" target=\"_blank\" rel=\"noopener\">specialiai subalansuotas<\/a> suaugusi\u0173, ma\u017e\u0173 veisli\u0173\u00a0 (iki 10 kg) \u0161un\u0173 sausas maistas nuo 1 met\u0173 am\u017eiaus. Pritaikytas maistini\u0173 med\u017eiag\u0173 kiekis padeda palaikyti ideal\u0173 sterilizuot\u0173\/kastruot\u0173 \u0161un\u0173 svor\u012f, chelatin\u0117s med\u017eiagos apsaugo nuo dant\u0173 apna\u0161\u0173.<\/h3>\n<ul>\n<li>Nedidelis riebal\u0173 kiekis (tik 13 proc.) ir didelis baltym\u0173 kiekis (30 proc.) palaiko lies\u0105 augintinio raumen\u0173 mas\u0119 ir <a href=\"https:\/\/zooprekes24.lt\/kategorija\/prekes-sunims\/sunu-maistas\/?filters=paskirtis[642]\" target=\"_blank\" rel=\"noopener\">padeda kovoti su nutukimo problemomis<\/a>.<\/li>\n<li><a href=\"https:\/\/www.youtube.com\/watch?v=FYwO1fiYoa8&amp;t=1s\" target=\"_blank\" rel=\"noopener\">Ypatingos maisto formul\u0117s<\/a> sud\u0117tyje esan\u010dios chelatin\u0117s med\u017eiagos paskirsto seil\u0117se esant\u012f kalc\u012f ir neleid\u017eia kauptis dant\u0173 akmenims.<\/li>\n<li>Royal Canin Mini Sterilised sud\u0117tyje esantis didelis L-karnitino kiekis stimuliuoja med\u017eiag\u0173 apykait\u0105.<\/li>\n<li>Granul\u0117s forma, dydis ir tekst\u016bra <a href=\"https:\/\/zooprekes24.lt\/?s=small+breed&amp;post_type=product\" target=\"_blank\" rel=\"noopener\">specialiai pritaikyta ma\u017eiems \u017eandikauliams<\/a>.<\/li>\n<\/ul>\n<p><img loading=\"lazy\" decoding=\"async\" class=\"alignnone wp-image-9717 \" src=\"https:\/\/zooprekes24.lt\/wp-content\/uploads\/mini-steril.png\" alt=\"Royal Canin Mini Sterilised Care logo\" width=\"290\" height=\"400\" \/><\/p>\n","protected":false},"excerpt":{"rendered":"<p>Royal Canin Mini Sterilised &#8211; specialiai subalansuotas suaugusi\u0173, ma\u017e\u0173 veisli\u0173\u00a0 (iki 10 kg) \u0161un\u0173 sausas maistas nuo 1 met\u0173 am\u017eiaus. Pritaikytas maistini\u0173 med\u017eiag\u0173 kiekis padeda palaikyti ideal\u0173 sterilizuot\u0173\/kastruot\u0173 \u0161un\u0173 svor\u012f, chelatin\u0117s med\u017eiagos apsaugo nuo dant\u0173 apna\u0161\u0173. Nedidelis riebal\u0173 kiekis (tik 13 proc.) ir didelis baltym\u0173 kiekis (30 proc.) palaiko lies\u0105 augintinio raumen\u0173 mas\u0119 ir padeda&#8230;<\/p>","protected":false},"featured_media":20063,"comment_status":"closed","ping_status":"closed","template":"","meta":{"_acf_changed":false,"slim_seo":{"title":"Royal Canin Mini Sterilised sausas maistas \u0161unims - Zooprekes24","description":"Royal Canin Mini Sterilised - specialiai subalansuotas suaugusi\u0173, ma\u017e\u0173 veisli\u0173\u00a0 (iki 10 kg) \u0161un\u0173 sausas maistas nuo 1 met\u0173 am\u017eiaus. Pritaikytas maistini\u0173 med\u017eia"},"iawp_total_views":153},"product_brand":[],"product_cat":[9012,9002,8999,29,31],"product_tag":[177,200],"class_list":{"0":"post-23201","1":"product","2":"type-product","3":"status-publish","4":"has-post-thumbnail","6":"product_cat-royal-canin","7":"product_cat-sausas-maistas","8":"product_cat-sunims","9":"product_cat-sunu-maistas","10":"product_cat-sunu-prekiu-gamintojai","11":"product_tag-edalas-sunims","12":"product_tag-super-premium-maistas-sunims","13":"pa_pasaro-sudetis-ryziai","14":"pa_pasaro-sudetis-vistiena","15":"pa_prekiu-zenklai-royal-canin","16":"pa_suns-amzius-suaugusiems","17":"pa_veisles-dydis-mazoms-veislems","19":"first","20":"instock","21":"taxable","22":"shipping-taxable","23":"purchasable","24":"product-type-variable"},"acf":[],"_links":{"self":[{"href":"https:\/\/zooprekes24.lt\/et\/wp-json\/wp\/v2\/product\/23201","targetHints":{"allow":["GET"]}}],"collection":[{"href":"https:\/\/zooprekes24.lt\/et\/wp-json\/wp\/v2\/product"}],"about":[{"href":"https:\/\/zooprekes24.lt\/et\/wp-json\/wp\/v2\/types\/product"}],"replies":[{"embeddable":true,"href":"https:\/\/zooprekes24.lt\/et\/wp-json\/wp\/v2\/comments?post=23201"}],"wp:featuredmedia":[{"embeddable":true,"href":"https:\/\/zooprekes24.lt\/et\/wp-json\/wp\/v2\/media\/20063"}],"wp:attachment":[{"href":"https:\/\/zooprekes24.lt\/et\/wp-json\/wp\/v2\/media?parent=23201"}],"wp:term":[{"taxonomy":"product_brand","embeddable":true,"href":"https:\/\/zooprekes24.lt\/et\/wp-json\/wp\/v2\/product_brand?post=23201"},{"taxonomy":"product_cat","embeddable":true,"href":"https:\/\/zooprekes24.lt\/et\/wp-json\/wp\/v2\/product_cat?post=23201"},{"taxonomy":"product_tag","embeddable":true,"href":"https:\/\/zooprekes24.lt\/et\/wp-json\/wp\/v2\/product_tag?post=23201"}],"curies":[{"name":"wp","href":"https:\/\/api.w.org\/{rel}","templated":true}]}}