{"id":23198,"date":"2024-04-19T13:16:54","date_gmt":"2024-04-19T10:16:54","guid":{"rendered":"https:\/\/zooprekes24.lt\/produktas\/royal-canin-mini-light-weight-care\/"},"modified":"2025-07-10T09:52:48","modified_gmt":"2025-07-10T07:52:48","slug":"royal-canin-mini-light-weight-care","status":"publish","type":"product","link":"https:\/\/zooprekes24.lt\/et\/produktas\/royal-canin-mini-light-weight-care\/","title":{"rendered":"Royal Canin Mini Light Weight Care kuivtoit koertele"},"content":{"rendered":"<h3>Royal Canin Mini Light Weight Care &#8211; <a href=\"https:\/\/www.royalcanin.com\/lt\/tailored-nutrition\" target=\"_blank\" rel=\"noopener\">specialiai subalansuotas<\/a> suaugusi\u0173, ma\u017e\u0173 veisli\u0173\u00a0 (iki 10 kg) \u0161un\u0173 sausas maistas nuo 1 met\u0173 am\u017eiaus. Pritaikytas \u0161unims linkusiems priaugti svorio arba turintiems vir\u0161svorio.<\/h3>\n<ul>\n<li>Royal Canin Mini Light Weight Care maisto sud\u0117tyje esantis nat\u016brali\u0173 kvapi\u0173j\u0173 med\u017eiag\u0173 rinkinys, specialios formos ir i\u0161skirtinio skonio maisto granul\u0117s patenkins net i\u0161rankiausi\u0173 ma\u017e\u0173 veisli\u0173 \u0161un\u0173 apetit\u0105 ir u\u017etikrins sotumo jausm\u0105.<\/li>\n<li>Sud\u0117tyje esantis didelis L-karnitino kiekis stimuliuoja med\u017eiag\u0173 apykait\u0105.<\/li>\n<li><a href=\"https:\/\/www.youtube.com\/watch?v=FYwO1fiYoa8&amp;t=1s\" target=\"_blank\" rel=\"noopener\">Ypatingos maisto formul\u0117s<\/a> sud\u0117tyje esan\u010dios chelatin\u0117s med\u017eiagos paskirsto seil\u0117se esant\u012f kalc\u012f ir neleid\u017eia kauptis dant\u0173 akmenims.<\/li>\n<li>Nedidelis riebal\u0173 kiekis (tik 11 proc.) ir didelis baltym\u0173 kiekis (30 proc.) palaiko lies\u0105 augintinio raumen\u0173 mas\u0119 ir <a href=\"https:\/\/zooprekes24.lt\/kategorija\/prekes-sunims\/sunu-maistas\/?filters=paskirtis[642]\" target=\"_blank\" rel=\"noopener\">padeda kovoti su vir\u0161svoriu.<\/a><\/li>\n<\/ul>\n<p><img loading=\"lazy\" decoding=\"async\" class=\"alignnone wp-image-9686 \" src=\"https:\/\/zooprekes24.lt\/wp-content\/uploads\/mini-light-we.png\" alt=\"Mini light weight logo\" width=\"270\" height=\"377\" \/><\/p>\n","protected":false},"excerpt":{"rendered":"<p>Royal Canin Mini Light Weight Care &#8211; specialiai subalansuotas suaugusi\u0173, ma\u017e\u0173 veisli\u0173\u00a0 (iki 10 kg) \u0161un\u0173 sausas maistas nuo 1 met\u0173 am\u017eiaus. Pritaikytas \u0161unims linkusiems priaugti svorio arba turintiems vir\u0161svorio. Royal Canin Mini Light Weight Care maisto sud\u0117tyje esantis nat\u016brali\u0173 kvapi\u0173j\u0173 med\u017eiag\u0173 rinkinys, specialios formos ir i\u0161skirtinio skonio maisto granul\u0117s patenkins net i\u0161rankiausi\u0173 ma\u017e\u0173 veisli\u0173&#8230;<\/p>","protected":false},"featured_media":18128,"comment_status":"closed","ping_status":"closed","template":"","meta":{"_acf_changed":false,"slim_seo":{"title":"Royal Canin Mini Light Weight Care sausas maistas \u0161unims - Zooprekes24","description":"Royal Canin Mini Light Weight Care - specialiai subalansuotas suaugusi\u0173, ma\u017e\u0173 veisli\u0173\u00a0 (iki 10 kg) \u0161un\u0173 sausas maistas nuo 1 met\u0173 am\u017eiaus. Pritaikytas \u0161unims li"},"iawp_total_views":158},"product_brand":[],"product_cat":[9012,9002,8999,29,31],"product_tag":[1084,177,1091,200],"class_list":{"0":"post-23198","1":"product","2":"type-product","3":"status-publish","4":"has-post-thumbnail","6":"product_cat-royal-canin","7":"product_cat-sausas-maistas","8":"product_cat-sunims","9":"product_cat-sunu-maistas","10":"product_cat-sunu-prekiu-gamintojai","11":"product_tag-antsvorio-turinciam-suniui","12":"product_tag-edalas-sunims","13":"product_tag-maistas-sunims-turintiems-antsvorio","14":"product_tag-super-premium-maistas-sunims","15":"pa_pasaro-sudetis-ryziai","16":"pa_pasaro-sudetis-vistiena","17":"pa_prekiu-zenklai-royal-canin","18":"pa_suns-amzius-suaugusiems","19":"pa_veisles-dydis-mazoms-veislems","21":"first","22":"instock","23":"taxable","24":"shipping-taxable","25":"purchasable","26":"product-type-variable"},"acf":[],"_links":{"self":[{"href":"https:\/\/zooprekes24.lt\/et\/wp-json\/wp\/v2\/product\/23198","targetHints":{"allow":["GET"]}}],"collection":[{"href":"https:\/\/zooprekes24.lt\/et\/wp-json\/wp\/v2\/product"}],"about":[{"href":"https:\/\/zooprekes24.lt\/et\/wp-json\/wp\/v2\/types\/product"}],"replies":[{"embeddable":true,"href":"https:\/\/zooprekes24.lt\/et\/wp-json\/wp\/v2\/comments?post=23198"}],"wp:featuredmedia":[{"embeddable":true,"href":"https:\/\/zooprekes24.lt\/et\/wp-json\/wp\/v2\/media\/18128"}],"wp:attachment":[{"href":"https:\/\/zooprekes24.lt\/et\/wp-json\/wp\/v2\/media?parent=23198"}],"wp:term":[{"taxonomy":"product_brand","embeddable":true,"href":"https:\/\/zooprekes24.lt\/et\/wp-json\/wp\/v2\/product_brand?post=23198"},{"taxonomy":"product_cat","embeddable":true,"href":"https:\/\/zooprekes24.lt\/et\/wp-json\/wp\/v2\/product_cat?post=23198"},{"taxonomy":"product_tag","embeddable":true,"href":"https:\/\/zooprekes24.lt\/et\/wp-json\/wp\/v2\/product_tag?post=23198"}],"curies":[{"name":"wp","href":"https:\/\/api.w.org\/{rel}","templated":true}]}}