{"id":23195,"date":"2024-04-19T13:16:54","date_gmt":"2024-04-19T10:16:54","guid":{"rendered":"https:\/\/zooprekes24.lt\/produktas\/royal-canin-mini-exigent\/"},"modified":"2025-07-10T10:03:21","modified_gmt":"2025-07-10T08:03:21","slug":"royal-canin-mini-exigent","status":"publish","type":"product","link":"https:\/\/zooprekes24.lt\/et\/produktas\/royal-canin-mini-exigent\/","title":{"rendered":"Royal Canin Mini Exigent kuivtoit koertele"},"content":{"rendered":"<h3>Royal Canin Mini Exigent &#8211; <a href=\"https:\/\/www.royalcanin.com\/lt\/tailored-nutrition\" target=\"_blank\" rel=\"noopener\">spetsiaalselt tasakaalustatud<\/a> Kuivtoit t\u00e4iskasvanud v\u00e4ikest t\u00f5ugu (kuni 10 kg) koertele alates 1-aastasest vanusest. Kohandatud eriliste toitumisn\u00f5uetega koertele.<\/h3>\n<ul>\n<li>Royal Canin Mini Exigent'i eriline konsistents, kuju, suurus ning valitud toitainelised ja looduslikud l\u00f5hna- ja maitseained meeldivad ka k\u00f5ige n\u00f5udlikumale v\u00e4ikesele gurmaanile.<\/li>\n<li>Omega-6 rasvhapete suurenenud sisaldus s\u00f6\u00f6das <a href=\"https:\/\/zooprekes24.lt\/et\/toode\/canina-biotin-forte-tabletid\/\" target=\"_blank\" rel=\"noopener\">aitab s\u00e4ilitada terve ja l\u00e4ikiva karvkatte<\/a>.<\/li>\n<li><a href=\"https:\/\/www.youtube.com\/watch?v=FYwO1fiYoa8&amp;t=1s\" target=\"_blank\" rel=\"noopener\">Spetsiaalsed toiduvalemid<\/a> Valemis olevad kelaativad ained jaotavad kaltsiumi s\u00fcljes ja takistavad hambakivi tekkimist.<\/li>\n<\/ul>\n<p><img loading=\"lazy\" decoding=\"async\" class=\"alignnone wp-image-9684\" src=\"https:\/\/zooprekes24.lt\/wp-content\/uploads\/bd84h-hub-lhasa-apso-adult-black-and-white.png\" alt=\"Royal Canin Mini Exigent kuivtoit koertele\" width=\"371\" height=\"247\" \/><\/p>","protected":false},"excerpt":{"rendered":"<p>Royal Canin Mini Exigent &#8211; specialiai subalansuotas suaugusi\u0173, ma\u017e\u0173 veisli\u0173\u00a0 (iki 10 kg) \u0161un\u0173 sausas maistas nuo 1 met\u0173 am\u017eiaus. Pritaikytas ypatingai maistui i\u0161rankiems \u0161unims. Royal Canin Mini Exigent speciali smulkinto maisto konsistencija, forma, dydis bei atrinktos maistin\u0117s ir nat\u016bralios kvapiosios med\u017eiagos \u012ftiks net i\u0161rankiausiam ma\u017eajam gurmanui. Pa\u0161aro sud\u0117tyje esantis padidintas Omega-6 riebal\u0173 r\u016bg\u0161\u010di\u0173 kiekis&#8230;<\/p>","protected":false},"featured_media":18124,"comment_status":"closed","ping_status":"closed","template":"","meta":{"_acf_changed":false,"slim_seo":{"title":"Royal Canin Mini Exigent sausas maistas \u0161unims - Zooprekes24","description":"Royal Canin Mini Exigent - specialiai subalansuotas suaugusi\u0173, ma\u017e\u0173 veisli\u0173\u00a0 (iki 10 kg) \u0161un\u0173 sausas maistas nuo 1 met\u0173 am\u017eiaus. Pritaikytas ypatingai maistui i"},"iawp_total_views":209},"product_brand":[],"product_cat":[9012,9002,8999,29,31],"product_tag":[177,200],"class_list":{"0":"post-23195","1":"product","2":"type-product","3":"status-publish","4":"has-post-thumbnail","6":"product_cat-royal-canin","7":"product_cat-sausas-maistas","8":"product_cat-sunims","9":"product_cat-sunu-maistas","10":"product_cat-sunu-prekiu-gamintojai","11":"product_tag-edalas-sunims","12":"product_tag-super-premium-maistas-sunims","13":"pa_pasaro-sudetis-ryziai","14":"pa_pasaro-sudetis-vistiena","15":"pa_prekiu-zenklai-royal-canin","16":"pa_suns-amzius-suaugusiems","17":"pa_veisles-dydis-mazoms-veislems","19":"first","20":"instock","21":"taxable","22":"shipping-taxable","23":"purchasable","24":"product-type-variable"},"acf":[],"_links":{"self":[{"href":"https:\/\/zooprekes24.lt\/et\/wp-json\/wp\/v2\/product\/23195","targetHints":{"allow":["GET"]}}],"collection":[{"href":"https:\/\/zooprekes24.lt\/et\/wp-json\/wp\/v2\/product"}],"about":[{"href":"https:\/\/zooprekes24.lt\/et\/wp-json\/wp\/v2\/types\/product"}],"replies":[{"embeddable":true,"href":"https:\/\/zooprekes24.lt\/et\/wp-json\/wp\/v2\/comments?post=23195"}],"wp:featuredmedia":[{"embeddable":true,"href":"https:\/\/zooprekes24.lt\/et\/wp-json\/wp\/v2\/media\/18124"}],"wp:attachment":[{"href":"https:\/\/zooprekes24.lt\/et\/wp-json\/wp\/v2\/media?parent=23195"}],"wp:term":[{"taxonomy":"product_brand","embeddable":true,"href":"https:\/\/zooprekes24.lt\/et\/wp-json\/wp\/v2\/product_brand?post=23195"},{"taxonomy":"product_cat","embeddable":true,"href":"https:\/\/zooprekes24.lt\/et\/wp-json\/wp\/v2\/product_cat?post=23195"},{"taxonomy":"product_tag","embeddable":true,"href":"https:\/\/zooprekes24.lt\/et\/wp-json\/wp\/v2\/product_tag?post=23195"}],"curies":[{"name":"wp","href":"https:\/\/api.w.org\/{rel}","templated":true}]}}