{"id":23183,"date":"2024-04-19T13:16:45","date_gmt":"2024-04-19T10:16:45","guid":{"rendered":"https:\/\/zooprekes24.lt\/produktas\/royal-canin-maxi-puppy\/"},"modified":"2025-07-14T15:42:04","modified_gmt":"2025-07-14T13:42:04","slug":"royal-canin-maxi-puppy","status":"publish","type":"product","link":"https:\/\/zooprekes24.lt\/et\/produktas\/royal-canin-maxi-puppy\/","title":{"rendered":"Royal Canin Maxi Puppy kuivtoit kutsikatele"},"content":{"rendered":"<h3>Royal Canin Maxi Puppy &#8211; <a href=\"https:\/\/www.youtube.com\/watch?v=zUtWMpV4q4c\" target=\"_blank\" rel=\"noopener\">spetsiaalselt tasakaalustatud<\/a> Kuivtoit suurtele (26-44 kg) kuni 1-aastastele kutsikatele. Energiat, valku, kaltsiumi ja fosforit sisaldav kohandatud kombinatsioon aitab kutsikatel arendada terveid ja tugevaid luid. Spetsiaalne koostis tugevdab immuunsust ja tagab suurep\u00e4rase seedimise.<\/h3>\n<ul>\n<li>Royal Canin tugevdab noore kutsika loomulikku kaitsev\u00f5imet.<\/li>\n<li>Kohandatud energia, valk, kaltsium ja fosfor aitavad moodustada terve ja <a href=\"https:\/\/zooprekes24.lt\/et\/toode\/canvit-chondro-maxi-500g\/\" target=\"_blank\" rel=\"noopener\">kutsikate tugevate luude jaoks<\/a>. Kondroitiin, gl\u00fckosamiin ning eikosapentaeenhape (EPA) ja dokosaheksaeenhape (DHA) tugevdavad teie lapse liigeseid juba varases eas.<\/li>\n<li>See aitab s\u00e4ilitada suurte t\u00f5ugu kutsikate ideaalkaalu juba varases eas.<\/li>\n<li>Royal Canin Maxi Puppy prebiootikumid ja laialehine plantain soodustavad soolestiku floora tasakaalu.<\/li>\n<\/ul>\n<p><img loading=\"lazy\" decoding=\"async\" class=\"alignnone wp-image-9505\" src=\"https:\/\/zooprekes24.lt\/wp-content\/uploads\/maxi-puppy-1.png\" alt=\"Maxi Puppy logo\" width=\"330\" height=\"319\" \/><\/p>","protected":false},"excerpt":{"rendered":"<p>Royal Canin Maxi Puppy &#8211; specialiai subalansuotas sausas maistas, didelio dyd\u017eio (nuo 26-44 kg) \u0161uniukams iki 1 met\u0173 am\u017eiaus. Pritaikytas energijos kiekis, baltymai, kalcis ir fosforas padeda formuotis sveikiems ir stipriems \u0161uniuk\u0173 kaulams. Ypatingos maisto formul\u0117s d\u0117ka stiprinamas imunitetas, u\u017etikrinamas puikus vir\u0161kinimas. Royal Canin stiprina nat\u016brali\u0105 jauno \u0161uniuko organizmo apsaug\u0105. Pritaikytas energijos kiekis, baltymai, kalcis&#8230;<\/p>","protected":false},"featured_media":20053,"comment_status":"closed","ping_status":"closed","template":"","meta":{"_acf_changed":false,"slim_seo":{"title":"Royal Canin Maxi Puppy sausas maistas \u0161uniukams - Zooprekes24","description":"Royal Canin Maxi Puppy - specialiai subalansuotas sausas maistas, didelio dyd\u017eio (nuo 26-44 kg) \u0161uniukams iki 1 met\u0173 am\u017eiaus. Pritaikytas energijos kiekis, balt"},"iawp_total_views":522},"product_brand":[],"product_cat":[9012,9002,8999,29,31],"product_tag":[177,200],"class_list":{"0":"post-23183","1":"product","2":"type-product","3":"status-publish","4":"has-post-thumbnail","6":"product_cat-royal-canin","7":"product_cat-sausas-maistas","8":"product_cat-sunims","9":"product_cat-sunu-maistas","10":"product_cat-sunu-prekiu-gamintojai","11":"product_tag-edalas-sunims","12":"product_tag-super-premium-maistas-sunims","13":"pa_pasaro-sudetis-ryziai","14":"pa_pasaro-sudetis-vistiena","15":"pa_prekiu-zenklai-royal-canin","16":"pa_suns-amzius-jauniems","17":"pa_veisles-dydis-didelems-veislems","19":"first","20":"instock","21":"taxable","22":"shipping-taxable","23":"purchasable","24":"product-type-variable"},"acf":[],"_links":{"self":[{"href":"https:\/\/zooprekes24.lt\/et\/wp-json\/wp\/v2\/product\/23183","targetHints":{"allow":["GET"]}}],"collection":[{"href":"https:\/\/zooprekes24.lt\/et\/wp-json\/wp\/v2\/product"}],"about":[{"href":"https:\/\/zooprekes24.lt\/et\/wp-json\/wp\/v2\/types\/product"}],"replies":[{"embeddable":true,"href":"https:\/\/zooprekes24.lt\/et\/wp-json\/wp\/v2\/comments?post=23183"}],"wp:featuredmedia":[{"embeddable":true,"href":"https:\/\/zooprekes24.lt\/et\/wp-json\/wp\/v2\/media\/20053"}],"wp:attachment":[{"href":"https:\/\/zooprekes24.lt\/et\/wp-json\/wp\/v2\/media?parent=23183"}],"wp:term":[{"taxonomy":"product_brand","embeddable":true,"href":"https:\/\/zooprekes24.lt\/et\/wp-json\/wp\/v2\/product_brand?post=23183"},{"taxonomy":"product_cat","embeddable":true,"href":"https:\/\/zooprekes24.lt\/et\/wp-json\/wp\/v2\/product_cat?post=23183"},{"taxonomy":"product_tag","embeddable":true,"href":"https:\/\/zooprekes24.lt\/et\/wp-json\/wp\/v2\/product_tag?post=23183"}],"curies":[{"name":"wp","href":"https:\/\/api.w.org\/{rel}","templated":true}]}}