{"id":23180,"date":"2024-04-19T13:16:45","date_gmt":"2024-04-19T10:16:45","guid":{"rendered":"https:\/\/zooprekes24.lt\/produktas\/royal-canin-medium-adult-7\/"},"modified":"2025-07-14T15:48:55","modified_gmt":"2025-07-14T13:48:55","slug":"royal-canin-medium-adult-7","status":"publish","type":"product","link":"https:\/\/zooprekes24.lt\/et\/produktas\/royal-canin-medium-adult-7\/","title":{"rendered":"Royal Canin Medium Adult 7+ kuivtoit koertele"},"content":{"rendered":"<h3>Royal Canin Medium Adult 7+ <a href=\"https:\/\/www.royalcanin.com\/lt\/tailored-nutrition\" target=\"_blank\" rel=\"noopener\">spetsiaalselt tasakaalustatud<\/a> Kuivtoit vanematele, keskmise suurusega t\u00f5ugudele (11-25 kg) alates 7. eluaastast. Ainulaadne koostis aitab v\u00f5idelda esimeste vananemism\u00e4rkide vastu teie lemmikloomal.<\/h3>\n<ul>\n<li>Royal Canin Medium Adult 7+ sisaldab patenteeritud antioks\u00fcdantide kompleksi koos prebiootikumidega, <a href=\"https:\/\/zooprekes24.lt\/et\/toode\/fitmin-purity-pikaajaline-immuunsus-sunims\/\" target=\"_blank\" rel=\"noopener\">tugevdab koera loomulikku kaitsev\u00f5imet. <\/a>ja v\u00f5itleb esimeste vananemism\u00e4rkide vastu, et s\u00e4ilitada koera eluj\u00f5udu ja suurep\u00e4rast tervist.<\/li>\n<li>Pelletite eriline kuju ja tekstuur ei ole mitte ainult maitsvad, vaid ka kergesti n\u00e4rimisk\u00f5lblikud ja sobivad vanematele koertele.<\/li>\n<li><a href=\"https:\/\/www.youtube.com\/watch?v=FYwO1fiYoa8&amp;t=1s\" target=\"_blank\" rel=\"noopener\">Eritoidu koostis<\/a> s\u00e4ilitab koera karvkatte ilu ja tugevdab naha loomulikke kaitseprotsesse.<\/li>\n<li>Toit sisaldab kiudaineid, mis parandab soole k\u00e4\u00e4rimist ja s\u00e4ilitab hea soolestiku mikrofloora.<\/li>\n<\/ul>\n<p><img loading=\"lazy\" decoding=\"async\" class=\"alignnone wp-image-9493\" src=\"https:\/\/zooprekes24.lt\/wp-content\/uploads\/medium-7.png\" alt=\"Royal Canin Adult Medium 7+ logo\" width=\"288\" height=\"305\" \/><\/p>","protected":false},"excerpt":{"rendered":"<p>Royal Canin Medium Adult 7+ specialiai subalansuotas vyresnio am\u017eiaus, vidutinio dyd\u017eio veisli\u0173\u00a0 (nuo 11-25 kg) \u0161un\u0173 sausas maistas nuo 7 met\u0173 am\u017eiaus. Unikali maisto formul\u0117 padeda kovoti su pirmaisiais augintinio sen\u0117jimo po\u017eymiais. Royal Canin Medium Adult 7+ maisto sud\u0117tyje esantis patentuotas antioksidant\u0173 kompleksas, kartu su prebiotikais, stiprina nat\u016brali\u0105 \u0161uns organizmo apsaug\u0105 bei kovoja su pirmaisiais&#8230;<\/p>","protected":false},"featured_media":28302,"comment_status":"closed","ping_status":"closed","template":"","meta":{"_acf_changed":false,"slim_seo":{"title":"Royal Canin Medium Adult 7+ sausas maistas \u0161unims - Zooprekes24","description":"Royal Canin Medium Adult 7+ on spetsiaalselt tasakaalustatud kuivtoit vanematele keskmise suurusega t\u00f5ugudele (11-25 kg) alates 7. eluaastast. Ainulaadne"},"iawp_total_views":125},"product_brand":[],"product_cat":[9012,9002,8999,29,31],"product_tag":[177,200],"class_list":{"0":"post-23180","1":"product","2":"type-product","3":"status-publish","4":"has-post-thumbnail","6":"product_cat-royal-canin","7":"product_cat-sausas-maistas","8":"product_cat-sunims","9":"product_cat-sunu-maistas","10":"product_cat-sunu-prekiu-gamintojai","11":"product_tag-edalas-sunims","12":"product_tag-super-premium-maistas-sunims","13":"pa_pasaro-sudetis-ryziai","14":"pa_pasaro-sudetis-vistiena","15":"pa_prekiu-zenklai-royal-canin","16":"pa_suns-amzius-senjorams","17":"pa_suns-amzius-suaugusiems","18":"pa_veisles-dydis-vidutinems-veislems","20":"first","21":"instock","22":"taxable","23":"shipping-taxable","24":"purchasable","25":"product-type-variable"},"acf":[],"_links":{"self":[{"href":"https:\/\/zooprekes24.lt\/et\/wp-json\/wp\/v2\/product\/23180","targetHints":{"allow":["GET"]}}],"collection":[{"href":"https:\/\/zooprekes24.lt\/et\/wp-json\/wp\/v2\/product"}],"about":[{"href":"https:\/\/zooprekes24.lt\/et\/wp-json\/wp\/v2\/types\/product"}],"replies":[{"embeddable":true,"href":"https:\/\/zooprekes24.lt\/et\/wp-json\/wp\/v2\/comments?post=23180"}],"wp:featuredmedia":[{"embeddable":true,"href":"https:\/\/zooprekes24.lt\/et\/wp-json\/wp\/v2\/media\/28302"}],"wp:attachment":[{"href":"https:\/\/zooprekes24.lt\/et\/wp-json\/wp\/v2\/media?parent=23180"}],"wp:term":[{"taxonomy":"product_brand","embeddable":true,"href":"https:\/\/zooprekes24.lt\/et\/wp-json\/wp\/v2\/product_brand?post=23180"},{"taxonomy":"product_cat","embeddable":true,"href":"https:\/\/zooprekes24.lt\/et\/wp-json\/wp\/v2\/product_cat?post=23180"},{"taxonomy":"product_tag","embeddable":true,"href":"https:\/\/zooprekes24.lt\/et\/wp-json\/wp\/v2\/product_tag?post=23180"}],"curies":[{"name":"wp","href":"https:\/\/api.w.org\/{rel}","templated":true}]}}