{"id":23177,"date":"2024-04-19T13:16:45","date_gmt":"2024-04-19T10:16:45","guid":{"rendered":"https:\/\/zooprekes24.lt\/produktas\/royal-canin-medium-adult\/"},"modified":"2025-07-14T15:56:03","modified_gmt":"2025-07-14T13:56:03","slug":"royal-canin-medium-adult","status":"publish","type":"product","link":"https:\/\/zooprekes24.lt\/et\/produktas\/royal-canin-medium-adult\/","title":{"rendered":"Royal Canin Medium Adult kuivtoit koertele"},"content":{"rendered":"<h3>Royal Canin Medium Adult -\u00a0<a href=\"https:\/\/www.royalcanin.com\/lt\/tailored-nutrition\" target=\"_blank\" rel=\"noopener\">spetsiaalselt tasakaalustatud<\/a> Kuivtoit t\u00e4iskasvanud keskmise suurusega t\u00f5ugu (11-25 kg) koertele vanuses 1-7 aastat. Ainulaadne koostis tagab hea seedimise, tugevdab immuunsust ja s\u00e4ilitab optimaalse kehakaalu.<\/h3>\n<ul>\n<li>Kasulikud toitained, eikosapentaeenhape (EPA) ja dokosaheksaeenhape (DHA), tugevdavad koera s\u00fcdametegevust, tauriin parandab s\u00fcdame l\u00f6\u00f6gisagedust ja L-karnitiin annab rakkudele energiat.<\/li>\n<li><a href=\"https:\/\/www.youtube.com\/watch?v=FYwO1fiYoa8&amp;t=1s\" target=\"_blank\" rel=\"noopener\">Spetsiaalse kujuga graanulid<\/a> mis on kohandatud keskmise suurusega t\u00f5ugude l\u00f5ualuudele, julgustab koera n\u00e4rima.<\/li>\n<li>Royal Canin Medium Adult on formuleeritud suurema valgu sisaldusega, et saavutada optimaalne lihasmass.<\/li>\n<li>Suurenenud kondroitiini ja gl\u00fckoosamiini sisaldus <a href=\"https:\/\/zooprekes24.lt\/et\/toode\/canvit-chondro-maxi-500g\/\" target=\"_blank\" rel=\"noopener\">aitab hoida teie lemmiklooma liikuvana ja kaitsta liigeseid.<\/a><\/li>\n<\/ul>\n<p><img loading=\"lazy\" decoding=\"async\" class=\"alignnone wp-image-9486\" src=\"https:\/\/zooprekes24.lt\/wp-content\/uploads\/medium-adult-1.png\" alt=\"Keskmine t\u00e4iskasvanud logo\" width=\"319\" height=\"269\" \/><\/p>","protected":false},"excerpt":{"rendered":"<p>Royal Canin Medium Adult &#8211;\u00a0specialiai subalansuotas suaugusi\u0173, vidutinio dyd\u017eio veisli\u0173\u00a0 (nuo 11-25 kg) \u0161un\u0173 sausas maistas nuo 1-7 met\u0173 am\u017eiaus. Unikali maisto formul\u0117 u\u017etikrina ger\u0105 augintinio vir\u0161kinamojo trakto veikl\u0105, stiprina imunitet\u0105 bei palaiko optimal\u0173 k\u016bno svor\u012f. Naudingos maistin\u0117s med\u017eiagos, eikozapentaeno (EPA) ir dokozaheksaeno (DHA) r\u016bg\u0161tys stiprina \u0161uns \u0161irdies funkcijas, taurinas gerina \u0161irdies susitraukim\u0173 da\u017en\u012f, L-karnitinas&#8230;<\/p>","protected":false},"featured_media":28298,"comment_status":"closed","ping_status":"closed","template":"","meta":{"_acf_changed":false,"slim_seo":{"title":"Royal Canin Medium Adult sausas maistas \u0161unims - Zooprekes24","description":"Royal Canin Medium Adult -\u00a0 specialiai subalansuotas suaugusi\u0173, vidutinio dyd\u017eio veisli\u0173\u00a0 (nuo 11-25 kg) \u0161un\u0173 sausas maistas nuo 1-7 met\u0173 am\u017eiaus. Unikali maist"},"iawp_total_views":215},"product_brand":[],"product_cat":[9012,9002,8999,29,31],"product_tag":[177,200],"class_list":{"0":"post-23177","1":"product","2":"type-product","3":"status-publish","4":"has-post-thumbnail","6":"product_cat-royal-canin","7":"product_cat-sausas-maistas","8":"product_cat-sunims","9":"product_cat-sunu-maistas","10":"product_cat-sunu-prekiu-gamintojai","11":"product_tag-edalas-sunims","12":"product_tag-super-premium-maistas-sunims","13":"pa_pasaro-sudetis-ryziai","14":"pa_pasaro-sudetis-vistiena","15":"pa_prekiu-zenklai-royal-canin","16":"pa_suns-amzius-suaugusiems","17":"pa_veisles-dydis-vidutinems-veislems","19":"first","20":"instock","21":"taxable","22":"shipping-taxable","23":"purchasable","24":"product-type-variable"},"acf":[],"_links":{"self":[{"href":"https:\/\/zooprekes24.lt\/et\/wp-json\/wp\/v2\/product\/23177","targetHints":{"allow":["GET"]}}],"collection":[{"href":"https:\/\/zooprekes24.lt\/et\/wp-json\/wp\/v2\/product"}],"about":[{"href":"https:\/\/zooprekes24.lt\/et\/wp-json\/wp\/v2\/types\/product"}],"replies":[{"embeddable":true,"href":"https:\/\/zooprekes24.lt\/et\/wp-json\/wp\/v2\/comments?post=23177"}],"wp:featuredmedia":[{"embeddable":true,"href":"https:\/\/zooprekes24.lt\/et\/wp-json\/wp\/v2\/media\/28298"}],"wp:attachment":[{"href":"https:\/\/zooprekes24.lt\/et\/wp-json\/wp\/v2\/media?parent=23177"}],"wp:term":[{"taxonomy":"product_brand","embeddable":true,"href":"https:\/\/zooprekes24.lt\/et\/wp-json\/wp\/v2\/product_brand?post=23177"},{"taxonomy":"product_cat","embeddable":true,"href":"https:\/\/zooprekes24.lt\/et\/wp-json\/wp\/v2\/product_cat?post=23177"},{"taxonomy":"product_tag","embeddable":true,"href":"https:\/\/zooprekes24.lt\/et\/wp-json\/wp\/v2\/product_tag?post=23177"}],"curies":[{"name":"wp","href":"https:\/\/api.w.org\/{rel}","templated":true}]}}