{"id":23173,"date":"2024-04-19T13:16:45","date_gmt":"2024-04-19T10:16:45","guid":{"rendered":"https:\/\/zooprekes24.lt\/produktas\/royal-canin-medium-puppy\/"},"modified":"2025-08-25T11:54:21","modified_gmt":"2025-08-25T09:54:21","slug":"royal-canin-medium-puppy","status":"publish","type":"product","link":"https:\/\/zooprekes24.lt\/et\/produktas\/royal-canin-medium-puppy\/","title":{"rendered":"Royal Canin Medium Puppy kuivtoit kutsikatele"},"content":{"rendered":"<h3>Royal Canin Medium Puppy -\u00a0<a href=\"https:\/\/www.royalcanin.com\/lt\/tailored-nutrition\" target=\"_blank\" rel=\"noopener\">spetsiaalselt tasakaalustatud<\/a> Kuivtoit keskmise suurusega (11-25 kg) kuni 1-aastastele kutsikatele. Energiat, valku, kaltsiumi ja fosforit sisaldav kohandatud kombinatsioon aitab kutsikatel arendada terveid ja tugevaid luid. Spetsiaalne koostis tugevdab immuunsust ja tagab suurep\u00e4rase seedimise.<\/h3>\n<ul>\n<li><a href=\"https:\/\/zooprekes24.lt\/et\/kategorija\/prekes-sunims\/koeratoodete-tootjad\/royal-canin-sunims\/\" target=\"_blank\" rel=\"noopener\">Royal Canin<\/a> tugevdab noore kutsika keha loomulikku kaitset.<\/li>\n<li>Kohandatud energia, valk, kaltsium ja fosfor aitavad moodustada terve ja <a href=\"https:\/\/zooprekes24.lt\/et\/toode\/canvit-chondro-maxi-500g\/\" target=\"_blank\" rel=\"noopener\">kutsikate tugevate luude jaoks<\/a>. Kondroitiin, gl\u00fckosamiin ning eikosapentaeenhape (EPA) ja dokosaheksaeenhape (DHA) tugevdavad teie lapse liigeseid juba varases eas.<\/li>\n<li>See aitab s\u00e4ilitada keskmise suurusega kutsikate ideaalkaalu juba varases eas.<\/li>\n<li>Royal Canin Medium Puppy sisaldab prebiootikume ja laialehelist aed-liivateed, et soodustada soolestiku floora tasakaalu.<\/li>\n<\/ul>\n<p><img loading=\"lazy\" decoding=\"async\" class=\"wp-image-9482\" src=\"https:\/\/zooprekes24.lt\/wp-content\/uploads\/medium-puppy.png\" alt=\"Keskmise kutsika logo\" width=\"301\" height=\"278\" \/><\/p>","protected":false},"excerpt":{"rendered":"<p>Royal Canin Medium Puppy &#8211;\u00a0specialiai subalansuotas sausas maistas, vidutinio dyd\u017eio (nuo 11-25 kg) \u0161uniukams iki 1 met\u0173 am\u017eiaus. Pritaikytas energijos kiekis, baltymai, kalcis ir fosforas padeda formuotis sveikiems ir stipriems \u0161uniuk\u0173 kaulams. Ypatingos maisto formul\u0117s d\u0117ka stiprinamas imunitetas, u\u017etikrinamas puikus vir\u0161kinimas. Royal Canin stiprina nat\u016brali\u0105 jauno \u0161uniuko organizmo apsaug\u0105. Pritaikytas energijos kiekis, baltymai, kalcis ir&#8230;<\/p>","protected":false},"featured_media":20045,"comment_status":"closed","ping_status":"closed","template":"","meta":{"_acf_changed":false,"slim_seo":{"title":"Royal Canin Medium Puppy sausas maistas \u0161uniukams - Zooprekes24","description":"Royal Canin Medium Puppy -\u00a0 specialiai subalansuotas sausas maistas, vidutinio dyd\u017eio (nuo 11-25 kg) \u0161uniukams iki 1 met\u0173 am\u017eiaus. Pritaikytas energijos kiekis,"},"iawp_total_views":603},"product_brand":[],"product_cat":[9012,9002,8999,29,31],"product_tag":[177,200],"class_list":{"0":"post-23173","1":"product","2":"type-product","3":"status-publish","4":"has-post-thumbnail","6":"product_cat-royal-canin","7":"product_cat-sausas-maistas","8":"product_cat-sunims","9":"product_cat-sunu-maistas","10":"product_cat-sunu-prekiu-gamintojai","11":"product_tag-edalas-sunims","12":"product_tag-super-premium-maistas-sunims","13":"pa_pasaro-sudetis-ryziai","14":"pa_pasaro-sudetis-vistiena","15":"pa_prekiu-zenklai-royal-canin","16":"pa_suns-amzius-jauniems","17":"pa_veisles-dydis-vidutinems-veislems","19":"first","20":"instock","21":"taxable","22":"shipping-taxable","23":"purchasable","24":"product-type-variable"},"acf":[],"_links":{"self":[{"href":"https:\/\/zooprekes24.lt\/et\/wp-json\/wp\/v2\/product\/23173","targetHints":{"allow":["GET"]}}],"collection":[{"href":"https:\/\/zooprekes24.lt\/et\/wp-json\/wp\/v2\/product"}],"about":[{"href":"https:\/\/zooprekes24.lt\/et\/wp-json\/wp\/v2\/types\/product"}],"replies":[{"embeddable":true,"href":"https:\/\/zooprekes24.lt\/et\/wp-json\/wp\/v2\/comments?post=23173"}],"wp:featuredmedia":[{"embeddable":true,"href":"https:\/\/zooprekes24.lt\/et\/wp-json\/wp\/v2\/media\/20045"}],"wp:attachment":[{"href":"https:\/\/zooprekes24.lt\/et\/wp-json\/wp\/v2\/media?parent=23173"}],"wp:term":[{"taxonomy":"product_brand","embeddable":true,"href":"https:\/\/zooprekes24.lt\/et\/wp-json\/wp\/v2\/product_brand?post=23173"},{"taxonomy":"product_cat","embeddable":true,"href":"https:\/\/zooprekes24.lt\/et\/wp-json\/wp\/v2\/product_cat?post=23173"},{"taxonomy":"product_tag","embeddable":true,"href":"https:\/\/zooprekes24.lt\/et\/wp-json\/wp\/v2\/product_tag?post=23173"}],"curies":[{"name":"wp","href":"https:\/\/api.w.org\/{rel}","templated":true}]}}