{"id":23169,"date":"2024-04-19T13:16:45","date_gmt":"2024-04-19T10:16:45","guid":{"rendered":"https:\/\/zooprekes24.lt\/produktas\/royal-canin-mini-adult-8\/"},"modified":"2025-07-14T16:09:25","modified_gmt":"2025-07-14T14:09:25","slug":"royal-canin-mini-adult-8","status":"publish","type":"product","link":"https:\/\/zooprekes24.lt\/et\/produktas\/royal-canin-mini-adult-8\/","title":{"rendered":"Royal Canin Mini Adult 8+ kuivtoit koertele"},"content":{"rendered":"<h3>Royal Canin Mini Adult 8+ <a href=\"https:\/\/www.royalcanin.com\/lt\/tailored-nutrition\" target=\"_blank\" rel=\"noopener\">spetsiaalselt tasakaalustatud<\/a> Kuivtoit t\u00e4iskasvanud v\u00e4ikest t\u00f5ugu (kuni 10kg) koertele alates 8. eluaastast. Ainulaadne koostis aitab v\u00f5idelda esimeste vananemism\u00e4rkide vastu teie lemmikloomal.<\/h3>\n<ul>\n<li>Royal Canin Mini Adult 8+ sisaldab patenteeritud antioks\u00fcdantide kompleksi koos prebiootikumidega, <a href=\"https:\/\/zooprekes24.lt\/et\/?s=adult+small+breed&amp;post_type=product\" target=\"_blank\" rel=\"noopener\">tugevdab koera loomulikku kaitsev\u00f5imet. <\/a>ja v\u00f5itleb esimeste vananemism\u00e4rkide vastu, et s\u00e4ilitada koera eluj\u00f5udu ja suurep\u00e4rast tervist.<\/li>\n<li>Oma erilise kuju ja tekstuuriga pelletid ei ole mitte ainult maitsvad, vaid ka kergesti hammustatavad ja sobivad v\u00e4ikestele l\u00f5uadele.<\/li>\n<li><a href=\"https:\/\/www.youtube.com\/watch?v=FYwO1fiYoa8&amp;t=1s\" target=\"_blank\" rel=\"noopener\">Eritoidu koostis<\/a> s\u00e4ilitab koera karvkatte ilu ja tugevdab naha loomulikke kaitseprotsesse.<\/li>\n<li>Toidus olev naatriumpol\u00fcfosfaat aitab v\u00e4ltida kaltsiumplaadi moodustumist hammastele. Samuti puhastavad graanulid t\u00e4nu toidu ainulaadsele kujule n\u00e4rimisel mehaaniliselt hambaid ja v\u00e4hendavad hambakivi.<\/li>\n<\/ul>\n<p><img loading=\"lazy\" decoding=\"async\" class=\"wp-image-9456\" src=\"https:\/\/zooprekes24.lt\/wp-content\/uploads\/mini-adult-seniems.png\" alt=\"Mini Adult logo\" width=\"280\" height=\"281\" \/><\/p>","protected":false},"excerpt":{"rendered":"<p>Royal Canin Mini Adult 8+ specialiai subalansuotas suaugusi\u0173, ma\u017e\u0173 veisli\u0173 veisli\u0173 (iki 10kg) \u0161un\u0173 sausas maistas nuo 8 met\u0173 am\u017eiaus. Unikali maisto formul\u0117 padeda kovoti su pirmaisiais augintinio sen\u0117jimo po\u017eymiais. Royal Canin Mini Adult 8+ maisto sud\u0117tyje esantis patentuotas antioksidant\u0173 kompleksas, kartu su prebiotikais, stiprina nat\u016brali\u0105 \u0161uns organizmo apsaug\u0105 bei kovoja su pirmaisiais sen\u0117jimo po\u017eymiais&#8230;<\/p>","protected":false},"featured_media":28313,"comment_status":"closed","ping_status":"closed","template":"","meta":{"_acf_changed":false,"slim_seo":{"title":"Royal Canin Mini Adult 8+ sausas maistas \u0161unims - Zooprekes24","description":"Royal Canin Mini Adult 8+ specialiai subalansuotas suaugusi\u0173, ma\u017e\u0173 veisli\u0173 veisli\u0173 (iki 10kg) \u0161un\u0173 sausas maistas nuo 8 met\u0173 am\u017eiaus. Unikali maisto formul\u0117 pad"},"iawp_total_views":599},"product_brand":[],"product_cat":[9012,9002,8999,29,31],"product_tag":[176,177,200],"class_list":{"0":"post-23169","1":"product","2":"type-product","3":"status-publish","4":"has-post-thumbnail","6":"product_cat-royal-canin","7":"product_cat-sausas-maistas","8":"product_cat-sunims","9":"product_cat-sunu-maistas","10":"product_cat-sunu-prekiu-gamintojai","11":"product_tag-begrudis-sunu-maistas","12":"product_tag-edalas-sunims","13":"product_tag-super-premium-maistas-sunims","14":"pa_pasaro-sudetis-ryziai","15":"pa_pasaro-sudetis-vistiena","16":"pa_prekiu-zenklai-royal-canin","17":"pa_suns-amzius-senjorams","18":"pa_suns-amzius-suaugusiems","19":"pa_veisles-dydis-mazoms-veislems","21":"first","22":"instock","23":"taxable","24":"shipping-taxable","25":"purchasable","26":"product-type-variable"},"acf":[],"_links":{"self":[{"href":"https:\/\/zooprekes24.lt\/et\/wp-json\/wp\/v2\/product\/23169","targetHints":{"allow":["GET"]}}],"collection":[{"href":"https:\/\/zooprekes24.lt\/et\/wp-json\/wp\/v2\/product"}],"about":[{"href":"https:\/\/zooprekes24.lt\/et\/wp-json\/wp\/v2\/types\/product"}],"replies":[{"embeddable":true,"href":"https:\/\/zooprekes24.lt\/et\/wp-json\/wp\/v2\/comments?post=23169"}],"wp:featuredmedia":[{"embeddable":true,"href":"https:\/\/zooprekes24.lt\/et\/wp-json\/wp\/v2\/media\/28313"}],"wp:attachment":[{"href":"https:\/\/zooprekes24.lt\/et\/wp-json\/wp\/v2\/media?parent=23169"}],"wp:term":[{"taxonomy":"product_brand","embeddable":true,"href":"https:\/\/zooprekes24.lt\/et\/wp-json\/wp\/v2\/product_brand?post=23169"},{"taxonomy":"product_cat","embeddable":true,"href":"https:\/\/zooprekes24.lt\/et\/wp-json\/wp\/v2\/product_cat?post=23169"},{"taxonomy":"product_tag","embeddable":true,"href":"https:\/\/zooprekes24.lt\/et\/wp-json\/wp\/v2\/product_tag?post=23169"}],"curies":[{"name":"wp","href":"https:\/\/api.w.org\/{rel}","templated":true}]}}