{"id":23166,"date":"2024-04-19T13:16:45","date_gmt":"2024-04-19T10:16:45","guid":{"rendered":"https:\/\/zooprekes24.lt\/produktas\/royal-canin-mini-starter\/"},"modified":"2025-07-14T17:05:04","modified_gmt":"2025-07-14T15:05:04","slug":"royal-canin-mini-starter","status":"publish","type":"product","link":"https:\/\/zooprekes24.lt\/et\/produktas\/royal-canin-mini-starter\/","title":{"rendered":"Royal Canin Mini Starter kuivtoit koertele"},"content":{"rendered":"<h3>Royal Canin Mini Starter &#8211; <a href=\"https:\/\/www.royalcanin.com\/lt\/tailored-nutrition\" target=\"_blank\" rel=\"noopener\">spetsiaalselt tasakaalustatud<\/a> Kuivtoit v\u00e4ikestele t\u00f5ugudele tiinetele ja imetavatele emastele (kuni 10 kg) ning 4-8 n\u00e4dala vanustele kutsikatele. Spetsiaalselt valmistatud graanulid, mis on kohandatud v\u00e4ikestele l\u00f5uadele ja maitsvad maitsed, mis meeldivad ka k\u00f5ige n\u00f5udlikumatele kutsikatele.<\/h3>\n<ul>\n<li>Royal Canin Mini Starter sisaldab rinnapiimas leiduvate toitainete spetsiaalset kombinatsiooni, mida on t\u00e4iendatud spetsiaalsete toitainetega.<a href=\"https:\/\/zooprekes24.lt\/et\/?s=puppy&amp;post_type=product\" target=\"_blank\" rel=\"noopener\"> tagab kutsikatele optimaalse seedetrakti toimimise.<\/a> ja tugevdab keha loomulikku kaitset.<\/li>\n<li><a href=\"https:\/\/www.youtube.com\/watch?v=FYwO1fiYoa8&amp;t=1s\" target=\"_blank\" rel=\"noopener\">Ainulaadne toidu koostis<\/a> kohandatud emasloomade k\u00f5rgele energiavajadusele tiinuse ja imetamise ajal.<\/li>\n<li>Toidu k\u00f5rge energiasisaldus, kvaliteetne valk ja rasv aitavad kutsikatel \u00fcleminekul rinnapiimalt tahkele toidule.<\/li>\n<li>Graanulide eriline tekstuur on niisutav ja pehmendatav pudru konsistentsile.<\/li>\n<\/ul>\n<p><img loading=\"lazy\" decoding=\"async\" class=\"wp-image-9452\" src=\"https:\/\/zooprekes24.lt\/wp-content\/uploads\/mini-starter.png\" alt=\"Mini starter logo\" width=\"280\" height=\"251\" \/><\/p>","protected":false},"excerpt":{"rendered":"<p>Royal Canin Mini Starter &#8211; specialiai subalansuotas sausas maistas ma\u017e\u0173 veisli\u0173 n\u0117\u0161\u010dioms ir \u017eindan\u010dioms kal\u0117ms (iki 10 kg) bei \u0161uniukams nuo 4 iki 8 savai\u010di\u0173 am\u017eiaus. Ypatingos gamybos granul\u0117s pritaikytos ma\u017eiems \u017eandikauliams bei gardus skonis, kuris patiks net i\u0161rankiausiems ma\u017eyliams. Royal Canin Mini Starter maisto sud\u0117tyje esantis ypatingas maistini\u0173 element\u0173, esan\u010di\u0173 motinos piene, derinys, pagerintas&#8230;<\/p>","protected":false},"featured_media":20039,"comment_status":"closed","ping_status":"closed","template":"","meta":{"_acf_changed":false,"slim_seo":{"title":"Royal Canin Mini Starter sausas maistas \u0161unims - Zooprekes24","description":"Royal Canin Mini Starter - specialiai subalansuotas sausas maistas ma\u017e\u0173 veisli\u0173 n\u0117\u0161\u010dioms ir \u017eindan\u010dioms kal\u0117ms (iki 10 kg) bei \u0161uniukams nuo 4 iki 8 savai\u010di\u0173 am"},"iawp_total_views":787},"product_brand":[],"product_cat":[9012,9002,8999,29,31],"product_tag":[176,177,200],"class_list":{"0":"post-23166","1":"product","2":"type-product","3":"status-publish","4":"has-post-thumbnail","6":"product_cat-royal-canin","7":"product_cat-sausas-maistas","8":"product_cat-sunims","9":"product_cat-sunu-maistas","10":"product_cat-sunu-prekiu-gamintojai","11":"product_tag-begrudis-sunu-maistas","12":"product_tag-edalas-sunims","13":"product_tag-super-premium-maistas-sunims","14":"pa_pasaro-sudetis-ryziai","15":"pa_pasaro-sudetis-vistiena","16":"pa_prekiu-zenklai-royal-canin","17":"pa_suns-amzius-jauniems","18":"pa_suns-amzius-suaugusiems","19":"pa_veisles-dydis-mazoms-veislems","20":"pa_veisles-dydis-vidutinems-veislems","22":"first","23":"instock","24":"taxable","25":"shipping-taxable","26":"purchasable","27":"product-type-variable"},"acf":[],"_links":{"self":[{"href":"https:\/\/zooprekes24.lt\/et\/wp-json\/wp\/v2\/product\/23166","targetHints":{"allow":["GET"]}}],"collection":[{"href":"https:\/\/zooprekes24.lt\/et\/wp-json\/wp\/v2\/product"}],"about":[{"href":"https:\/\/zooprekes24.lt\/et\/wp-json\/wp\/v2\/types\/product"}],"replies":[{"embeddable":true,"href":"https:\/\/zooprekes24.lt\/et\/wp-json\/wp\/v2\/comments?post=23166"}],"wp:featuredmedia":[{"embeddable":true,"href":"https:\/\/zooprekes24.lt\/et\/wp-json\/wp\/v2\/media\/20039"}],"wp:attachment":[{"href":"https:\/\/zooprekes24.lt\/et\/wp-json\/wp\/v2\/media?parent=23166"}],"wp:term":[{"taxonomy":"product_brand","embeddable":true,"href":"https:\/\/zooprekes24.lt\/et\/wp-json\/wp\/v2\/product_brand?post=23166"},{"taxonomy":"product_cat","embeddable":true,"href":"https:\/\/zooprekes24.lt\/et\/wp-json\/wp\/v2\/product_cat?post=23166"},{"taxonomy":"product_tag","embeddable":true,"href":"https:\/\/zooprekes24.lt\/et\/wp-json\/wp\/v2\/product_tag?post=23166"}],"curies":[{"name":"wp","href":"https:\/\/api.w.org\/{rel}","templated":true}]}}