{"id":23160,"date":"2024-04-19T13:16:32","date_gmt":"2024-04-19T10:16:32","guid":{"rendered":"https:\/\/zooprekes24.lt\/produktas\/royal-canin-x-small-puppy\/"},"modified":"2026-02-27T11:55:44","modified_gmt":"2026-02-27T09:55:44","slug":"royal-canin-x-vaike-kutsikas","status":"publish","type":"product","link":"https:\/\/zooprekes24.lt\/et\/produktas\/royal-canin-x-small-puppy\/","title":{"rendered":"Royal Canin X Small Puppy kuivtoit kutsikatele"},"content":{"rendered":"<h3>Royal Canin X Small Puppy - <a href=\"https:\/\/www.royalcanin.com\/lt\/tailored-nutrition\" target=\"_blank\" rel=\"noopener\">spetsiaalselt tasakaalustatud<\/a> kuivtoit v\u00e4ga v\u00e4ikestele kutsikatele (kuni 4 kg) kuni 10 kuu vanuseni. Tugevdab kutsika loomulikku kaitsev\u00f5imet, tasakaalustab seedetrakti mikrofloorat ja v\u00e4hendab hambakattu.<\/h3>\n<ul>\n<li>Royal Canin X Small Puppy sisaldab patenteeritud antioks\u00fcdantide kompleksi koos prebiootikumidega, <a href=\"https:\/\/zooprekes24.lt\/et\/?s=puppy+&amp;post_type=product\" target=\"_blank\" rel=\"noopener\">tugevdab teie kutsika organismi loomulikku kaitsev\u00f5imet.<\/a><\/li>\n<li>Oma erilise kuju ja tekstuuriga pelletid ei ole mitte ainult maitsvad, vaid ka kergesti hammustatavad ja sobivad v\u00e4ikestele l\u00f5uadele.<\/li>\n<li><a href=\"https:\/\/www.youtube.com\/watch?v=FYwO1fiYoa8&amp;t=1s\" target=\"_blank\" rel=\"noopener\">Eritoidu koostis<\/a> toidab v\u00e4ikeste kutsikate ilu ja tugevdab naha loomulikke kaitseprotsesse.<\/li>\n<li>V\u00e4ga h\u00e4sti seeditava valgu (LIP), kontsentreeritud energia ja Acti-Flora kompleksi (probiootikumid ja laialehine plantaan) kombinatsioon, mis ei koorma mao \u00fcle, tagab tundlikele kutsikatele maksimaalse seedimise tervise.<\/li>\n<\/ul>\n<p><img loading=\"lazy\" decoding=\"async\" class=\"wp-image-9433\" src=\"https:\/\/zooprekes24.lt\/wp-content\/uploads\/df436b30c857a933803f02ff56273e02.png\" alt=\"Royal Canin X Small Puppy logo\" width=\"250\" height=\"283\" \/><\/p>","protected":false},"excerpt":{"rendered":"<p>Royal Canin X Small Puppy &#8211; specialiai subalansuotas labai ma\u017e\u0173 veisli\u0173 \u0161uniuk\u0173 (iki 4 kg) sausas maistas iki 10 m\u0117nesi\u0173 am\u017eiaus. Stiprina nat\u016brali\u0105 \u0161uniuko organizmo apsaug\u0105, subalansuoja vir\u0161kinamojo trakto mikroflor\u0105 bei ma\u017eina dant\u0173 apna\u0161\u0173 kiek\u012f. Royal Canin X Small Puppy maisto sud\u0117tyje esantis patentuotas antioksidant\u0173 kompleksas, kartu su prebiotikais, stiprina nat\u016brali\u0105 \u0161uniuko organizmo apsaug\u0105. I\u0161kirtin\u0117s&#8230;<\/p>","protected":false},"featured_media":20034,"comment_status":"closed","ping_status":"closed","template":"","meta":{"_acf_changed":false,"slim_seo":{"title":"Royal Canin X Small Puppy sausas maistas \u0161uniukams - Zooprekes24","description":"Royal Canin X Small Puppy on spetsiaalselt tasakaalustatud kuivtoit v\u00e4ga v\u00e4ikestele (kuni 4 kg) kuni 10 kuu vanustele kutsikatele. Tugevdab kutsika loomulikku org"},"iawp_total_views":435},"product_brand":[],"product_cat":[9012,9002,8999,29,31],"product_tag":[176,177,200],"class_list":{"0":"post-23160","1":"product","2":"type-product","3":"status-publish","4":"has-post-thumbnail","6":"product_cat-royal-canin","7":"product_cat-sausas-maistas","8":"product_cat-sunims","9":"product_cat-sunu-maistas","10":"product_cat-sunu-prekiu-gamintojai","11":"product_tag-begrudis-sunu-maistas","12":"product_tag-edalas-sunims","13":"product_tag-super-premium-maistas-sunims","14":"pa_pasaro-sudetis-ryziai","15":"pa_pasaro-sudetis-vistiena","16":"pa_prekiu-zenklai-royal-canin","17":"pa_suns-amzius-jauniems","18":"pa_veisles-dydis-mazoms-veislems","20":"first","21":"instock","22":"sale","23":"taxable","24":"shipping-taxable","25":"purchasable","26":"product-type-variable"},"acf":[],"_links":{"self":[{"href":"https:\/\/zooprekes24.lt\/et\/wp-json\/wp\/v2\/product\/23160","targetHints":{"allow":["GET"]}}],"collection":[{"href":"https:\/\/zooprekes24.lt\/et\/wp-json\/wp\/v2\/product"}],"about":[{"href":"https:\/\/zooprekes24.lt\/et\/wp-json\/wp\/v2\/types\/product"}],"replies":[{"embeddable":true,"href":"https:\/\/zooprekes24.lt\/et\/wp-json\/wp\/v2\/comments?post=23160"}],"wp:featuredmedia":[{"embeddable":true,"href":"https:\/\/zooprekes24.lt\/et\/wp-json\/wp\/v2\/media\/20034"}],"wp:attachment":[{"href":"https:\/\/zooprekes24.lt\/et\/wp-json\/wp\/v2\/media?parent=23160"}],"wp:term":[{"taxonomy":"product_brand","embeddable":true,"href":"https:\/\/zooprekes24.lt\/et\/wp-json\/wp\/v2\/product_brand?post=23160"},{"taxonomy":"product_cat","embeddable":true,"href":"https:\/\/zooprekes24.lt\/et\/wp-json\/wp\/v2\/product_cat?post=23160"},{"taxonomy":"product_tag","embeddable":true,"href":"https:\/\/zooprekes24.lt\/et\/wp-json\/wp\/v2\/product_tag?post=23160"}],"curies":[{"name":"wp","href":"https:\/\/api.w.org\/{rel}","templated":true}]}}