{"id":23158,"date":"2024-04-19T13:16:32","date_gmt":"2024-04-19T10:16:32","guid":{"rendered":"https:\/\/zooprekes24.lt\/produktas\/royal-canin-dachshund-adult-konservai\/"},"modified":"2025-12-30T16:16:27","modified_gmt":"2025-12-30T14:16:27","slug":"royal-canin-dachshund-adult-konservai","status":"publish","type":"product","link":"https:\/\/zooprekes24.lt\/et\/produktas\/royal-canin-dachshund-adult-konservai\/","title":{"rendered":"Royal Canin Dachshund Adult konservtoit koertele"},"content":{"rendered":"<h3>Royal Canin Dachshund Adult &#8211; specialiai sukurtas ir subalansuotas \u0161lapias \u0117dalas suaugusiems taksams nuo 10 m\u0117nesi\u0173 am\u017eiaus. Sud\u0117tyje esan\u010dios med\u017eiagos stiprina \u0161uns s\u0105narius, palaiko tinkam\u0105 raumen\u0173 tonus\u0105 ir u\u017etikrina pilnavert\u012f ir sveik\u0105 augintinio gyvenim\u0105.<\/h3>\n<ul>\n<li>Gl\u00fckoosamiini, kondroitiini ja k\u00f5rge eikosapentaeenhappe (EPA) ja dokosaheksaeenhappe (DHA) kombinatsioon tugevdab taksikoera l\u00fchikeste j\u00e4semete liigeseid (kus selgrool\u00fclidele avaldatakse suurt mehaanilist survet) ja s\u00e4ilitab k\u00f5hre optimaalse h\u00fcdratsiooni.<\/li>\n<li>Kvaliteetsed valgud ja <a href=\"https:\/\/www.youtube.com\/watch?v=FYwO1fiYoa8&amp;t=1s\" target=\"_blank\" rel=\"noopener\">spetsiaalselt valitud koostis<\/a> s\u00e4ilitab teie lemmiklooma lihastoonuse ja hoiab \u00e4ra liigse kehakaalu kogunemise.<\/li>\n<li><a href=\"https:\/\/zooprekes24.lt\/et\/kategorija\/prekes-sunims\/koeratoodete-tootjad\/royal-canin-sunims\/\" target=\"_blank\" rel=\"noopener\">Royal Canin<\/a> Dachshund Adult'i ainulaadne konserveeritud koostis aitab v\u00e4hendada v\u00e4ljaheidete hulka ja nende ebameeldivat l\u00f5hna.<\/li>\n<\/ul>\n<p><img loading=\"lazy\" decoding=\"async\" class=\"alignnone wp-image-8707\" src=\"https:\/\/zooprekes24.lt\/wp-content\/uploads\/dachshund-adult-black-and-white.png\" alt=\"ta\u0161\u0161und t\u00e4iskasvanud-must-valge\" width=\"349\" height=\"262\" \/><\/p>","protected":false},"excerpt":{"rendered":"<p>Royal Canin Dachshund Adult &#8211; specialiai sukurtas ir subalansuotas \u0161lapias \u0117dalas suaugusiems taksams nuo 10 m\u0117nesi\u0173 am\u017eiaus. Sud\u0117tyje esan\u010dios med\u017eiagos stiprina \u0161uns s\u0105narius, palaiko tinkam\u0105 raumen\u0173 tonus\u0105 ir u\u017etikrina pilnavert\u012f ir sveik\u0105 augintinio gyvenim\u0105. Gliukozamino, chondroitino junginys bei dideli eikozapentaeno (EPA) ir dokozaheksaeno (DHA) riebal\u0173 r\u016bg\u0161\u010di\u0173 kiekiai stiprina trump\u0173 taks\u0173 gal\u016bni\u0173 s\u0105narius (kuri\u0173 slanksteliai patiria&#8230;<\/p>","protected":false},"featured_media":20031,"comment_status":"closed","ping_status":"closed","template":"","meta":{"_acf_changed":false,"slim_seo":{"title":"Royal Canin Dachshund Adult konservai \u0161unims - Zooprekes24","description":"Royal Canin Dachshund Adult - specialiai sukurtas ir subalansuotas \u0161lapias \u0117dalas suaugusiems taksams nuo 10 m\u0117nesi\u0173 am\u017eiaus. Sud\u0117tyje esan\u010dios med\u017eiagos stipri"},"iawp_total_views":150},"product_brand":[],"product_cat":[9012,9004,8999,29,31],"product_tag":[176,177,4086,200],"class_list":{"0":"post-23158","1":"product","2":"type-product","3":"status-publish","4":"has-post-thumbnail","6":"product_cat-royal-canin","7":"product_cat-slapias-maistas","8":"product_cat-sunims","9":"product_cat-sunu-maistas","10":"product_cat-sunu-prekiu-gamintojai","11":"product_tag-begrudis-sunu-maistas","12":"product_tag-edalas-sunims","13":"product_tag-royal-canin-maistas-taksui","14":"product_tag-super-premium-maistas-sunims","15":"pa_pasaro-sudetis-vistiena","16":"pa_prekiu-zenklai-royal-canin","17":"pa_suns-amzius-suaugusiems","18":"pa_veisles-dydis-mazoms-veislems","20":"first","21":"instock","22":"sale","23":"taxable","24":"shipping-taxable","25":"purchasable","26":"product-type-variable"},"acf":[],"_links":{"self":[{"href":"https:\/\/zooprekes24.lt\/et\/wp-json\/wp\/v2\/product\/23158","targetHints":{"allow":["GET"]}}],"collection":[{"href":"https:\/\/zooprekes24.lt\/et\/wp-json\/wp\/v2\/product"}],"about":[{"href":"https:\/\/zooprekes24.lt\/et\/wp-json\/wp\/v2\/types\/product"}],"replies":[{"embeddable":true,"href":"https:\/\/zooprekes24.lt\/et\/wp-json\/wp\/v2\/comments?post=23158"}],"wp:featuredmedia":[{"embeddable":true,"href":"https:\/\/zooprekes24.lt\/et\/wp-json\/wp\/v2\/media\/20031"}],"wp:attachment":[{"href":"https:\/\/zooprekes24.lt\/et\/wp-json\/wp\/v2\/media?parent=23158"}],"wp:term":[{"taxonomy":"product_brand","embeddable":true,"href":"https:\/\/zooprekes24.lt\/et\/wp-json\/wp\/v2\/product_brand?post=23158"},{"taxonomy":"product_cat","embeddable":true,"href":"https:\/\/zooprekes24.lt\/et\/wp-json\/wp\/v2\/product_cat?post=23158"},{"taxonomy":"product_tag","embeddable":true,"href":"https:\/\/zooprekes24.lt\/et\/wp-json\/wp\/v2\/product_tag?post=23158"}],"curies":[{"name":"wp","href":"https:\/\/api.w.org\/{rel}","templated":true}]}}