{"id":23156,"date":"2024-04-19T13:16:32","date_gmt":"2024-04-19T10:16:32","guid":{"rendered":"https:\/\/zooprekes24.lt\/produktas\/royal-canin-chihuahua-adult-konservai\/"},"modified":"2025-12-30T16:15:35","modified_gmt":"2025-12-30T14:15:35","slug":"royal-canin-chihuahua-taiskasvanud","status":"publish","type":"product","link":"https:\/\/zooprekes24.lt\/et\/produktas\/royal-canin-chihuahua-adult-konservai\/","title":{"rendered":"Royal Canin Chihuahua Adult konservtoit koertele"},"content":{"rendered":"<h3>Royal Canin Chihuahua Adult on spetsiaalselt v\u00e4ljat\u00f6\u00f6tatud ja tasakaalustatud m\u00e4rgtoit t\u00e4iskasvanud chihuahuasile alates 8 kuu vanusest. Eksklusiivne koostis ning sobiva suurusega ja kujuga konservit\u00fckid rahuldavad ka k\u00f5ige n\u00f5udlikuma Chihuahua s\u00f6\u00f6giisu.<\/h3>\n<ul>\n<li>S\u00e4ilitusainetes sisalduvad kelaativad ained p\u00e4rsivad hambakivi moodustumist.<\/li>\n<li>Spetsiaalse kujuga ja tekstuuriga m\u00e4rja toidu t\u00fckid v\u00e4ga v\u00e4ikestele chihuahua l\u00f5uadele.<\/li>\n<li><a href=\"https:\/\/zooprekes24.lt\/et\/kategorija\/prekes-sunims\/koeratoodete-tootjad\/royal-canin-sunims\/\" target=\"_blank\" rel=\"noopener\">Erakordsete maitsete kombinatsioon<\/a> rahuldab ka k\u00f5ige n\u00f5udlikumate gurmaanide isu.<\/li>\n<li><a href=\"https:\/\/www.youtube.com\/watch?v=FYwO1fiYoa8&amp;t=1s\" target=\"_blank\" rel=\"noopener\">Spetsiaalne valem<\/a> v\u00e4hendab fekaalseid aineid ja halba hinge\u00f5hku.<\/li>\n<\/ul>\n<p><img loading=\"lazy\" decoding=\"async\" class=\"wp-image-8949\" src=\"https:\/\/zooprekes24.lt\/wp-content\/uploads\/bd6h-chihuahua-adult-in-black-and-white-1-1.png\" alt=\"Chihuahua\" width=\"349\" height=\"262\" \/><\/p>","protected":false},"excerpt":{"rendered":"<p>Royal Canin Chihuahua Adult &#8211; specialiai sukurtas ir subalansuotas \u0161lapias \u0117dalas suaugusiems \u010cihuahua veisl\u0117s \u0161unims nuo 8 m\u0117nesi\u0173 am\u017eiaus. I\u0161skirtin\u0117 formul\u0117 bei atitinkamo dyd\u017eio ir formos konserv\u0173 gabaliukai patenkins net i\u0161rankiausi\u0173 \u010cihuahua \u0161un\u0173 apetit\u0105. Konserv\u0173 sud\u0117tyje esan\u010dios chelatin\u0117s med\u017eiagos stabdo dant\u0173 akmen\u0173 formavim\u0105si. Ypatingos formos ir tekst\u016bros \u0161lapio \u0117dalo gabaliukai pritaikyti labai ma\u017eiems \u010dihuahua \u017eandikauliams&#8230;.<\/p>","protected":false},"featured_media":20028,"comment_status":"closed","ping_status":"closed","template":"","meta":{"_acf_changed":false,"slim_seo":{"title":"Royal Canin Chihuahua Adult konservai \u0161unims - Zooprekes24","description":"Royal Canin Chihuahua Adult on spetsiaalselt koostatud ja tasakaalustatud m\u00e4rgtoit t\u00e4iskasvanud chihuahuasile alates 8 kuu vanusest. Eksklusiivne koostis"},"iawp_total_views":375},"product_brand":[],"product_cat":[9012,9004,8999,29,31],"product_tag":[177,4080,200],"class_list":{"0":"post-23156","1":"product","2":"type-product","3":"status-publish","4":"has-post-thumbnail","6":"product_cat-royal-canin","7":"product_cat-slapias-maistas","8":"product_cat-sunims","9":"product_cat-sunu-maistas","10":"product_cat-sunu-prekiu-gamintojai","11":"product_tag-edalas-sunims","12":"product_tag-konservai-cihuahua","13":"product_tag-super-premium-maistas-sunims","14":"pa_pasaro-sudetis-vistiena","15":"pa_prekiu-zenklai-royal-canin","16":"pa_suns-amzius-suaugusiems","17":"pa_veisles-dydis-mazoms-veislems","19":"first","20":"instock","21":"sale","22":"taxable","23":"shipping-taxable","24":"purchasable","25":"product-type-variable"},"acf":[],"_links":{"self":[{"href":"https:\/\/zooprekes24.lt\/et\/wp-json\/wp\/v2\/product\/23156","targetHints":{"allow":["GET"]}}],"collection":[{"href":"https:\/\/zooprekes24.lt\/et\/wp-json\/wp\/v2\/product"}],"about":[{"href":"https:\/\/zooprekes24.lt\/et\/wp-json\/wp\/v2\/types\/product"}],"replies":[{"embeddable":true,"href":"https:\/\/zooprekes24.lt\/et\/wp-json\/wp\/v2\/comments?post=23156"}],"wp:featuredmedia":[{"embeddable":true,"href":"https:\/\/zooprekes24.lt\/et\/wp-json\/wp\/v2\/media\/20028"}],"wp:attachment":[{"href":"https:\/\/zooprekes24.lt\/et\/wp-json\/wp\/v2\/media?parent=23156"}],"wp:term":[{"taxonomy":"product_brand","embeddable":true,"href":"https:\/\/zooprekes24.lt\/et\/wp-json\/wp\/v2\/product_brand?post=23156"},{"taxonomy":"product_cat","embeddable":true,"href":"https:\/\/zooprekes24.lt\/et\/wp-json\/wp\/v2\/product_cat?post=23156"},{"taxonomy":"product_tag","embeddable":true,"href":"https:\/\/zooprekes24.lt\/et\/wp-json\/wp\/v2\/product_tag?post=23156"}],"curies":[{"name":"wp","href":"https:\/\/api.w.org\/{rel}","templated":true}]}}