{"id":23145,"date":"2024-04-19T13:16:22","date_gmt":"2024-04-19T10:16:22","guid":{"rendered":"https:\/\/zooprekes24.lt\/produktas\/royal-canin-pomeranian-adult\/"},"modified":"2026-02-27T11:47:07","modified_gmt":"2026-02-27T09:47:07","slug":"royal-canin-pomeranian-adult","status":"publish","type":"product","link":"https:\/\/zooprekes24.lt\/et\/produktas\/royal-canin-pomeranian-adult\/","title":{"rendered":"Royal Canin Pomeranian Adult kuivtoit koertele"},"content":{"rendered":"<h3>Royal Canin Pomeranian Adult - <a href=\"https:\/\/www.royalcanin.com\/lt\/tailored-nutrition\" target=\"_blank\" rel=\"noopener\">t\u00e4ie\u00f5iguslik<\/a> Kuivtoit t\u00e4iskasvanud pomerani spitsidele alates 8 kuu vanusest.<\/h3>\n<ul>\n<li>Tihe karvkate koos rohke aluskarvaga on selle t\u00f5u suurep\u00e4rane omadus, mis n\u00f5uab erilist hoolt. Seet\u00f5ttu on toit rikastatud suure EPR, DHA ja boorage\u00f5li sisaldusega, mis aitab s\u00e4ilitada spitsi naha ja naha suurep\u00e4rast tervist. <a href=\"https:\/\/zooprekes24.lt\/et\/toode\/canina-biotin-forte-tabletid\/\" target=\"_blank\" rel=\"noopener\">k\u00fcllastab karvkatte vajaliku koguse niiskusega<\/a>.<\/li>\n<li>Royal Canin Pomeranian Adult'i tasakaalustatud kiudainesegu aitab toetada teie lemmiklooma optimaalset soolestiku funktsiooni.<\/li>\n<li>Graanulite kuju, suurus ja tekstuur <a href=\"https:\/\/www.youtube.com\/watch?v=FYwO1fiYoa8&amp;t=1s\" target=\"_blank\" rel=\"noopener\">spetsiaalselt v\u00e4ikestele koerte l\u00f5uadele kohandatud<\/a>. T\u00e4nu kaltsiumkelaatoritele aitab see eriline koostis v\u00e4hendada hambakivi moodustumist, s\u00e4ilitades seega suurep\u00e4rase hambaravi ja suuh\u00fcgieeni.<\/li>\n<\/ul>\n<p><img loading=\"lazy\" decoding=\"async\" class=\"alignnone wp-image-8824\" src=\"https:\/\/zooprekes24.lt\/wp-content\/uploads\/pomeranian-adult.png\" alt=\"pomeranian-adult\" width=\"350\" height=\"288\" \/><\/p>","protected":false},"excerpt":{"rendered":"<p>Royal Canin Pomeranian Adult &#8211; visavertis sausas maistas suaugusiems Pomeranijos veisl\u0117s \u0161picams nuo 8 m\u0117nesi\u0173 am\u017eiaus. Tankus kailis su gausia povilne yra nuostabus \u0161ios veisl\u0117s \u0161uns bruo\u017eas kuris reikalauja ypatingos prie\u017ei\u016bros. B\u016btent tod\u0117l maisto sud\u0117tis praturtinta dideliu EPR, DHR ir agurkl\u0117s aliejaus kiekiu, kuris padeda palaikyti puikia \u0161pico odos sveikat\u0105 ir prisotina kailiuk\u0105 reikalingu dr\u0117gm\u0117s&#8230;<\/p>","protected":false},"featured_media":20020,"comment_status":"closed","ping_status":"closed","template":"","meta":{"_acf_changed":false,"slim_seo":{"title":"Royal Canin Pomeranian Adult sausas maistas \u0161unims - Zooprekes24","description":"Royal Canin Pomeranian Adult - t\u00e4iss\u00f6\u00f6t t\u00e4iskasvanud pomerani spitsidele alates 8 kuu vanusest. Tihe karvkate koos rohke aluskarvaga on j\u00e4rjepidevalt"},"iawp_total_views":595},"product_brand":[],"product_cat":[9012,9002,8999,29,31],"product_tag":[176,177,4024,4025,200],"class_list":{"0":"post-23145","1":"product","2":"type-product","3":"status-publish","4":"has-post-thumbnail","6":"product_cat-royal-canin","7":"product_cat-sausas-maistas","8":"product_cat-sunims","9":"product_cat-sunu-maistas","10":"product_cat-sunu-prekiu-gamintojai","11":"product_tag-begrudis-sunu-maistas","12":"product_tag-edalas-sunims","13":"product_tag-royal-canin-pomeranijos-spicui","14":"product_tag-royal-canin-sausas-maistas-spicams","15":"product_tag-super-premium-maistas-sunims","16":"pa_pasaro-sudetis-ryziai","17":"pa_pasaro-sudetis-vistiena","18":"pa_prekiu-zenklai-royal-canin","19":"pa_suns-amzius-suaugusiems","20":"pa_veisles-dydis-mazoms-veislems","22":"first","23":"instock","24":"sale","25":"taxable","26":"shipping-taxable","27":"purchasable","28":"product-type-variable"},"acf":[],"_links":{"self":[{"href":"https:\/\/zooprekes24.lt\/et\/wp-json\/wp\/v2\/product\/23145","targetHints":{"allow":["GET"]}}],"collection":[{"href":"https:\/\/zooprekes24.lt\/et\/wp-json\/wp\/v2\/product"}],"about":[{"href":"https:\/\/zooprekes24.lt\/et\/wp-json\/wp\/v2\/types\/product"}],"replies":[{"embeddable":true,"href":"https:\/\/zooprekes24.lt\/et\/wp-json\/wp\/v2\/comments?post=23145"}],"wp:featuredmedia":[{"embeddable":true,"href":"https:\/\/zooprekes24.lt\/et\/wp-json\/wp\/v2\/media\/20020"}],"wp:attachment":[{"href":"https:\/\/zooprekes24.lt\/et\/wp-json\/wp\/v2\/media?parent=23145"}],"wp:term":[{"taxonomy":"product_brand","embeddable":true,"href":"https:\/\/zooprekes24.lt\/et\/wp-json\/wp\/v2\/product_brand?post=23145"},{"taxonomy":"product_cat","embeddable":true,"href":"https:\/\/zooprekes24.lt\/et\/wp-json\/wp\/v2\/product_cat?post=23145"},{"taxonomy":"product_tag","embeddable":true,"href":"https:\/\/zooprekes24.lt\/et\/wp-json\/wp\/v2\/product_tag?post=23145"}],"curies":[{"name":"wp","href":"https:\/\/api.w.org\/{rel}","templated":true}]}}