{"id":23142,"date":"2024-04-19T13:16:22","date_gmt":"2024-04-19T10:16:22","guid":{"rendered":"https:\/\/zooprekes24.lt\/produktas\/royal-canin-maltese-adult\/"},"modified":"2026-02-27T11:41:41","modified_gmt":"2026-02-27T09:41:41","slug":"royal-canin-maltese-adult","status":"publish","type":"product","link":"https:\/\/zooprekes24.lt\/et\/produktas\/royal-canin-maltese-adult\/","title":{"rendered":"Royal Canin Maltese Adult kuivtoit koertele"},"content":{"rendered":"<h3>Royal Canin Maltese Adult &#8211; <a href=\"https:\/\/www.royalcanin.com\/lt\/tailored-nutrition\" target=\"_blank\" rel=\"noopener\">t\u00e4ie\u00f5iguslik<\/a> Kuivtoit t\u00e4iskasvanud maltalaste bichonide jaoks alates 10 kuu vanusest. T\u00e4nu unikaalsele maitsekombinatsioonile rahuldab see koostis ka k\u00f5ige n\u00f5udlikuma koera s\u00f6\u00f6giisu.<\/h3>\n<ul>\n<li>Eriline <a href=\"https:\/\/zooprekes24.lt\/et\/kategorija\/prekes-sunims\/koeratoodete-tootjad\/royal-canin-sunims\/\" target=\"_blank\" rel=\"noopener\">Royal Canin<\/a> Graanulivorm julgustab maltallaste bichonite n\u00e4rimist ja toidus sisalduv naatriumpol\u00fcfosfaat v\u00e4hendab hambakivi.<\/li>\n<li>Boorage\u00f5li aitab toita pikka karvkatte, mis vajab erilist hoolt. Selles eksklusiivses koostises sisalduvad Omega 3 (EPR\/DHA) ja Omega 6 rasvhapped s\u00e4ilitavad teie lemmiklooma karvkatte valge v\u00e4rvuse.<\/li>\n<li>Royal Canin Maltese Adult toit aitab v\u00e4hendada v\u00e4ljaheidete hulka ja nende ebameeldivat l\u00f5hna.<\/li>\n<\/ul>\n<p><img loading=\"lazy\" decoding=\"async\" class=\"wp-image-9359\" src=\"https:\/\/zooprekes24.lt\/wp-content\/uploads\/Maltese.png\" alt=\"Malta logo\" width=\"270\" height=\"270\" \/><\/p>","protected":false},"excerpt":{"rendered":"<p>Royal Canin Maltese Adult &#8211; visavertis sausas maistas skirtas suaugusiems Maltos bi\u0161on\u0173 veisl\u0117s \u0161unims nuo 10 m\u0117nesi\u0173. D\u0117l i\u0161skirtinio skoni\u0173 derinio \u0161i formul\u0117 patenkins net i\u0161rankiausio \u0161uns apetit\u0105. Ypatinga Royal Canin granul\u0117s forma skatina Maltos bi\u0161onus kramtyti, o maisto sud\u0117tyje esantis natrio polifosfatas ma\u017eina dant\u0173 apna\u0161\u0173 kiek\u012f. Agurkli\u0173 aliejus padeda puosel\u0117ti ilg\u0105 ir ypatingos prie\u017ei\u016bros&#8230;<\/p>","protected":false},"featured_media":20017,"comment_status":"closed","ping_status":"closed","template":"","meta":{"_acf_changed":false,"slim_seo":{"title":"Royal Canin Maltese Adult sausas maistas \u0161unims - Zooprekes24","description":"Royal Canin Maltese Adult - visavertis sausas maistas skirtas suaugusiems Maltos bi\u0161on\u0173 veisl\u0117s \u0161unims nuo 10 m\u0117nesi\u0173. D\u0117l i\u0161skirtinio skoni\u0173 derinio \u0161i formul\u0117"},"iawp_total_views":132},"product_brand":[],"product_cat":[9012,9002,8999,29,31],"product_tag":[176,177,4009,200],"class_list":{"0":"post-23142","1":"product","2":"type-product","3":"status-publish","4":"has-post-thumbnail","6":"product_cat-royal-canin","7":"product_cat-sausas-maistas","8":"product_cat-sunims","9":"product_cat-sunu-maistas","10":"product_cat-sunu-prekiu-gamintojai","11":"product_tag-begrudis-sunu-maistas","12":"product_tag-edalas-sunims","13":"product_tag-royal-canin-maltos-bisonams","14":"product_tag-super-premium-maistas-sunims","15":"pa_pasaro-sudetis-ryziai","16":"pa_pasaro-sudetis-vistiena","17":"pa_prekiu-zenklai-royal-canin","18":"pa_suns-amzius-suaugusiems","19":"pa_veisles-dydis-mazoms-veislems","21":"first","22":"instock","23":"sale","24":"taxable","25":"shipping-taxable","26":"purchasable","27":"product-type-variable"},"acf":[],"_links":{"self":[{"href":"https:\/\/zooprekes24.lt\/et\/wp-json\/wp\/v2\/product\/23142","targetHints":{"allow":["GET"]}}],"collection":[{"href":"https:\/\/zooprekes24.lt\/et\/wp-json\/wp\/v2\/product"}],"about":[{"href":"https:\/\/zooprekes24.lt\/et\/wp-json\/wp\/v2\/types\/product"}],"replies":[{"embeddable":true,"href":"https:\/\/zooprekes24.lt\/et\/wp-json\/wp\/v2\/comments?post=23142"}],"wp:featuredmedia":[{"embeddable":true,"href":"https:\/\/zooprekes24.lt\/et\/wp-json\/wp\/v2\/media\/20017"}],"wp:attachment":[{"href":"https:\/\/zooprekes24.lt\/et\/wp-json\/wp\/v2\/media?parent=23142"}],"wp:term":[{"taxonomy":"product_brand","embeddable":true,"href":"https:\/\/zooprekes24.lt\/et\/wp-json\/wp\/v2\/product_brand?post=23142"},{"taxonomy":"product_cat","embeddable":true,"href":"https:\/\/zooprekes24.lt\/et\/wp-json\/wp\/v2\/product_cat?post=23142"},{"taxonomy":"product_tag","embeddable":true,"href":"https:\/\/zooprekes24.lt\/et\/wp-json\/wp\/v2\/product_tag?post=23142"}],"curies":[{"name":"wp","href":"https:\/\/api.w.org\/{rel}","templated":true}]}}