{"id":23139,"date":"2024-04-19T13:16:22","date_gmt":"2024-04-19T10:16:22","guid":{"rendered":"https:\/\/zooprekes24.lt\/produktas\/royal-canin-labrador-retriever-puppy\/"},"modified":"2026-02-27T11:27:54","modified_gmt":"2026-02-27T09:27:54","slug":"royal-canin-labrador-retriever-puppy","status":"publish","type":"product","link":"https:\/\/zooprekes24.lt\/et\/produktas\/royal-canin-labrador-retriever-puppy\/","title":{"rendered":"Royal Canin Labrador Retriiver Puppy kuivtoit kutsikatele"},"content":{"rendered":"<h3>Royal Canin Labrador Retriever Puppy &#8211; <a href=\"https:\/\/www.royalcanin.com\/lt\/tailored-nutrition\" target=\"_blank\" rel=\"noopener\">t\u00e4ie\u00f5iguslik<\/a> Spetsiaalselt tasakaalustatud kuivtoit noortele labradori retriiveritele vanuses 2-15 kuud. Sobiv energia-, valgu-, kaltsiumi- ja fosforisisaldus aitab labradoriretriiveri kutsikatel ehitada terveid ja tugevaid luid. Spetsiaalne koostis aitab tugevdada immuunsust ja tagada suurep\u00e4rase seedimise.<\/h3>\n<ul>\n<li><a href=\"https:\/\/zooprekes24.lt\/et\/kategorija\/prekes-sunims\/koeratoodete-tootjad\/royal-canin-sunims\/\" target=\"_blank\" rel=\"noopener\">Royal Canin<\/a> tugevdab noore kutsika keha loomulikku kaitset.<\/li>\n<li>Kohandatud energia, valk, kaltsium ja fosfor, mis aitavad labradoriretriiveri kutsikatel ehitada terveid ja tugevaid luid. Kondroitiin, gl\u00fckosamiin ning eikosapentaeenhape (EPA) ja dokosaheksaeenhape (DHA) tugevdavad kutsika liigeseid juba varases eas.<\/li>\n<li>See aitab s\u00e4ilitada labradori retriiveri kutsikate ideaalkaalu alates noorest east.<\/li>\n<li>Royal Canin Labrador Retriiver Puppy sisaldab prebiootikume ja laialehelist plantaani, et soodustada soolestiku floora tasakaalu.<\/li>\n<\/ul>\n<p><img loading=\"lazy\" decoding=\"async\" class=\"wp-image-9357\" src=\"https:\/\/zooprekes24.lt\/wp-content\/uploads\/rc_pup.jpg\" alt=\"Labradori kutsika logo\" width=\"200\" height=\"295\" \/><\/p>","protected":false},"excerpt":{"rendered":"<p>Royal Canin Labrador Retriever Puppy &#8211; visavertis sausas maistas, specialiai subalansuotas jauniems Labradoro retriveriams nuo 2-15 m\u0117nesi\u0173 am\u017eiaus. Pritaikytas energijos kiekis, baltymai, kalcis ir fosforas padeda formuotis sveikiems ir stipriems Labradoro retriveri\u0173 \u0161uniuk\u0173 kaulams. Ypatingos maisto formul\u0117s d\u0117ka stiprinamas imunitetas, u\u017etikrinamas puikus vir\u0161kinimas. Royal Canin stiprina nat\u016brali\u0105 jauno \u0161uniuko organizmo apsaug\u0105. Pritaikytas energijos kiekis, baltymai,&#8230;<\/p>","protected":false},"featured_media":20015,"comment_status":"closed","ping_status":"closed","template":"","meta":{"_acf_changed":false,"slim_seo":{"title":"Royal Canin Labrador Retriever Puppy sausas maistas \u0161uniukams - Zooprekes24","description":"Royal Canin Labrador Retriever Puppy - visavertis sausas maistas, specialiai subalansuotas jauniems Labradoro retriveriams nuo 2-15 m\u0117nesi\u0173 am\u017eiaus. Pritaikytas"},"iawp_total_views":201},"product_brand":[],"product_cat":[9012,9002,8999,29,31],"product_tag":[177,3748,200],"class_list":{"0":"post-23139","1":"product","2":"type-product","3":"status-publish","4":"has-post-thumbnail","6":"product_cat-royal-canin","7":"product_cat-sausas-maistas","8":"product_cat-sunims","9":"product_cat-sunu-maistas","10":"product_cat-sunu-prekiu-gamintojai","11":"product_tag-edalas-sunims","12":"product_tag-royal-canin-labradorams","13":"product_tag-super-premium-maistas-sunims","14":"pa_pasaro-sudetis-ryziai","15":"pa_pasaro-sudetis-vistiena","16":"pa_prekiu-zenklai-royal-canin","17":"pa_suns-amzius-jauniems","18":"pa_veisles-dydis-didelems-veislems","20":"first","21":"instock","22":"sale","23":"taxable","24":"shipping-taxable","25":"purchasable","26":"product-type-variable"},"acf":[],"_links":{"self":[{"href":"https:\/\/zooprekes24.lt\/et\/wp-json\/wp\/v2\/product\/23139","targetHints":{"allow":["GET"]}}],"collection":[{"href":"https:\/\/zooprekes24.lt\/et\/wp-json\/wp\/v2\/product"}],"about":[{"href":"https:\/\/zooprekes24.lt\/et\/wp-json\/wp\/v2\/types\/product"}],"replies":[{"embeddable":true,"href":"https:\/\/zooprekes24.lt\/et\/wp-json\/wp\/v2\/comments?post=23139"}],"wp:featuredmedia":[{"embeddable":true,"href":"https:\/\/zooprekes24.lt\/et\/wp-json\/wp\/v2\/media\/20015"}],"wp:attachment":[{"href":"https:\/\/zooprekes24.lt\/et\/wp-json\/wp\/v2\/media?parent=23139"}],"wp:term":[{"taxonomy":"product_brand","embeddable":true,"href":"https:\/\/zooprekes24.lt\/et\/wp-json\/wp\/v2\/product_brand?post=23139"},{"taxonomy":"product_cat","embeddable":true,"href":"https:\/\/zooprekes24.lt\/et\/wp-json\/wp\/v2\/product_cat?post=23139"},{"taxonomy":"product_tag","embeddable":true,"href":"https:\/\/zooprekes24.lt\/et\/wp-json\/wp\/v2\/product_tag?post=23139"}],"curies":[{"name":"wp","href":"https:\/\/api.w.org\/{rel}","templated":true}]}}