{"id":23135,"date":"2024-04-19T13:16:22","date_gmt":"2024-04-19T10:16:22","guid":{"rendered":"https:\/\/zooprekes24.lt\/produktas\/royal-canin-yorkshire-terrier-puppy\/"},"modified":"2026-02-27T11:20:31","modified_gmt":"2026-02-27T09:20:31","slug":"royal-canin-yorkshire-terjeri-kutsikas","status":"publish","type":"product","link":"https:\/\/zooprekes24.lt\/et\/produktas\/royal-canin-yorkshire-terrier-puppy\/","title":{"rendered":"Royal Canin Yorkshire Terrier Puppy kuivtoit kutsikatele"},"content":{"rendered":"<h3>Royal Canin Yorkshire terjeri kutsikas - <a href=\"https:\/\/www.royalcanin.com\/lt\/tailored-nutrition\" target=\"_blank\" rel=\"noopener\">t\u00e4ie\u00f5iguslik<\/a>\u00a0 Koeratoit 2-10 kuu vanustele Yorkshire terjeritele. See tagab seedetrakti optimaalse toimimise ja aitab s\u00e4ilitada organismi loomulikku kaitsev\u00f5imet. Sobib ka k\u00f5ige n\u00f5udlikumatele v\u00e4ikestele gurmaanidele.<\/h3>\n<ul>\n<li><a href=\"https:\/\/zooprekes24.lt\/et\/kategorija\/prekes-sunims\/koeratoodete-tootjad\/royal-canin-sunims\/\" target=\"_blank\" rel=\"noopener\">Royal Canin<\/a> K\u00f5rge rasva- ja optimaalne valgusisaldus vastab koerte l\u00fchikese ja intensiivse kasvuperioodi vajadustele.<\/li>\n<li>Rikastatud boorage\u00f5li, rasvhapete ja vitamiinidega, mis niisutavad teie kutsika nahka ja muudavad karvkatte l\u00e4ikivaks ja pehmeks.<\/li>\n<li>Royal Canin Yorkshire Terrier Puppy ainulaadne koostis tagab optimaalse seedimise ning v\u00e4hendab v\u00e4ljaheidete ja l\u00f5hna hulka.<\/li>\n<li><a href=\"https:\/\/www.youtube.com\/watch?v=FYwO1fiYoa8&amp;t=1s\" target=\"_blank\" rel=\"noopener\">Erakordsete maitsete kombinatsioon<\/a> rahuldab ka k\u00f5ige n\u00f5udlikumate v\u00e4ikeste gurmaanide isu.<\/li>\n<li>Kelaativad ained takistavad hambakivi moodustumist.<\/li>\n<\/ul>\n<p><img loading=\"lazy\" decoding=\"async\" class=\"alignnone wp-image-26178\" src=\"https:\/\/zooprekes24.lt\/wp-content\/uploads\/yorkshire-terrier.jpg\" alt=\"Royal Canin Yorkshire terjeri logo\" width=\"340\" height=\"255\" srcset=\"https:\/\/zooprekes24.lt\/wp-content\/uploads\/yorkshire-terrier.jpg 640w, https:\/\/zooprekes24.lt\/wp-content\/uploads\/yorkshire-terrier-300x225.jpg 300w, https:\/\/zooprekes24.lt\/wp-content\/uploads\/yorkshire-terrier-600x450.jpg 600w, https:\/\/zooprekes24.lt\/wp-content\/uploads\/yorkshire-terrier-64x48.jpg 64w\" sizes=\"auto, (max-width: 340px) 100vw, 340px\" \/><\/p>","protected":false},"excerpt":{"rendered":"<p>Royal Canin Yorkshire Terrier Puppy &#8211; visavertis\u00a0 \u0161un\u0173 maistas skirtas Jork\u0161yro terjerams nuo 2-10 m\u0117nesi\u0173 am\u017eiaus. U\u017etikrina optimali\u0105 vir\u0161kinamojo trakto veikl\u0105 bei padeda i\u0161laikyti nat\u016brali\u0105 organizmo apsaug\u0105. Tinka net ir i\u0161rankiausiems ma\u017eiesiems gurmanams. Royal Canin sud\u0117tyje didelis riebal\u0173 ir optimalus baltym\u0173 kiekis patenkina trumpo ir intensyvaus \u0161un\u0173 augimo laikotarpio poreikius. Maisto sud\u0117tis praturtinta agurkli\u0173 aliejumi,&#8230;<\/p>","protected":false},"featured_media":20013,"comment_status":"closed","ping_status":"closed","template":"","meta":{"_acf_changed":false,"slim_seo":{"title":"Royal Canin Yorkshire Terrier Puppy sausas maistas \u0161uniukams - Zooprekes24","description":"Royal Canin Yorkshire Terrier Puppy on t\u00e4istoit 2-10 kuu vanustele Yorkshire terjeritele. See tagab optimaalse seedetrakti tervise"},"iawp_total_views":230},"product_brand":[],"product_cat":[9012,9002,8999,29,31],"product_tag":[176,177,1407,200],"class_list":{"0":"post-23135","1":"product","2":"type-product","3":"status-publish","4":"has-post-thumbnail","6":"product_cat-royal-canin","7":"product_cat-sausas-maistas","8":"product_cat-sunims","9":"product_cat-sunu-maistas","10":"product_cat-sunu-prekiu-gamintojai","11":"product_tag-begrudis-sunu-maistas","12":"product_tag-edalas-sunims","13":"product_tag-royal-canin-jorksyrams","14":"product_tag-super-premium-maistas-sunims","15":"pa_pasaro-sudetis-ryziai","16":"pa_pasaro-sudetis-vistiena","17":"pa_prekiu-zenklai-royal-canin","18":"pa_suns-amzius-jauniems","19":"pa_veisles-dydis-mazoms-veislems","21":"first","22":"instock","23":"sale","24":"taxable","25":"shipping-taxable","26":"purchasable","27":"product-type-variable"},"acf":[],"_links":{"self":[{"href":"https:\/\/zooprekes24.lt\/et\/wp-json\/wp\/v2\/product\/23135","targetHints":{"allow":["GET"]}}],"collection":[{"href":"https:\/\/zooprekes24.lt\/et\/wp-json\/wp\/v2\/product"}],"about":[{"href":"https:\/\/zooprekes24.lt\/et\/wp-json\/wp\/v2\/types\/product"}],"replies":[{"embeddable":true,"href":"https:\/\/zooprekes24.lt\/et\/wp-json\/wp\/v2\/comments?post=23135"}],"wp:featuredmedia":[{"embeddable":true,"href":"https:\/\/zooprekes24.lt\/et\/wp-json\/wp\/v2\/media\/20013"}],"wp:attachment":[{"href":"https:\/\/zooprekes24.lt\/et\/wp-json\/wp\/v2\/media?parent=23135"}],"wp:term":[{"taxonomy":"product_brand","embeddable":true,"href":"https:\/\/zooprekes24.lt\/et\/wp-json\/wp\/v2\/product_brand?post=23135"},{"taxonomy":"product_cat","embeddable":true,"href":"https:\/\/zooprekes24.lt\/et\/wp-json\/wp\/v2\/product_cat?post=23135"},{"taxonomy":"product_tag","embeddable":true,"href":"https:\/\/zooprekes24.lt\/et\/wp-json\/wp\/v2\/product_tag?post=23135"}],"curies":[{"name":"wp","href":"https:\/\/api.w.org\/{rel}","templated":true}]}}