{"id":23132,"date":"2024-04-19T13:16:22","date_gmt":"2024-04-19T10:16:22","guid":{"rendered":"https:\/\/zooprekes24.lt\/produktas\/royal-canin-french-bulldog-puppy\/"},"modified":"2026-02-27T10:51:23","modified_gmt":"2026-02-27T08:51:23","slug":"royal-canin-french-bulldog-puppy","status":"publish","type":"product","link":"https:\/\/zooprekes24.lt\/et\/produktas\/royal-canin-french-bulldog-puppy\/","title":{"rendered":"Royal Canin French Bulldog Puppy kuivtoit kutsikatele 3 kg"},"content":{"rendered":"<h3>Royal Canin French Bulldog Puppy &#8211; <a href=\"https:\/\/www.royalcanin.com\/lt\/tailored-nutrition\" target=\"_blank\" rel=\"noopener\">spetsiaalselt tasakaalustatud<\/a> Kuivatoit Prantsuse buldogi kutsikatele vanuses 2-12 kuud. Spetsiaalselt disainitud pelletikuju muudab koeral toidu haaramise lihtsamaks.<\/h3>\n<ul>\n<li><a href=\"https:\/\/zooprekes24.lt\/et\/kategorija\/prekes-sunims\/koeratoodete-tootjad\/royal-canin-sunims\/\" target=\"_blank\" rel=\"noopener\">Royal Canin<\/a> French Bulldog Puppy sisaldab kergesti imenduvaid L.I.P. valke, samuti suhkrupeedimassi, frukto-oligosahhariide (FOS) ja mannan-oligosahhariide (MOS), mis toetavad seedetrakti mikrofloora tasakaalu. Rasvhapeterikkal kala\u00f5lil on p\u00f5letikuvastased omadused (EPR\/DHA) ja see aitab kaitsta seedetrakti limaskesta.<\/li>\n<li>See toit sisaldab <a href=\"https:\/\/www.youtube.com\/watch?v=FYwO1fiYoa8&amp;t=1s\" target=\"_blank\" rel=\"noopener\">s\u00fcnergiline antioks\u00fcdantide kompleks<\/a> koosneb E- ja C-vitamiinidest, tauriinist, luteiinist ja MOS-st, mis tugevdab teie kutsika loomulikke kaitsemehhanisme.<\/li>\n<li>Graanulide suurus ja konsistents soodustavad n\u00e4rimist ning parandavad suu- ja hambah\u00fcgieeni.<\/li>\n<li>Sobib ka k\u00f5ige valivamatele v\u00e4ikestele gurmaanidele.<\/li>\n<\/ul>\n<p><img loading=\"lazy\" decoding=\"async\" class=\"wp-image-8340\" src=\"https:\/\/zooprekes24.lt\/wp-content\/uploads\/bd12o-hub-french-bulldog-adult-black-and-white.jpg\" alt=\"Prantsuse buldogi\" width=\"330\" height=\"330\" \/><\/p>","protected":false},"excerpt":{"rendered":"<p>Royal Canin French Bulldog Puppy &#8211; specialiai subalansuotas sausas maistas pranc\u016bz\u0173 buldog\u0173 \u0161uniukams nuo 2 iki 12 m\u0117nesi\u0173 am\u017eiaus. Specialiai sukurta granul\u0117s forma leid\u017eia \u0161uniui lengviau sugriebti maist\u0105. Royal Canin French Bulldog Puppy sud\u0117tyje yra lengvai \u012fsisavinami proteinai L.I.P., taip pat cukrini\u0173 runkeli\u0173 mink\u0161timas, frukto-oligosacharidai (FOS) ir manan-oligo-sacharidai (MOS), kurie palaiko vir\u0161kinimo trakto mikrofloros balans\u0105&#8230;.<\/p>","protected":false},"featured_media":20011,"comment_status":"closed","ping_status":"closed","template":"","meta":{"_acf_changed":false,"slim_seo":{"title":"Royal Canin French Bulldog Puppy sausas maistas \u0161uniukams 3 kg - Zooprekes24","description":"Royal Canin French Bulldog Puppy - specialiai subalansuotas sausas maistas pranc\u016bz\u0173 buldog\u0173 \u0161uniukams nuo 2 iki 12 m\u0117nesi\u0173 am\u017eiaus. Specialiai sukurta granul\u0117s"},"iawp_total_views":256},"product_brand":[],"product_cat":[9012,9002,8999,29,31],"product_tag":[176,177,200],"class_list":{"0":"post-23132","1":"product","2":"type-product","3":"status-publish","4":"has-post-thumbnail","6":"product_cat-royal-canin","7":"product_cat-sausas-maistas","8":"product_cat-sunims","9":"product_cat-sunu-maistas","10":"product_cat-sunu-prekiu-gamintojai","11":"product_tag-begrudis-sunu-maistas","12":"product_tag-edalas-sunims","13":"product_tag-super-premium-maistas-sunims","14":"pa_pasaro-sudetis-ryziai","15":"pa_pasaro-sudetis-vistiena","16":"pa_prekiu-zenklai-royal-canin","17":"pa_suns-amzius-jauniems","18":"pa_veisles-dydis-mazoms-veislems","20":"first","21":"instock","22":"sale","23":"taxable","24":"shipping-taxable","25":"purchasable","26":"product-type-simple"},"acf":[],"_links":{"self":[{"href":"https:\/\/zooprekes24.lt\/et\/wp-json\/wp\/v2\/product\/23132","targetHints":{"allow":["GET"]}}],"collection":[{"href":"https:\/\/zooprekes24.lt\/et\/wp-json\/wp\/v2\/product"}],"about":[{"href":"https:\/\/zooprekes24.lt\/et\/wp-json\/wp\/v2\/types\/product"}],"replies":[{"embeddable":true,"href":"https:\/\/zooprekes24.lt\/et\/wp-json\/wp\/v2\/comments?post=23132"}],"wp:featuredmedia":[{"embeddable":true,"href":"https:\/\/zooprekes24.lt\/et\/wp-json\/wp\/v2\/media\/20011"}],"wp:attachment":[{"href":"https:\/\/zooprekes24.lt\/et\/wp-json\/wp\/v2\/media?parent=23132"}],"wp:term":[{"taxonomy":"product_brand","embeddable":true,"href":"https:\/\/zooprekes24.lt\/et\/wp-json\/wp\/v2\/product_brand?post=23132"},{"taxonomy":"product_cat","embeddable":true,"href":"https:\/\/zooprekes24.lt\/et\/wp-json\/wp\/v2\/product_cat?post=23132"},{"taxonomy":"product_tag","embeddable":true,"href":"https:\/\/zooprekes24.lt\/et\/wp-json\/wp\/v2\/product_tag?post=23132"}],"curies":[{"name":"wp","href":"https:\/\/api.w.org\/{rel}","templated":true}]}}