{"id":23128,"date":"2024-04-19T13:16:22","date_gmt":"2024-04-19T10:16:22","guid":{"rendered":"https:\/\/zooprekes24.lt\/produktas\/royal-canin-dachshund-adult\/"},"modified":"2025-12-29T16:42:40","modified_gmt":"2025-12-29T14:42:40","slug":"royal-canin-dachshund-adult","status":"publish","type":"product","link":"https:\/\/zooprekes24.lt\/et\/produktas\/royal-canin-dachshund-adult\/","title":{"rendered":"Royal Canin Dachshund Adult kuivtoit koertele"},"content":{"rendered":"<h3>Royal Canin Dachshund Adult &#8211; subalansuotas maistas <a href=\"https:\/\/youtu.be\/GKCgkzx7SS8\" target=\"_blank\" rel=\"noopener\">t\u00e4iskasvanud taksikoertele<\/a>\u00fcle 10 kuu vanustele lastele. Koostisosad valemis tugevdavad koera liigeseid, s\u00e4ilitavad \u00f5ige lihastoonuse ja tagavad teie lemmikloomale t\u00e4isv\u00e4\u00e4rtusliku ja terve elu.<\/h3>\n<ul>\n<li><a href=\"https:\/\/zooprekes24.lt\/et\/kategorija\/prekes-sunims\/koeratoodete-tootjad\/royal-canin-sunims\/\" target=\"_blank\" rel=\"noopener\">Royal Canin<\/a> Dachshund Adult'i ainulaadne toiduvalmistus aitab v\u00e4hendada v\u00e4ljaheidete hulka ja nende ebameeldivat l\u00f5hna.<\/li>\n<li>Gl\u00fckoosamiini, kondroitiini ja k\u00f5rge eikosapentaeenhappe (EPA) ja dokosaheksaeenhappe (DHA) kombinatsioon tugevdab taksikoera l\u00fchikeste j\u00e4semete liigeseid (kus selgrool\u00fclidele avaldatakse suurt mehaanilist survet) ja s\u00e4ilitab k\u00f5hre optimaalse h\u00fcdratsiooni.<\/li>\n<li>Kvaliteetsed valgud ja spetsiaalselt valitud koostis toetavad teie lemmiklooma lihastoonust ja hoiavad \u00e4ra \u00fclekaalu tekkimise.<\/li>\n<\/ul>\n<p><img loading=\"lazy\" decoding=\"async\" class=\"alignnone wp-image-8707\" src=\"https:\/\/zooprekes24.lt\/wp-content\/uploads\/dachshund-adult-black-and-white.png\" alt=\"ta\u0161\u0161und t\u00e4iskasvanud-must-valge\" width=\"423\" height=\"317\" \/><\/p>","protected":false},"excerpt":{"rendered":"<p>Royal Canin Dachshund Adult &#8211; subalansuotas maistas suaugusiems taksams, vyresniems nei 10 m\u0117nesi\u0173 am\u017eiaus. Sud\u0117tyje esan\u010dios med\u017eiagos stiprina \u0161uns s\u0105narius, palaiko tinkam\u0105 raumen\u0173 tonus\u0105 ir u\u017etikrina pilnavert\u012f ir sveik\u0105 augintinio gyvenim\u0105. Royal Canin Dachshund Adult unikali maisto formul\u0117 padeda ma\u017einti i\u0161mat\u0173 kiek\u012f ir j\u0173 nemalon\u0173 kvap\u0105. Gliukozamino, chondroitino junginys bei dideli eikozapentaeno (EPA) ir dokozaheksaeno&#8230;<\/p>","protected":false},"featured_media":20009,"comment_status":"closed","ping_status":"closed","template":"","meta":{"_acf_changed":false,"slim_seo":{"title":"Royal Canin Dachshund Adult sausas maistas \u0161unims - Zooprekes24","description":"Royal Canin Dachshund Adult - subalansuotas maistas suaugusiems taksams , vyresniems nei 10 m\u0117nesi\u0173 am\u017eiaus. Sud\u0117tyje esan\u010dios med\u017eiagos stiprina \u0161uns s\u0105narius,"},"iawp_total_views":291},"product_brand":[],"product_cat":[9012,9002,8999,29,31],"product_tag":[176,177,200],"class_list":{"0":"post-23128","1":"product","2":"type-product","3":"status-publish","4":"has-post-thumbnail","6":"product_cat-royal-canin","7":"product_cat-sausas-maistas","8":"product_cat-sunims","9":"product_cat-sunu-maistas","10":"product_cat-sunu-prekiu-gamintojai","11":"product_tag-begrudis-sunu-maistas","12":"product_tag-edalas-sunims","13":"product_tag-super-premium-maistas-sunims","14":"pa_pasaro-sudetis-ryziai","15":"pa_pasaro-sudetis-vistiena","16":"pa_prekiu-zenklai-royal-canin","17":"pa_suns-amzius-suaugusiems","18":"pa_veisles-dydis-mazoms-veislems","19":"pa_veisles-dydis-vidutinems-veislems","21":"first","22":"instock","23":"sale","24":"taxable","25":"shipping-taxable","26":"purchasable","27":"product-type-variable"},"acf":[],"_links":{"self":[{"href":"https:\/\/zooprekes24.lt\/et\/wp-json\/wp\/v2\/product\/23128","targetHints":{"allow":["GET"]}}],"collection":[{"href":"https:\/\/zooprekes24.lt\/et\/wp-json\/wp\/v2\/product"}],"about":[{"href":"https:\/\/zooprekes24.lt\/et\/wp-json\/wp\/v2\/types\/product"}],"replies":[{"embeddable":true,"href":"https:\/\/zooprekes24.lt\/et\/wp-json\/wp\/v2\/comments?post=23128"}],"wp:featuredmedia":[{"embeddable":true,"href":"https:\/\/zooprekes24.lt\/et\/wp-json\/wp\/v2\/media\/20009"}],"wp:attachment":[{"href":"https:\/\/zooprekes24.lt\/et\/wp-json\/wp\/v2\/media?parent=23128"}],"wp:term":[{"taxonomy":"product_brand","embeddable":true,"href":"https:\/\/zooprekes24.lt\/et\/wp-json\/wp\/v2\/product_brand?post=23128"},{"taxonomy":"product_cat","embeddable":true,"href":"https:\/\/zooprekes24.lt\/et\/wp-json\/wp\/v2\/product_cat?post=23128"},{"taxonomy":"product_tag","embeddable":true,"href":"https:\/\/zooprekes24.lt\/et\/wp-json\/wp\/v2\/product_tag?post=23128"}],"curies":[{"name":"wp","href":"https:\/\/api.w.org\/{rel}","templated":true}]}}