{"id":23125,"date":"2024-04-19T13:15:36","date_gmt":"2024-04-19T10:15:36","guid":{"rendered":"https:\/\/zooprekes24.lt\/produktas\/royal-canin-chihuahua-adult\/"},"modified":"2026-02-25T15:34:06","modified_gmt":"2026-02-25T13:34:06","slug":"royal-canin-chihuahua-adult","status":"publish","type":"product","link":"https:\/\/zooprekes24.lt\/et\/produktas\/royal-canin-chihuahua-adult\/","title":{"rendered":"Royal Canin Chihuahua Adult kuivtoit koertele"},"content":{"rendered":"<h3>Royal Canin Chihuahua Adult &#8211; visavertis subalansuotas \u0117dalas <a href=\"https:\/\/youtu.be\/q8DnVZND5vo\" target=\"_blank\" rel=\"noopener\">t\u00e4iskasvanutele Chihuahua<\/a> koertele alates 8 kuu vanusest. Eksklusiivne koostis valitud looduslike maitsetega ja sobiva suuruse ja kujuga pelletid, mis rahuldavad ka k\u00f5ige n\u00f5udlikuma Chihuahua isu.<\/h3>\n<ul>\n<li>V\u00e4ljaheidete ja l\u00f5hna v\u00e4hendamine - v\u00e4hendab v\u00e4ljaheidete ja ebameeldiva l\u00f5hna hulka.<\/li>\n<li>Hambakivi moodustumise ennetamine. Kelaativad ained ja spetsiaalselt v\u00e4ljat\u00f6\u00f6tatud graanulid takistavad hambakivi teket.<\/li>\n<li>Eriti miniatuursete l\u00f5ugade puhul. Chihuahuas v\u00e4ga v\u00e4ikestele l\u00f5uadele kohandatud pelletid.<\/li>\n<li><a href=\"https:\/\/zooprekes24.lt\/et\/kategorija\/prekes-sunims\/koeratoodete-tootjad\/royal-canin-sunims\/\" target=\"_blank\" rel=\"noopener\">Erakordsete maitsete kombinatsioon<\/a> rahuldab ka k\u00f5ige n\u00f5udlikumate gurmaanide isu.<\/li>\n<\/ul>\n<p><img loading=\"lazy\" decoding=\"async\" class=\"wp-image-8949\" src=\"https:\/\/zooprekes24.lt\/wp-content\/uploads\/bd6h-chihuahua-adult-in-black-and-white-1-1.png\" alt=\"Chihuahua\" width=\"349\" height=\"262\" \/><\/p>","protected":false},"excerpt":{"rendered":"<p>Royal Canin Chihuahua Adult &#8211; visavertis subalansuotas \u0117dalas suaugusiems \u010cihuahua veisl\u0117s \u0161unims nuo 8 m\u0117nesi\u0173 am\u017eiaus. I\u0161skirtin\u0117 formul\u0117 su parinktais nat\u016braliais kvapais bei atitinkamo dyd\u017eio ir formos granul\u0117mis kurios patenkins net i\u0161rankiausi\u0173 \u010cihuahua \u0161un\u0173 apetit\u0105. I\u0161mat\u0173 ir kvapo ma\u017einimas \u2013 ma\u017eina i\u0161mat\u0173 kiek\u012f ir nemalon\u0173 kvap\u0105. Apsauga nuo dant\u0173 akmen\u0173 susidarymo. Chelatin\u0117s med\u017eiagos ir specialiai&#8230;<\/p>","protected":false},"featured_media":20007,"comment_status":"closed","ping_status":"closed","template":"","meta":{"_acf_changed":false,"slim_seo":{"title":"Royal Canin Chihuahua Adult sausas maistas \u0161unims - Zooprekes24","description":"Royal Canin Chihuahua Adult - visavertis subalansuotas \u0117dalas suaugusiems \u010cihuahua veisl\u0117s \u0161unims nuo 8 m\u0117nesi\u0173 am\u017eiaus. I\u0161skirtin\u0117 formul\u0117 su parinktais nat\u016bra"},"iawp_total_views":304},"product_brand":[],"product_cat":[9012,9002,8999,29,31],"product_tag":[176,177,200],"class_list":{"0":"post-23125","1":"product","2":"type-product","3":"status-publish","4":"has-post-thumbnail","6":"product_cat-royal-canin","7":"product_cat-sausas-maistas","8":"product_cat-sunims","9":"product_cat-sunu-maistas","10":"product_cat-sunu-prekiu-gamintojai","11":"product_tag-begrudis-sunu-maistas","12":"product_tag-edalas-sunims","13":"product_tag-super-premium-maistas-sunims","14":"pa_pasaro-sudetis-ryziai","15":"pa_pasaro-sudetis-vistiena","16":"pa_prekiu-zenklai-royal-canin","17":"pa_suns-amzius-suaugusiems","18":"pa_veisles-dydis-mazoms-veislems","20":"first","21":"instock","22":"sale","23":"taxable","24":"shipping-taxable","25":"purchasable","26":"product-type-variable"},"acf":[],"_links":{"self":[{"href":"https:\/\/zooprekes24.lt\/et\/wp-json\/wp\/v2\/product\/23125","targetHints":{"allow":["GET"]}}],"collection":[{"href":"https:\/\/zooprekes24.lt\/et\/wp-json\/wp\/v2\/product"}],"about":[{"href":"https:\/\/zooprekes24.lt\/et\/wp-json\/wp\/v2\/types\/product"}],"replies":[{"embeddable":true,"href":"https:\/\/zooprekes24.lt\/et\/wp-json\/wp\/v2\/comments?post=23125"}],"wp:featuredmedia":[{"embeddable":true,"href":"https:\/\/zooprekes24.lt\/et\/wp-json\/wp\/v2\/media\/20007"}],"wp:attachment":[{"href":"https:\/\/zooprekes24.lt\/et\/wp-json\/wp\/v2\/media?parent=23125"}],"wp:term":[{"taxonomy":"product_brand","embeddable":true,"href":"https:\/\/zooprekes24.lt\/et\/wp-json\/wp\/v2\/product_brand?post=23125"},{"taxonomy":"product_cat","embeddable":true,"href":"https:\/\/zooprekes24.lt\/et\/wp-json\/wp\/v2\/product_cat?post=23125"},{"taxonomy":"product_tag","embeddable":true,"href":"https:\/\/zooprekes24.lt\/et\/wp-json\/wp\/v2\/product_tag?post=23125"}],"curies":[{"name":"wp","href":"https:\/\/api.w.org\/{rel}","templated":true}]}}