{"id":23122,"date":"2024-04-19T13:15:36","date_gmt":"2024-04-19T10:15:36","guid":{"rendered":"https:\/\/zooprekes24.lt\/produktas\/royal-canin-beagle-adult\/"},"modified":"2026-02-25T15:03:33","modified_gmt":"2026-02-25T13:03:33","slug":"royal-canin-beagle-adult","status":"publish","type":"product","link":"https:\/\/zooprekes24.lt\/et\/produktas\/royal-canin-beagle-adult\/","title":{"rendered":"Royal Canin Beagle Adult kuivtoit koertele"},"content":{"rendered":"<h3>Royal Canin Beagle Adult &#8211; visavertis sausas maistas skirtas suaugusiems Bigli\u0173 veisl\u0117s \u0161unims. Net ir <a href=\"https:\/\/www.youtube.com\/watch?reload=9&amp;reload=9&amp;v=FYwO1fiYoa8\" target=\"_blank\" rel=\"noopener noreferrer\">k\u00f5ige n\u00f5udlikumatele koertele<\/a> Teile meelep\u00e4rane toit on tasakaalustatud, et s\u00e4ilitada teie lemmiklooma ideaalkaal. Spetsiaalselt kohandatud pelletite tekstuur.<\/h3>\n<ul>\n<li>Erakordne graanulite tekstuur. Selle koeratoidupelleti tekstuur ja koostis on spetsiaalselt biglie t\u00f5ule kohandatud.<\/li>\n<li>Toidu koguse kontrollimine. Graanulivorm aitab v\u00e4hendada s\u00f6\u00f6dud toidu kogust ja soodustab n\u00e4rimist. See koostis on rikastatud erinevate kiudainetega.<\/li>\n<li>Tugevad luud ja liigesed. Spetsiaalne koostis tugevdab luid ja liigeseid ning s\u00e4ilitab ideaalse kaalu. <a href=\"https:\/\/zooprekes24.lt\/et\/kategorija\/prekes-sunims\/koeratoodete-tootjad\/royal-canin-sunims\/\" target=\"_blank\" rel=\"noopener\">Royal Canin<\/a> Rikastatud EPA ja DHA rasvhapetega.<\/li>\n<li><a href=\"https:\/\/www.royalcanin.com\/lt\/about-us\/quality-and-food-safety\" target=\"_blank\" rel=\"noopener noreferrer\">Erakordsete maitsete kombinatsioon<\/a> rahuldab isegi k\u00f5ige n\u00f5udlikumaid isusid.<\/li>\n<\/ul>\n<p><img loading=\"lazy\" decoding=\"async\" class=\"alignnone wp-image-8664\" src=\"https:\/\/zooprekes24.lt\/wp-content\/uploads\/RC-biglis.png\" alt=\"RC biglis\" width=\"400\" height=\"266\" \/><\/p>","protected":false},"excerpt":{"rendered":"<p>Royal Canin Beagle Adult &#8211; visavertis sausas maistas skirtas suaugusiems Bigli\u0173 veisl\u0117s \u0161unims. Net ir i\u0161rankiausiems \u0161unims patinkantis maistas subalansuotas taip, kad b\u016bt\u0173 palaikomas idealus augintinio svoris. Specialiai pritaikyta granuli\u0173 tekst\u016bra. I\u0161skirtin\u0117 granuli\u0173 tekst\u016bra.\u00a0\u0160io \u0161un\u0173 maisto\u00a0granul\u0117s tekst\u016bra ir sud\u0117tis specialiai pritaikyta bigli\u0173 veisl\u0117s \u0161unims. Maisto kiekio kontrol\u0117.\u00a0Granuli\u0173 forma\u00a0padeda suma\u017einti suvalgomo maisto kiek\u012f ir skatina kramtym\u0105.\u00a0\u0160i&#8230;<\/p>","protected":false},"featured_media":20005,"comment_status":"closed","ping_status":"closed","template":"","meta":{"_acf_changed":false,"slim_seo":{"title":"Royal Canin Beagle Adult sausas maistas \u0161unims - Zooprekes24","description":"Royal Canin Beagle Adult - visavertis sausas maistas skirtas suaugusiems Bigli\u0173 veisl\u0117s \u0161unims. Net ir i\u0161rankiausiems \u0161unims patinkantis maistas subalansuotas t"},"iawp_total_views":207},"product_brand":[],"product_cat":[9012,9002,8999,29,31],"product_tag":[176,177,3871,200],"class_list":{"0":"post-23122","1":"product","2":"type-product","3":"status-publish","4":"has-post-thumbnail","6":"product_cat-royal-canin","7":"product_cat-sausas-maistas","8":"product_cat-sunims","9":"product_cat-sunu-maistas","10":"product_cat-sunu-prekiu-gamintojai","11":"product_tag-begrudis-sunu-maistas","12":"product_tag-edalas-sunims","13":"product_tag-royal-bigliui","14":"product_tag-super-premium-maistas-sunims","15":"pa_pasaro-sudetis-ryziai","16":"pa_pasaro-sudetis-vistiena","17":"pa_prekiu-zenklai-royal-canin","18":"pa_suns-amzius-suaugusiems","19":"pa_veisles-dydis-mazoms-veislems","20":"pa_veisles-dydis-vidutinems-veislems","22":"first","23":"instock","24":"sale","25":"taxable","26":"shipping-taxable","27":"purchasable","28":"product-type-variable"},"acf":[],"_links":{"self":[{"href":"https:\/\/zooprekes24.lt\/et\/wp-json\/wp\/v2\/product\/23122","targetHints":{"allow":["GET"]}}],"collection":[{"href":"https:\/\/zooprekes24.lt\/et\/wp-json\/wp\/v2\/product"}],"about":[{"href":"https:\/\/zooprekes24.lt\/et\/wp-json\/wp\/v2\/types\/product"}],"replies":[{"embeddable":true,"href":"https:\/\/zooprekes24.lt\/et\/wp-json\/wp\/v2\/comments?post=23122"}],"wp:featuredmedia":[{"embeddable":true,"href":"https:\/\/zooprekes24.lt\/et\/wp-json\/wp\/v2\/media\/20005"}],"wp:attachment":[{"href":"https:\/\/zooprekes24.lt\/et\/wp-json\/wp\/v2\/media?parent=23122"}],"wp:term":[{"taxonomy":"product_brand","embeddable":true,"href":"https:\/\/zooprekes24.lt\/et\/wp-json\/wp\/v2\/product_brand?post=23122"},{"taxonomy":"product_cat","embeddable":true,"href":"https:\/\/zooprekes24.lt\/et\/wp-json\/wp\/v2\/product_cat?post=23122"},{"taxonomy":"product_tag","embeddable":true,"href":"https:\/\/zooprekes24.lt\/et\/wp-json\/wp\/v2\/product_tag?post=23122"}],"curies":[{"name":"wp","href":"https:\/\/api.w.org\/{rel}","templated":true}]}}