{"id":23119,"date":"2024-04-19T13:15:36","date_gmt":"2024-04-19T10:15:36","guid":{"rendered":"https:\/\/zooprekes24.lt\/produktas\/canina-petvital-gag-tabletes\/"},"modified":"2024-07-19T15:49:36","modified_gmt":"2024-07-19T12:49:36","slug":"canina-petvital-gag-tabletid","status":"publish","type":"product","link":"https:\/\/zooprekes24.lt\/et\/produktas\/canina-petvital-gag-tabletes\/","title":{"rendered":"Canina Petvital Gag tabletid koertele, liikumisaparaadi optimaalseks hooldamiseks"},"content":{"rendered":"<h3><!--(figmeta)eyJmaWxlS2V5IjoiTFJibGNRV2xwWFlhYmVHTDdtbFAzNyIsInBhc3RlSUQiOi0xLCJkYXRhVHlwZSI6InNjZW5lIn0K(\/figmeta)--><!--(figma)ZmlnLWtpd2kEAAAAPiIAALV7f5wkW1XfvdXd82Nnd99PHg9ERERERN237\/HeAxGpqa6erp3urnpV1TO7T6Sp6a6Zqbc93W1Xz+zOExEJIYYgIiASRIKGRESjqPgrQUVi1CSKP4PGn4iYGGNMYhJjzA\/z\/d5bv3pnnx\/\/cT+f7Xvuueeee+6555x77r01b5fdOE2jgzg8ncVC3HHFdXqDIDT9UOBfz23aA6tt9rbsAFXZD2y\/UjcUtd1rAq4FzlbP7ACqB+G1jg2goYBBYJPXiqJVnAfBtuMNfLvjmuy52nNDp3VtELTdfqc56Htbvtlk\/7UMHDTdHuvred23W74dtIE6F1h2zx4A7bUHj\/Vt\/xqQG1Wkb3sdIs83nVYL5QWr49i9cLDpY3TLDCjbRfNmkmI6VwELEktzOIRagPJtszlwe4qFUJVd3wkpjexNR7F3GKUxyCw0hTZnA6Kuu6NAuZtMRsnkwD8ek6bn9h63fRcNwm2qdnLQer8XjTZQoula\/S7kAygts7djBoCMLd\/tewBqLd\/skq6+6bod2+wNXM\/2zdBxe0A2dmwrdH1AK9QzytWOo9iu2Z2O4wUE130QYQHVCp3z7a1+x\/QHntu5tqWYbGCoXtNuQnEl3fnQvkqRLgQdxyLiYnCtu+lyte9wehisp7B3BqFjbVNVdwVt07MHu07YHmR977bcXg88lYD3BIfRLN5NFodhfHOhdbAWPNY3fRutohRXNh2z6yoLM0LfUQLBRFCtFdWmu0vJ67eTvOGZvtnpwNZgDt2B72y1KczKMrpjt4hd3RzHk1EXqwIJPTMIBmEbTLdoafAFv6vsWzZNf9vmiEa33wkdbV81qhqa3Oz7bKpbbsctao0Ox1V9VgLYioLU4qBH021u2aiv6S55dR1W5HdM8j4XuK1woHigttE2\/WZRU3Zt+7ZegQv2VavTD7Q9XGz3ibsjMMN+YSR3qlEA3NXpd52eGzghh7jbi5JJthCrgdtxqHEB5TSVt2hRgZEFiqXSB6wTIFFQOq0JuFqBA1G2fnWna6qZNeAhVxwAK84RIk8wjMaxVjpCh2+HltJ3y+H0ZMvpqEFCR61nzd7fj4eZoHUHFuUjcJgwATSKpu96ZVW2XNg3FrDXHGx2+pTL2DSt7WVUjRZoKTdecWEfjo5iou\/BtVDKjrurAIgQahkCGEJnYJkenbNe1gYt17eU6zfItBkPp\/NokUwn6JM7OEbGskKdgCWm62zbpZEZveOjvXjenySLFH18k9MQnnPV7gQAJCRCaKNeDGs6SRfzyqJhMYEXbFfiyq7JeGZgjEyltcAy1QTqLXBsDnSPRlZR1CvBYj69Hpvj5GCCDgUzAS93VFCWbj\/MQEMTW9EMw+fzw1TUasvCmw3T991dZUKcRE1X7cf6TgcxE24IZD0zkwGXO9Ng7t4FKhPuyjShbF2EYSXapr1jk4fMhzY2p9NxHE3cWZyrv97vafPHRNAtQIQALIP+ZuibCjauKq9Q1qCm357Okyenk0U0RvcsQFS0C0tR\/mdc6SPqtRwlYdl7J54vEhg2ca6HpkrXTTcM3S4gozs9TmPreJ5O51Bh026ZCChoEJbvBrBjxwcs7Ws2DRuLj5qB3VcN5ZmYCgKMBQNCve6poNJAYTkdQCs78JPpvJvM5+ReGKBSKkqpAPgsYond2wppIUYzSg+1KxoWQjBQorQfqdxVm1vd620BJa54NksZ7LAwvCb32Jp9czadL2410Rp2AARB7P+ZHYocses01fgyR7TtXL2d6HR6vNiaJyPNpK6ttqLOUkBDG3Gt7ONFi0U8n6AJVI6nDBBRTUU3qRbreDH14zR5EqwLFSlxlGYKOWQBwepPx3EQZ5OCwv3AzWJGaJtcV2nBJvQKI1FBWtKzGGNrod31XN9USUo9ZwMtLeJCRWdCL0CZB04MHQ2v6\/UphG0jaD0OtSkJJPYM7MEK1tTKGkF+Rm1aV5rImh5DiHlG23hK2kLTNbMfMpPBLND9ynG6SPZPUX3Knp5p2QM4qs6kaqpboLWu4g+QyJwC53F7ELpweTXvJQSMBIvidD2kIKixBTSMgxMYOrxca7CR6wXeYftYlwGTWNRl31da4Q6AsmZ1XJVh1B1OPaqwOO\/2BrB+RSbMFtgMQqdrI\/ChLrsusuCBmqehYd1QQ68292zAdd2AbYhkDV1TWcsKqDzMi4aYx8y1pm\/Se9bRtm1fy7udQ3XH1fnWRjiPJmlSyvhMBGQkOeEA8QuhOdvcRdMJYEE7NkDZQqqM0kDOhpy55btFnlOroPI4Vq\/gdMRqVDBFyFrx+kFb4zJmqyUm57VWojSr9RJRcDrHNFnjMk4bJSbndL5EaU4XSkTB6aIWFMsAopzZHUvInN+dS1jN8q4lXMH1bjVShs2Y3lPF5TzvrSI1y6dVUQXH++DGjjVgG2pPR96As5DZg3erA8X9yAxdZBIl5hl2lOL8oFd8Dccnq7\/pWGgQZJ1XJLK4StXgRquTMPSgtRdNddItYRq67xJuRUevor4aDOfT8biZzLWfgU9muH9F7MGkVZzQfeGkC7pYPILjL2K021c9xFft9xY4cBdWNbnVRwCURorzFwYDvCrkeIqtVIHw9zG2M1mfi3UhD\/Bj7OGnFuGnrnc8dL6JmjzFj+EDBeoScQM\/tUP81BWnYDGdocOQsNgRcjbVXgYCoxst5slNIVeOLl1CXR5degCFcXTpMora0QNE1o8eILJx9ACRK140Ryx3JqMY\/YyD42QkwgrTjTzDQ+NJND6O0Uceq2zvmcJoQUu96CgWsrYfHSXjU9DLlNsEAANMFulwnswWqNVIuxPNkwhdjo\/ieTJsJQfHc6gWG0N2UBGwBEdt09LtNNVhHLAaZrlrMIuGsLOlvh4yDhfrmW1tMjQ3s9z+NgxaXFxOsMoBKR2OlArGHg0LU+tb7W1FsxT2VXaBS6hsX6IY5BXDs5F5U\/QaEIOixpwOB3iCDaAw2S2AKxX+Xq73qljI+fCL1A8bNwAlT6CUjMUpqBzYtLJ+iSxSxdxWHC2Ugv9Aekj20SSsy54iyaQwLC8gvkZpUCoBUTayY\/9K4PSYHq26frOHcs1s+Wxfb\/ZUfDjX63cp0gbOdibK89iEOKULTV1ebOvyDpwfWN5pmipbvMvS5d2+pcp7Al2\/199Rp8+n0TFR3hfsqkuTp1vBLsv7sTjEP8OyupT7mYHe3D+j7ahrkWdle+xnun6P8j2bSkH5WdhyuJTPaYbqWPLZrY7JeTy3u+Vzz\/ycALaG8nnb2IBRfm4LCRXK57d1+XltPe4LQl3\/\/Md0+UJPl1\/AlBrlizqtTda\/0PVU+UV+qMov9nT\/S952j3p6oIPwgfIySsr5oB92WH8IJesvNjf9HZQPm5s7rD+CknI\/uqP5vGQHAqF86WZnl+vzJShJ9zKUpPtSc7vNebzcuqKOCl9mtZQjvMLyVN20+j7pNrH7sm4huLFstjR\/u4UzJcoWyssot1A+iLKNYTmeg5L8r7T1fDDaFuXptN0rtBskVSof6jnY21G6V7xHHkXpXfEeJZ\/HrngvuYTSv+Jdeghl0LnSZb+w41qk72Oj4brsdO0mj927KCnH1e52l\/hrvY7KdR7v9bdDlF+OBIVyvRJlgPIrdqBwlK\/ygpD4AUriX+1v+6xHvtdmuef3N7nuwwBJGspRqOWIw55Ki\/exTFy\/gx1cSKA83NHtyY6e9xM728peru\/4oY9yjPIyyqMgQOQVYoKS9SnKB1HOUD6E8itRvhjlHOXDKFOUj6BcoKSejlG+BOVJECBmC3EDJfndREl+pyjJ70mU5PdVKMnvNSjJ76tRkt9rUZLf16Akv9fJILhMhl8rrR0l4esJkOXfIkCebyBApn+bALm+kQDZ\/h0C5Pt1BMj47xIg5zcBUKL+PQLk\/GYC5Pz1BMj5LQTI+RsIkPNbCZDzNxIg57cRIOe3EyDndwBQMn8TAXJ+JwFy\/mYC5PwuAuT89wmQ87sJkPO3ECDn9xAg528lQM7vBfAgOf8DAuT8PgLk\/G0EyPnbCZDzPyRAzu8nQM7\/iAA5\/2MC5PwdBMj5AwAeIufvJEDOHyRAzt9FgJy\/mwA5\/xMC5Pw9BMj5ewmQ84cIkPP3ESDn7wfwYnL+AQLk\/GEC5PyDBMj5hwiQ8w8TIOcfIUDOP0qAnP8pAXL+ZwTI+SMAHibnHyNAzj9OgJx\/ggA5f5QAOf8kAXL+GAFy\/ucEyPmnCJDzvyBAzj8N4BFy\/hkC5PyzBMj5XxIg539FgJz\/NQFy\/jkC5PzzBMj54wTI+RcIkPMvAniUnH+JADn\/MgFy\/hUC5PyrBMj53xAg508QIOdfI0DOv06AnP8tAXL+DQAqRP0mAXL+LQLk\/NsEyPl3CJDz7xIg508SIOffI0DOnyJAzr9PgJw\/LW+9a0BqtcB2LS4LmadYBnPKbjSbMcmRxv58esS0bDHFr7E5nu4JKfdOF3EqalJfcgijhpv9Q9YnzMiQf42iRaRoV5F9JWOcGS0mjeboCZx+hVxbcGykc+lhNJreSAEah8nBIY7Uh0jvkDCO4kWUjAHVY4icMpdA4niCI3eMSwrAK4v4SF1Z6abVk2QPp74h4TV1PauHzR5shHHub3bIIRKjeYS5rYv1vTl5TjAyaueUMMK4S+n5TiGHVASyZ2PKRHLBPLt2kqTJHpIqKeooslv1i6KRIuFOxSvlCnhP0v3p\/Ei8SqwmSulPijUFhIdIkieU\/EmxHk2Aw8nBYQsQd2oE0jpknViaVXEX6tVr5LvFufkU5wyQQJKNlA0Azu8r9VkUNlu114gLM86lpVrEa8XF+Gj6RGKBi4dbRihxVd7BBLELRTZhAMJoXI9PxUjIfWA7ySRux9QM2BvENJODGHxryOBR02nlTNRZ2dWEDSSruHfSzM4PDyOmzvE8hYnJoqY6Ok0Ob6SE3ZN4juusOIygTDiPrI3VHZe6QrkKFeP+egxpUmwmsnEwPp0dpthF5MqouINOsYfIVd1tBwMCBd2tUbRidq+Xcn0\/Go\/3cDvTQkMqRvLcIVZ5DubXN6c3McAbpdxADdCnpTzfrjQKo76Hi6RRKh7HqWY+xpTyI1DtMKdDhtfA81UmrzBWYZc6Sb8q5I1ktODZzGDbNQA1AoWK66yZ6RBHLNRW95N5urBynWEyDdhZtb6yRUUIY2U4PTqKIFjmv+WB7KrQ+oVUcOt9TFlpFEOdZR6NTjLXWGkWWhWGMccRE1OWsuRk6JOo0qlRO1GVXry4MZ1fz0WYwPKjMQYbqRFzQc4uNGMXrjExDUllpiKUMjg92puOM\/apqmDcEJFAwTmTlAwMnC\/pZgHdoIXZwFWh2JxtHhYNQy2UnAGHTAJnITjBVjxhcMA89VhyWuUsmzj7ndAzj44XlFc55G0pAygSM1XS+fF+jFMyNGms7yfjeBsOBeNPVaOahoG+tM92hBCMwy7n7UGuTNYUWYys5wG7MU4Qs+annFA4DY73eEjeAxkR4kRy8WfTCWxGD7R6PNkf81p4Apoqx7Uk7edNMTxcrGuprbx\/N0phCnp+tWGO1Vzl7HhvnKSHYMZxKW04DePoqFNKx0GMWwepOdi4aFcuJk2FBQvO2qhNszpZufvBDUgKVWfEXCGE3SURjLyHUvnt+e5c\/mtxVvctQWVB8i6atX6Dg++qDeBeSoKYqjaA\/f00XsCaa\/NolBxzt6iXO0EDRbETrKSzeRyNQLEacitQDulM9qcwRcW3I+ToWFsfiAwPMX3KhmZ8kgzzZ4j8JopHFfUOIi0cHtVx2lA4XE7xEgP1mu7o51sDTDzrbFm7A5WeyFsGQURjBTkp7DNzU0iNKToj6D3ZTxAaYKDopXl+ANudC10hzHpZjAnJAI+7kERdOAhcEeb3iZJw0WKwlt8q1nCDhnnklPWsWhA3MkROv9I1e311TFvNBNhEED+YMyA75Q03RilmzQvwAS6Zcc2A6z\/cA2bvevIMAz2HoieOoU5zkD8knyU3YVAInLQmw9gr0IrLh6DKEmXlhtOLkJUoHSoqXOObO7gFURc9Ahem2Uu4DHbV1YvBkl+TKAI8bKqbU\/0kYSPVmS8CZDhwxlQYa+nx\/j7u8eCkKlFQA1wSuPODyeuUcSFq6ckBPbuHCAZLraOKlJGW+iOwW9Tc4wV3H+7daEdQgU6xQboTXNNJsQqK1nQ+hJfxiRKR4noK9Fomy85WxkwYTmvQs+3s5tPs7JrXAgCyo\/ZlPlkhKi4o4UNCRvwsxUA4LDyoNjk+CuB70FMqsI9m\/oakLtXYgFaKHergGBFmntVWh5ma12YMPHgPe1isbyGoYn1q2SCyYFXs2R7iAxbwRlJ+xbIm4OtLeykekLBthZSYN3naQPhkiwLXfr67TYyRfQRSs1st\/fZaxyWJ6xNqZO9xKzrcKn6VPULvizrESVhaZWMwKj2gcsyMS4g5pcRkXfC2Wl4Eok+55WSX05vxIYwP+gE\/ZUdcEEwBr1KD3bYN\/2g7nebAbeHdks24Z8QDhP4OR5rzYTFmhCffyYE5OYCikJUj1FWqRoJ3qrmfR8Wajq4dZEToezxPII8cJelsHJ0qG9zAiUNXlclBWm98fJBkG3FtpirQG7rpYw46XNfT8lSbH4+j48nwUHeozxRSdzhCHg9HAAgnUKsJsJakzXgcI9OGndWtKcRlrtCNeFjA6uRrm738MXShMLL4lIUrQPU8IjUKHvZkNGM6DbnjDGR2AWFCbJz52iC2HunBfhGGXnQGAJ8ae+wFa6iQa\/9AN5BoWqoqAMR23N87zSZeuPEEg0ChTA1XaTlKf7Uml7p2Ey0chkmBJJdPIFyVnlFQY93g6jAyDGN3Nt1d7c+wdzObvfq4C\/njBHo2\/lKlbpwtyzA6gOO8eHaIJFisCEMBGvnwDAadPyC8WtQqVU3wyIKedk6ofUmjHp1Eyl4aLDXqJWXEWMlA3fBS7OzX1Qqvakijv6Q8uK1loG54GXoWO\/Z6UdGNXzpECF8AOKcAjXx5yphzFcculBr1ZYiyxVHvfFHRja8YwZcRaeC8E7EuL1SqmsCM1BM9JwexL5Y13bxZbib2hEkoJ3fHGaQmto4QmNF+J0uNasYqRGNlq\/H8rrNYTW6zp5O6ejcA5d1LCE3UKod3tTah2HvOIDXxFo4S1chwb7WuSdqVg8nTclg3ObCQ6GAezQ5pJFiNdXHfLShNeKXA5q896+Lpt+I06TZDmQNLn6szAwjvX8Zoss5RglXqJChA8gwUWU03d1O47fU4O\/aui2dW65qkt4DThchMrmNskHxGta5J3MPiMxwsBlio\/fpZ4lm3w+suHmoYyMQ1yEQ8W3xmpaoJHtMYK5qJ54hnFxXd6Ou6+sjoueKzyppuDiii4tUuBBDPF8+5DVp3CIuWnfyToBeIzz6D1MR94i1EA3GfeG4O66YdVivnzvvF5yxjNNnu3q3fPj1PPO9WnCa9epKNXSoQiv3cs1hNfg0b59hjPRWvk\/L5ZVW3Pw5qqEqjSPF5VYSm+XL6SHac3xMvKGu6+ZW07R5cGxcsn5\/Duukr1GS5lb1BihfmFd32qlidR1JcL8svyGDdMkD8HSE3UN9AwabEi8SLbkFpwldrfw\/ypPGHpPzCZZSmiziyqUJQCh8Uj4ovWsZosj1s21OdzqW4HJZfXKlriqG+FOAkcJMvLpVV3T5Kubtgh1wVD2SgbojLMGJlWd3lW1CacJ8LtBVPj+LF\/BS3z\/LBKkLTHOglypGkemgZpekO4f\/Zh0cvF0lR0Y1PqHoWQeDF16t1TTJWKC8aMSMCyVG1rkkm3BkR+NXlwzSv6LZZqpIlagdPGuIry6pun+\/z4qGLQNxMUhXuEZjTM0hNvJjrhZq2ELekwMVnUdUEJ3rhNyGhVmreH9Q3lOAWsAh2yoHFpripkFdwociPoJriNNVpqZKyzGTfLcWTSaqxnr4tIFtw\/SpARYfqlcRrRvqGRbdwwjx\/f3WVfEdnxNj\/X0uPyV6+LaR100mHRypOEGN8zVIrxL+5OI6Qf5YUr1N3mhkJ5jycxwwWuLyoUn1tlaoNW4AXIVpUSV5fJXHnWGMEPYk3sQo6GGOfj0ePx\/Mpmt5Qbepl3xTo7xn28XJ2tjGzLnGI68izrS1sIRRdPIFHtkozgnwqxrgireC8PJ+c4PmNZocpfETKN0nEvuxSgpkcPDHEa9wMJ311PxBgQyyT2DeXDaXZKF+Ee369RABEOhONmUZgtm\/JL8ewO+tFVEy+IbsCa8ZQfTLjyFjVt0reLyKNxLY7nXXifaxemR\/Al75xicBnNL2F4m0lxeZ0sZge3YbL22+luR2jd5REZUvCLGOGxBCpBib3TbfShNh8lkneSW3RxTDDFLaIiBNhJ6B\/fbPUtg371Vdb8F\/oTln+eyReJkGarYq6Knq\/xCNliQuxAKIDTytRzfIK6VtkHBXfU\/XAD3rG+a\/8sMnD2+VQCR0cTacLXuah2\/tkMjmEWfGVYBzoWIzlem+ODlTALBu+PW8I4WMl+jtytK3CS9nwgaJBbV1lw3fmDdw3SvQHc3RFnha\/ZKIYaP9RmaRFE3T6rajrxhzzbTIlpPTwUYnHWFVdtrufkMf5PSXUUA1K75c4JWJRch\/cw9stekKTrj4oXcV9GQw8C0vflS1pwDEqy\/lTEo+2laYyUH5M4hU3SZdj5PfIWOmNSjVT3KgQAP57QRlM95EIQaqMFdAfAro3nfRnI2zZGYvvy8SEycE+hooarcLHO\/CwxGE3wBR+QOLOCIZ4mIxHEKuZnCA08LLvwxXj8hDw4vkJ3p7IF0P8IBlNsIpoVOptI5UoUfwEdUP8MO1fR4vsmvGDEtdMqWJS3Eb8tETmoCIHxELfEOTiCl6Yy+HD5ChGWgEb\/UiVshuhgv\/Ko35MopK3VJzhx+UoxoY1UXWcX7BgSFLQ4aOV6zmdu2FnkD8pb2t0mwUpDO9jMspuQ35W4gUb6lreuzoqCdrJLKMBC5hgqgdKAjW7D0s8c09PlCR5XFYN3y2hjqyB9xoLMM4JsFY\/k7eV4jjlpGE6EOgMhVleUn6\/xNO52hMy2Tbwgr6AffWxup0lqVfxpK6vUjgjPKvLn8M78gGi3ciduGFLfySWirn8+QK\/v7\/U8PHKCgaH0+PxKDjCZmKqZ03a6S\/IlAmFTi9egdsQVS0PFlnehEX8Jd0E4VTKXjb8sm7YVe9pLfEruqpzbdR\/VakDUUXdhIV4zJ9pZ8Pq8irhE3ldBZxfgwVn4ZjkG3jgT1IL7+t44M\/o4tFOpqANPPZrBXGhiguoj0v5m2AD8WGX8+B4Rl\/OwhRDk8n9kpGXCcRvaXGzNAsOyUm1xG+XDNKMw1Mw+B1ZvDeKP5Pid+X1+DScJwcH8OD\/LsUnIX9A19+CJcxA\/3ulR1YMJxV\/JOWn5MkULmqfYPbeId7DqZ\/fh7Xgsrf\/FBHy01p+b44VnZ8W8v\/BElotr4P39xQp47\/TTdmMK02vEP8+a2IgyrpCbH7G+oe6JVt1X63tuvgPS1i9mQP9R5KmznSNefVmjAkg+iBmYqJ4UvyPupcaRQ0fxON95LZ\/nCUlHagyhVfI\/0TCTHMetnGY3ukOLyCR6FH5n5TyTyR9p4PcUC39p6T4z3juPPOa+E4p\/gs3gFv+DvC8+K9cZ0ZMbmrwDFiz+NMSZyPYAPPfSgyEy\/a235BY3wKveiPpwzH\/f5RY9Ne4P9Oj08kzz1gX\/7PwDHTGJfN7pfzz0jiAg6dNDjzcBywgvfhfy+R4XnuflH8h0aoSPntyfNTCgQx6h02K\/y3hw\/AMa9md\/k8pmwUDxy6g+KdwU\/l\/8zB6m0fWd0nx\/8quVGBxgfnrUvyldG4jBV5rOryqlJD3KVcR95+zDAnx9P1yKjakwTGKdTXwHJ8uECEaQu4dj2FKIVQEU+ZdN1M9tdSd+CQeg0S95PeO1cfPeLjQnCZ6IoYxBqh6\/yHuW2\/T29gsB8ALm9+0fX3j2u+VFen0mngeA4SXqkFHf4xZ6+SscTHeMdXfbYisT04jCy45pnxtVErU8QAz1pe4EAo6\/mMpDN2Qij\/Bq+jS\/XnR31a0xkpS8gmBxk6OeRaopS0b6isaKjt27XpcDWL128SlRrmzlLnBSiGLqVgK40JJ1oNfYgkxqRIXghRZtFFiqlIs5dD1kqYcsCLFbfc3Pp7RZtGu2LT5QJVjdIq0Rrca33azXz+bNJwrBzyTkW1oeVvYidiOK+bzML15pAmwN+uM9UKhJDhGxceN2gTuBongh2klPS7fIfBykq1KUydzorFtX9t0TZ82CQPd7rm7eETiHzng9Ug93sqrm+5VPL3agA0veAhFLdh1Qqs98NSn4vXtcq0NvuvwkyS8+Eksk8JmY\/0prKUNofVWZxj6qxt1jsWaGjtJfIPbJCx3GE1OopQ5Ow54SH9SfqQzQ4o7hspOQAddGarejKlLXlnXdKctza2u\/lqRrPQfLL5QSN2umHamQ7Um0KVRQWMb0evK74Mev5WjNU6G14XkpyerkEZpHP0DtTZermFpTDB70GcpcrFoRqiVgRxLm4uQ6uMGQNkI8nC6SGfTRVY10hvRLIPzVSs661DUmOpaRvVXMZjlJuOU\/pq11bNum4icM1wzLpwRTvKiAV2ncFhkxYhv0KWxB8cNcNMS82kOw2Wjp+L1BsJtYdblGVUYLdffzYzLt\/EyHtCKJM7+Klh66L2ndnKcwTHCyhT+pwZ7Ax55J\/GNomKckbFJGWuA8tkAg7kkaVtTOpNefOOWKWBSo0K4NxqINksCeHzbgnXzE3YHr\/VKbHPT9TUoLbfbdUJdMZa7bsen+9zr4IMzxeVNmAB0fgABeBthLBBx0kV0NEMle8vNsjB02VueVa5YB3vLTRibkSr6wpTwaKrH1idG2AEuqBa5UrVA4usgwFl0AD3geuTN0KhmmgmRircYslYVsq4sHEeK0lca4LHoYkJ8jzXkArGJDrzD2N6NFxGEgVHmuzzOo9F4DFsCSR9xDp0hgDDuXfprqYIYi2Nk4as2zG6j6ojCB7GOsg36vYoPf46ofKTc+y\/wNJjmTovEcG26h4FOMB+xKtdHMcNOT\/M8h2WHJSgnTpHFyA09\/9xxU6QnEu99y26G46QhL2CoOaTdEBeVQnOazNBgdXcs4b3buBq6h+LORU6Ss29SY\/Ceu2aolSuairca8u5hRdtvM8Q9J0t6foch7g0wJeRFeBN77DjGlTiegrMNoZcFIVxl4VAFEyLCUiuQFiwMuTeGxlpJPObBj8aFFbFUxPRjLTiI9CLoYA39QYub82k0GmLOHBESgg4TRN\/hct\/3wMzyGRj3UyXwHFntYWDOCqhNSgFxppJ1Kj2vv9OQDSWquClXUiT80Thb1tVoiINCKupiLWVSHcTqHQYt63k95LAvFefyuoW0FXNQ6JeJjRmmwayiIc4rMFMEdllVxaGNzg2GF\/XAXnQ6xuyBuCNdUn8CQd9lyDsrEyk0\/W5D3LUPTjs4dWDqmO\/diruTelwv+Mmpe7xIk1FsT4ZjmCSSABVOpLhHEXpQIVwpFPfiNIvERYqnjeGY4\/5kNA14GBLvM+R9CuXHFdTT9\/KlSsV7DXl\/M9nftw6Puf+uVwSFu0gdt\/DEP9KfcvTQjJWAN6ptUI1e13Cm4oauOakydOgGYq0MyT011fUgphEeQmCiMMQqNpCEM4b62wlcYz48PMUQcm12FrdOUXNlG\/UJpMmFRau2XJgDpM1mhCc1hDBWNzkMqer\/H2YOAADtmXuQVdWVxte5\/aB5NCCgIAhcQAgBRSQIKN23j5KqKTNOJCYzZpwZQhsYxeJhBBy1MriF5jWhCQaMM4ZxmsRMoSYRBBWEbo\/aiIIimFiKESEJJCaCYl4mPlL5fevc7ux\/U5V\/UpVTbtZ31ree+3HOuW2SFKzCKisTs4JVJlWfXPDFxfNmz19k1UnN7WbW1XpbH7PE3M6GWWWhanrjdbOLF\/7JoocEl4teiRz6Ck9Y8vz+\/R1Div9QoIIHGq5Al89fNPum+Y1zi1fOn3trcVrj\/JsbF1q1\/flh1yYUmAxU5IQSaylxz6bGmxYUb2y8cc7cWQuKixqvnTt7UfvdC4t7Ni2eP2fewuKPw3rY6xrnXttYvHnOwsY5xRsWz2q\/+4Y58xYUF85ZuGj2vMY54+ixS0c53VdZWLXMLOR1rUpsn5e2yqxfrfX0+s6Et7Pv4J+BogbZOTa4MMSGWpGZG2mjKLOAXlyF\/mHCE\/uYjV5utq7w8asWXLtg0QK7avZ1i+c23mT57fkdt2OSv1RTlR2dVFHPUrOjhZW25WV2AbrxXVBkVVZ9Kf+pWm6P5pShXWI2jZkuoE0ZnUwCE85ikxSWWTo2ZgowViMfmIdipgJGPhWFJksHx0xl9X9auMaSSpiZfxczVfjYuZZUiVkXM9XVXzb7wJJqmOKWmOmCTzpUFTSZ\/S5mamBUQXVhuR0cEjNdYeTTBSa7LGa6Kc+7ltTATL8qZrqXma4wxxpjpgfRsqL6YaFXxEwtTN7PcgsPxExPRaOfbjAzH4+ZXpqdT6sfKngxZnoTTf10hyn+MmbOgFE\/NYUVVtM9ZvooD1X3gDnYJ2b6yqeXKlhhz46ImX7lCmph0nExc2bZpyfMlIaYOQtG+6AKZseVMdNfFdBpAWbz1TEzoOzTC2b09TFzNkw60JLeMAdvjZmBMAGmC8wtX4mZQcpDp2fApOtj5hx8siyvevpDMTMYRhWo6oNPxMwQRaPqPjDZ3pgZKp\/puU\/2eswUyz7VMFuOx8wwfLQ+Cczm38bMcBitaV8OaU1lzIyAyX1W8siLmXNh5FMDs+PMmBmpCpiD7jAbz46ZUfh0RPvv4THzMRhFq4K5YmzMjFY0+ukH88kLYubj7BA7rVWgtskxM0Y+VNAT5s1LYmYseTTXqmD0tJg5D0YVKNrrfx8z55ejqbbsypgZJ4bazoTZ8dmYuUDMz7WrVtqaq2NmPHlS9k5XmJkzY+ZCGJ3gWpjr58TMBBjteOU5\/qWY+UQ5j6resThmJoqh6jNgNt4aMxcRTTuxEua+lTEzCSZ\/Uqy09nUxM1nR6FQzuntDzEyRDzOqCj7cGDMXy4cK5HOsJWYuKft0gyneHzNTWVOd+h4w\/\/q9mKnDR3Ogfl59NGbqYdSP1vRYe8yUYDrWdMMLMdNQru0smFsOxUyqCmqtpmvXJMnfjp0vSyvwPj2vot+RQYO3Nrz73rApT0585oIpf\/jd5Mt\/dUOlVbVUW49ErzOMbJzdnoQkuSOxpYktS6wpseWJrUhsZaLX+urE7k7s21jvS2x\/UnghsQOJWXX\/E3xkWJhYsrC2VHDARcj765EdYFID1BaoSQ0Vlp50YNalwbJRKGxAg4X+KJDZh6Vcke0t2Uws7EEU2SmPb0YMJMHIAyinzh6RCg6A9ysOLLyF3CuFEeY1vJGpxwfM7ElSLIoDVAEux4bBbitZOlzFErUTKNhTFeSyfQpi2D8DCHUWnkbOqqenbwGKu83mucRisAOz79N+DyzsGsAmhuRZKgIQbsDqFHKNFJO5uY90d7ksWPZUBNKdmAiEQ9xsx+yoFN\/m5m2Uq11WWGh0YJZi8SMphqB4GQsk5bIgy8j3NIxA9gqmu1H8QorfAj5CcR4ulUxL+DeCdGVa1rjEYpcDCwQ0n8nTKI5z8y5yl6ID7CP1KzCdgO8jrY6ZdKAdsc+BsXa3gZplvN6Bhf9HPi7F44CfUZ8a7k9cgXQZINzrAJO+DlzaiLLC3mF2xyPbFOQfAIp6Wy6frlTOjIi9MBewi4jxMIrLUaT3AWagvAM5D4XVAb7M6ENzq6RgMdP1WDxIZZukaEKxBYVke1kRTqD4NVITFCbgy4zZcpdYbHNg4UXkB1j4cThOHZJPlGi11QGLK\/AS+b+L6VEU4X+5OYWSYEgUVzswm4r8sRRDAK8wkNmessIeYVyM8jtSfJab+0i3hrERhT0Es4HRjstqKV7DYgnscZRfQJGxn8KlsEjfug6+wRwcQlYz09l2ALs9rHBJjCsc8MmPnF6H4iAL05txN+MeXKwEOMVAhlEltkUPsowieuiJz2mYC5E7Zfo5AJvVoy9DkbU48CNv30Xha\/kqCiSLa4m3l43hAGdboVKBwxHISoD0HqzPAZgW2cFHNCVKwI19DwmUA+qhmPixsxPUmn4D7U+5+apLap3mwMJwlBltOfBtv4aQHSDtQkgrMskCYRjgHXlfiTebI73TJZ3e6yBPWIOpgxMlO1ygDJtEub5kgLAV5n8IfUgKJkMnMIzgCZcQKPxLHijc6ZLIzzqw7Bfk9r1UzS7loSsZVpaoCpA2lZlwMeYfkeE3TLev\/42kZHPas6xueBSg5f6aS\/JPcmD2E+pYjosqtF4okawjzQOo3TiR3ajA8wDCOGwmMk7LaQZgGY4Kq4VPtZOl2Id8F0X2BmA8pSGJlivSR4nzHArNRNjOzSkGjSNRzHDgT\/b0JSm6EeMxFEjqoKIWTW5WUW5fwGrheFuQnLJeBNCcFgeJgskF5Gt9VT1TJzC9jS5Z606Qr\/VAIgnYUFKeJr4OsVbCCIck4QEHZiRkqlGogn3cIMOqErsAQG3GPj9MFDUukD6GzR6GGtdzTc+UdB3jJIpwhYO8uL0lSgGE7jB2BRqmNcMUiQJfgAWC2UkUim5j8UeSzp7UKQhjUPqO3kiXHcCbE9UJdLFZm+utOJb2BLLxdLS53lomStFOpiko3neJYgBZpBhVKluwVu6CzGMAwkgUWGTDpMDFhqAgBhIFQQGeJbcgrbsgiWEXUFO5urxwrjLQeXeqE3C1aFP400rTLZBxWuxlFL6tRlIJixaWusSCOQRY9gJWv2K6HSiifRgDZQ2HyiDV1rqeCQ\/bAGwpIxyScHQK8IS2AgtVYL1RSvqJAlCbUWUPZl9bVyCch80Ehs6LfR6wGrtml+TZ6cCLC32JIsDnDaYw2i621iUKfAF5MB0cRc\/YcpKksyO+KaahGE1zAr4F0g0R4HGTU53AqgnlYD+NfAb5gOqaAfgvFLe7RLHSgYW7kF\/XGRPQx1i6DKCZmeWSuspTFaqRr9ehOECgpQzJavIKeAG2buqfgBcpqhN0NgIob4DKBvVKTECg8fAW7FIKNC0dWe3\/XFLx1Q4sDEXeRsU2CKBV1sOAqwy0E3QUO0HmT4VrAGyfcK9LHgLEB1hGwlRPBVVgz+GHTPVUcNCkDZAdpjBtU4FsBzd7GVozPUF9Ede7JM+nHOSJnyzlFYSzYfzVx9YImCIJtt2BpQTz57Oih7H4Sa4u2Q81Q6nMvf8pDvw7zm7B3C4hmNZE8nZSCVB5mdkCcw+mB6Xg\/ZW9g2IE0Y3uO6ej2SWNPOXAwlHkaVwyHaYD3CDTZqIL2CKAdXdA1FrAudR6MfIEFYV\/B\/Ccy+5ySdTvObD0CeSDUhwE8NlnR3DrRrD09yhaxbwCoL1yv8bWb8ZGzwL7ogOzesZhKfpTVzs3PRktRAkHIhC+hUl4HpNnuNkF85oUD3BDkHJUO6VfIOVksH+b3HrGX2pyOdiz+Ak4ht4FAu+a8KWSzdTLh9m0lLdR2uySybjHgX4C5BbZ5txF0mMIpLxrZBH08pFLNjiPgcyDAjyLWyitXCSJYW9quUMG20v1Av72Y4WCHoLZwGjHZbUUr2GxBPY4yi+gyN4GXAqL\/Ov4sbJZr0193tk\/wapDFRMWu0Qx1EH+KV2UBY9ge4SxilGvYgD+ygpFJqIDhAaVB5B9utQlC\/iYA\/\/8z9\/3APex9yLABdjfAfLibKcqDYPLdoodTirJDKabXZJuckmFRABYJvlwiSQALnyei8E2nFOAPwd2I99AoQlITzLWMzz8rQ58\/6THpLgI8AMUwwmflQgG4KJQvU87QF5kXq3dr1eT5TdomdOg55q+3FWptbhktV51oJ9EZm9ikb2P6Qd8dtbQTwUW1heARcbfi5B08GkH\/HjDTX+JEuAq2LHJEQgPE83Bi1RxIT5HULRw1NWcDXJZYcWeDqylCovXUaQq4AXGe4xthBfgIg9Tx5WDdCu2DnBOv8pQNH27APhfizjvKWEK4AJ8pWOqAD4p5dnJP4zPIPs3Zf9N9koHCM8CRHUCKFurJ5Wl0H4gARl7yr9T\/TNlZD6j2VKXNLTdAaeMmk4TKOWxQWIifhgBP4kOdrRaegTbAW04t6H4xzYdfknC\/7MDs2ElnoFSvETiEW354X2nlcrfA4RWmMkE6drmRxNJsM0O\/M9atlcWBwA3t+by9FR8BT5fj+nDAE5hShdIKqMtQN7ncizUuPVCiQxUx5zU0k5TCQpg55NrAjL+DM+aXRJtp4M8X79SnpgFY\/\/tIAgrmK5laEnVMMDsE4yXpKgt5Z\/hSNLZp0gdbuH+g3rm9gmUPqVvd4BmKC18+FwZWFNdTtkb9Tkou9vXdWrUaa4F2G2tVAsI17TxB446SUo4uEuAYK0WPtNGJIEuYpp28xsTZkCdJIrh9QJm19LtbwhmXwP8oDWXd7TiC+jMB6AEW+K\/2TAGtPCm5anMD3gpHgXwLra3XFJbb2pDoXdJiyz0+yfDRdJjCISRKLDgEKPAxX8qEgNJ0EcceBa3UFq5SBLD1utBaOuwuqweVuBOxncYW6V4DnCIkRD4EIow2IH\/ZTW3mAq4E4WkxxB4vi63KNaVXbbsymNs2YWFgkqhLLLwtHKRvIzxRw==(\/figma)--> Canina Petvital Gag tabletid koertele aitavad teie lemmiklooma kogu liikumiss\u00fcsteemi.<\/h3>\n<ul>\n<li>Kasulik kasvavate kutsikate sidekoe jaoks.<\/li>\n<li>See soodustab esinemissoovi ja kasvatab vastupidavust n\u00e4ituste ajal.<\/li>\n<li>Annab gl\u00fckosaminoogl\u00fckaane lemmiklooma liikumiss\u00fcsteemile.<\/li>\n<li><a href=\"https:\/\/www.canina.de\/en\/\" target=\"_blank\" rel=\"noopener\">Canina<\/a> Petvital Gag parandab vanemate koerte elukvaliteeti.<\/li>\n<li>Stabiliseerib ja taastab k\u00f5\u00f5luseid, sidemeid, k\u00f5hre ja k\u00f5vakettaid.<\/li>\n<li>Aitab s\u00e4ilitada head <a href=\"https:\/\/zooprekes24.lt\/et\/kategorija\/prekes-sunims\/muud-koeratooted\/koera-tervis\/\">koera tervislik seisund<\/a>. Sobib kasutamiseks raseduse ajal.<\/li>\n<li>E-vitamiin ja seleen: kaitsevad rakke kahjulike ainevahetusproduktide eest.<\/li>\n<li>Sisaldab looduslikke koostisosi - aminohapet, merevetikapulbrit, rohelisi rannakarpe (k\u00fclmutatud), E-vitamiini, seleeni.<\/li>\n<\/ul>","protected":false},"excerpt":{"rendered":"<p>Canina Petvital Gag tablet\u0117s \u0161unims &#8211; pagalba visai augintinio jud\u0117jimo sistemai. Naudingas augan\u010di\u0173 \u0161uniuk\u0173 jungiamajam audiniui. Parod\u0173 metu skatina nor\u0105 pasirodyti ir stiprina i\u0161tverm\u0119. Apr\u016bpina augintinio jud\u0117jimo sistem\u0105 glikozaminoglikanais. Canina Petvital Gag pagerina vyresni\u0173 \u0161un\u0173 gyvenimo kokyb\u0119. Stabilizuoja ir regeneruoja sausgysles, rai\u0161\u010dius, kremzles ir diskus. Padeda palaikyti ger\u0105 \u0161uns sveikatos b\u016bkl\u0119. Tinkamas naudojimui n\u0117\u0161tumo metu&#8230;.<\/p>","protected":false},"featured_media":20004,"comment_status":"closed","ping_status":"closed","template":"","meta":{"_acf_changed":false,"slim_seo":{"title":"Canina Petvital Gag tablet\u0117s \u0161unims, optimaliam jud\u0117jimo sistemos palaikymui - Zooprekes24","description":"Canina Petvital Gag tabletid koertele aitavad teie lemmiklooma kogu liikumiss\u00fcsteemi. Kasulikud kasvavate kutsikate sidekoele. Soodustab valmisolekut koera n\u00e4itusele v\u00f5tmiseks."},"iawp_total_views":79},"product_brand":[],"product_cat":[9072,32,8999,31,9022],"product_tag":[1519,2441],"class_list":{"0":"post-23119","1":"product","2":"type-product","3":"status-publish","4":"has-post-thumbnail","6":"product_cat-canina","7":"product_cat-kitos-sunu-prekes","8":"product_cat-sunims","9":"product_cat-sunu-prekiu-gamintojai","10":"product_cat-vitaminai-ir-papildai-sunims","11":"product_tag-papildai-suns-sanariams","12":"product_tag-vitaminai","13":"pa_prekiu-zenklai-canina","14":"pa_suns-amzius-jauniems","15":"pa_suns-amzius-senjorams","16":"pa_suns-amzius-suaugusiems","17":"pa_suns-amzius-visiems-amziams","18":"pa_veisles-dydis-didelems-veislems","19":"pa_veisles-dydis-mazoms-veislems","20":"pa_veisles-dydis-vidutinems-veislems","21":"pa_veisles-dydis-visu-dydziu-veislems","23":"first","24":"instock","25":"taxable","26":"shipping-taxable","27":"purchasable","28":"product-type-variable"},"acf":[],"_links":{"self":[{"href":"https:\/\/zooprekes24.lt\/et\/wp-json\/wp\/v2\/product\/23119","targetHints":{"allow":["GET"]}}],"collection":[{"href":"https:\/\/zooprekes24.lt\/et\/wp-json\/wp\/v2\/product"}],"about":[{"href":"https:\/\/zooprekes24.lt\/et\/wp-json\/wp\/v2\/types\/product"}],"replies":[{"embeddable":true,"href":"https:\/\/zooprekes24.lt\/et\/wp-json\/wp\/v2\/comments?post=23119"}],"wp:featuredmedia":[{"embeddable":true,"href":"https:\/\/zooprekes24.lt\/et\/wp-json\/wp\/v2\/media\/20004"}],"wp:attachment":[{"href":"https:\/\/zooprekes24.lt\/et\/wp-json\/wp\/v2\/media?parent=23119"}],"wp:term":[{"taxonomy":"product_brand","embeddable":true,"href":"https:\/\/zooprekes24.lt\/et\/wp-json\/wp\/v2\/product_brand?post=23119"},{"taxonomy":"product_cat","embeddable":true,"href":"https:\/\/zooprekes24.lt\/et\/wp-json\/wp\/v2\/product_cat?post=23119"},{"taxonomy":"product_tag","embeddable":true,"href":"https:\/\/zooprekes24.lt\/et\/wp-json\/wp\/v2\/product_tag?post=23119"}],"curies":[{"name":"wp","href":"https:\/\/api.w.org\/{rel}","templated":true}]}}