{"id":23087,"date":"2024-04-19T13:15:15","date_gmt":"2024-04-19T10:15:15","guid":{"rendered":"https:\/\/zooprekes24.lt\/produktas\/royal-canin-french-bulldog-adult\/"},"modified":"2026-02-27T10:58:20","modified_gmt":"2026-02-27T08:58:20","slug":"royal-canin-prantsuse-buldogi-taiskasvanud","status":"publish","type":"product","link":"https:\/\/zooprekes24.lt\/et\/produktas\/royal-canin-french-bulldog-adult\/","title":{"rendered":"Royal Canin Prantsuse Bulldogi t\u00e4iskasvanud kuivtoit koertele"},"content":{"rendered":"<h3>Royal Canin French Bulldog Adult on t\u00e4iss\u00f6\u00f6t t\u00e4iskasvanud prantsuse buldogile. See tugevdab aktiivsete koerte loomulikku kaitsev\u00f5imet ja aitab neid vanuse kasvades eluj\u00f5ulisena hoida. Aitab s\u00e4ilitada head liigeste tervist ja karvkatte loomulikku ilu.<\/h3>\n<ul>\n<li>Prantsuse buldogi Adult, optimaalse valgusisaldusega ja L-karnitiiniga, aitab s\u00e4ilitada lihasmassi ja\u00a0<a href=\"https:\/\/www.royalcanin.com\/lt\/dogs\/weight-management\" target=\"_blank\" rel=\"noopener\">parandab ainevahetust.<\/a><\/li>\n<li>Koosneb kergesti imenduvatest valkudest ja oligosahhariididest (FOS), mis tagavad optimaalse seedetegevuse ja soolestiku floora tasakaalu. Samuti aitab see v\u00e4hendada soole k\u00e4\u00e4rimist, mis p\u00f5hjustab k\u00f5hupuhitust ja halva l\u00f5hnaga v\u00e4ljaheiteid.<\/li>\n<li>Vitamiinikomplekt aitab s\u00e4ilitada terve naha ja <a href=\"https:\/\/zooprekes24.lt\/et\/toode\/brit-care-lassi-oli\/\" target=\"_blank\" rel=\"noopener\">l\u00e4ikiv karvkate<\/a>.<\/li>\n<li>Royal Canin Prantsuse Bulldogi t\u00e4iskasvanud koerak\u00fcpsise spetsiaalselt kujundatud kuju muudab toidu k\u00e4ttesaamise teie koerale lihtsamaks. Graanuli suurus ja konsistents soodustab n\u00e4rimist ning parandab suu- ja hambah\u00fcgieeni.<\/li>\n<\/ul>\n<p><img loading=\"lazy\" decoding=\"async\" class=\"\" src=\"https:\/\/zooprekes24.lt\/wp-content\/uploads\/bd12o-hub-french-bulldog-adult-black-and-white-5.jpeg\" width=\"350\" height=\"350\" \/><\/p>","protected":false},"excerpt":{"rendered":"<p>Royal Canin French Bulldog Adult &#8211; visavertis sausas maistas, skirtas suaugusiems Pranc\u016bz\u0173 buldogams. Stiprina nat\u016brali\u0105 aktyvi\u0173 \u0161un\u0173 organizmo apsaug\u0105 ir padeda i\u0161likti gyvybingiems vyresniems \u0161unims. Padeda i\u0161laikyti ger\u0105 s\u0105nari\u0173 b\u016bkl\u0119 bei nat\u016bral\u0173 kailio gro\u017e\u012f. French Bulldog Adult, kurio sud\u0117tyje esantys optimalus baltym\u0173 kiekis ir L-karnitinas,\u00a0padeda i\u0161laikyti raumen\u0173 mas\u0119\u00a0bei\u00a0gerina med\u017eiag\u0173 apykait\u0105. Sudarytas i\u0161 lengvai \u012fsisavinam\u0173 baltym\u0173&#8230;<\/p>","protected":false},"featured_media":20003,"comment_status":"closed","ping_status":"closed","template":"","meta":{"_acf_changed":false,"slim_seo":{"title":"Royal Canin French Bulldog Adult sausas maistas \u0161unims - Zooprekes24","description":"Royal Canin French Bulldog Adult on t\u00e4iss\u00f6\u00f6t t\u00e4iskasvanud prantsuse buldogile. See tugevdab aktiivsete koerte loomulikku kaitsev\u00f5imet ja aitab tugevdada"},"iawp_total_views":309},"product_brand":[],"product_cat":[9012,9002,8999,29,31],"product_tag":[176,177,3768,200],"class_list":{"0":"post-23087","1":"product","2":"type-product","3":"status-publish","4":"has-post-thumbnail","6":"product_cat-royal-canin","7":"product_cat-sausas-maistas","8":"product_cat-sunims","9":"product_cat-sunu-maistas","10":"product_cat-sunu-prekiu-gamintojai","11":"product_tag-begrudis-sunu-maistas","12":"product_tag-edalas-sunims","13":"product_tag-royal-canin-prancuzu-buldogui","14":"product_tag-super-premium-maistas-sunims","15":"pa_pasaro-sudetis-ryziai","16":"pa_pasaro-sudetis-vistiena","17":"pa_prekiu-zenklai-royal-canin","18":"pa_suns-amzius-suaugusiems","19":"pa_veisles-dydis-mazoms-veislems","21":"first","22":"instock","23":"sale","24":"featured","25":"taxable","26":"shipping-taxable","27":"purchasable","28":"product-type-variable"},"acf":[],"_links":{"self":[{"href":"https:\/\/zooprekes24.lt\/et\/wp-json\/wp\/v2\/product\/23087","targetHints":{"allow":["GET"]}}],"collection":[{"href":"https:\/\/zooprekes24.lt\/et\/wp-json\/wp\/v2\/product"}],"about":[{"href":"https:\/\/zooprekes24.lt\/et\/wp-json\/wp\/v2\/types\/product"}],"replies":[{"embeddable":true,"href":"https:\/\/zooprekes24.lt\/et\/wp-json\/wp\/v2\/comments?post=23087"}],"wp:featuredmedia":[{"embeddable":true,"href":"https:\/\/zooprekes24.lt\/et\/wp-json\/wp\/v2\/media\/20003"}],"wp:attachment":[{"href":"https:\/\/zooprekes24.lt\/et\/wp-json\/wp\/v2\/media?parent=23087"}],"wp:term":[{"taxonomy":"product_brand","embeddable":true,"href":"https:\/\/zooprekes24.lt\/et\/wp-json\/wp\/v2\/product_brand?post=23087"},{"taxonomy":"product_cat","embeddable":true,"href":"https:\/\/zooprekes24.lt\/et\/wp-json\/wp\/v2\/product_cat?post=23087"},{"taxonomy":"product_tag","embeddable":true,"href":"https:\/\/zooprekes24.lt\/et\/wp-json\/wp\/v2\/product_tag?post=23087"}],"curies":[{"name":"wp","href":"https:\/\/api.w.org\/{rel}","templated":true}]}}