{"id":23080,"date":"2024-04-19T13:15:15","date_gmt":"2024-04-19T10:15:15","guid":{"rendered":"https:\/\/zooprekes24.lt\/produktas\/brit-fresh-fish-with-pumpkin-adult-large\/"},"modified":"2026-02-17T12:41:27","modified_gmt":"2026-02-17T10:41:27","slug":"briti-varske-kala-korvitsaga-taiskasvanud-suur","status":"publish","type":"product","link":"https:\/\/zooprekes24.lt\/et\/produktas\/brit-fresh-fish-with-pumpkin-adult-large\/","title":{"rendered":"Brit Fresh Fish with Pumpkin Adult Large kuivtoit koertele"},"content":{"rendered":"<h3>Brit V\u00e4rske kala k\u00f5rvitsaga Adult Large h<span lang=\"cs\">olistic <\/span><a href=\"https:\/\/zooprekes24.lt\/et\/?s=large+breed+sunims&amp;post_type=product\" target=\"_blank\" rel=\"noopener\"><span lang=\"cs\">suured t\u00f5ugu koerad <\/span>toit<\/a> v\u00e4rske kala ja k\u00f5rvitsaga, tatra, peedi ja peterselliga. <span lang=\"cs\">See on maitsev, t\u00e4isv\u00e4\u00e4rtuslik ja tasakaalustatud toit koertele, <\/span>valmistatud 40% hoolikalt t\u00f6\u00f6deldud v\u00e4rskest lihast, k\u00f6\u00f6giviljadest, puuviljadest ja maitsetaimedest, mis on kasvatatud ja valitud kohalikest p\u00f5llumajandusettev\u00f5tetest.<\/h3>\n<ul>\n<li><span lang=\"cs\">Toetab suurte t\u00f5ugu koerte tervete luude ja liigeste tervist.<\/span><\/li>\n<li><span lang=\"cs\">Parema maitse ja v\u00e4rskendava aroomiga on rahul ka k\u00f5ige n\u00f5udlikumad gurmaanid!<\/span><\/li>\n<li><span lang=\"cs\">Maitsestatud traditsiooniliste maitsetaimedega, nagu t\u00fc\u00fcmian, rosmariin, rukkilill, v\u00f5ilill ja petersell.<\/span><\/li>\n<li><span lang=\"cs\">Selles kasutatakse iidseid teravilju ja muid looduslikke koostisosi, nagu k\u00f5rvits, kaer, tatar, linaseemned ja manna.<\/span><\/li>\n<li><span lang=\"cs\"><a href=\"https:\/\/www.youtube.com\/watch?v=4StLioSBOz8\" target=\"_blank\" rel=\"noopener\">Brit Fresh<\/a> Fish with Pumpkin Adult Large ei sisalda gluteeni, soja, maisi, v\u00e4rvaineid ega keemilisi l\u00f5hna- ja maitseaineid.<\/span><\/li>\n<\/ul>","protected":false},"excerpt":{"rendered":"<p>Brit Fresh Fish with Pumpkin Adult Large\u00a0holistinis dideli\u0173 veisli\u0173 \u0161un\u0173 maistas su \u0161vie\u017eia \u017euvimi ir moli\u016bgais, grikiais, burok\u0117liais ir petra\u017eol\u0117mis. Tai skanus, visavertis ir subalansuotas maistas \u0161unims, pagamintas i\u0161 40% kruop\u0161\u010diai perdirbtos \u0161vie\u017eios m\u0117sos, dar\u017eovi\u0173, vaisi\u0173 ir prieskonini\u0173 \u017eoleli\u0173, u\u017eaugint\u0173 ir atrinkt\u0173 i\u0161 vietini\u0173 \u016bki\u0173. Palaiko sveikus dideli\u0173 veisli\u0173 \u0161un\u0173 kaulus ir s\u0105narius. Pagerintas skonis&#8230;<\/p>","protected":false},"featured_media":45951,"comment_status":"closed","ping_status":"closed","template":"","meta":{"_acf_changed":false,"slim_seo":{"title":"Brit Fresh Fish with Pumpkin Adult Large sausas maistas \u0161unims - Zooprekes24","description":"Brit Fresh Fish with Pumpkin Adult Large h olistic suure t\u00f5ugu koeratoit v\u00e4rske kala ja k\u00f5rvitsaga, tatra, peedi ja peterselliga. See on skaleeritav"},"iawp_total_views":64},"product_brand":[],"product_cat":[9073,9002,8999,29,31],"product_tag":[226,231,177,200],"class_list":{"0":"post-23080","1":"product","2":"type-product","3":"status-publish","4":"has-post-thumbnail","6":"product_cat-brit-fresh","7":"product_cat-sausas-maistas","8":"product_cat-sunims","9":"product_cat-sunu-maistas","10":"product_cat-sunu-prekiu-gamintojai","11":"product_tag-brit-fres","12":"product_tag-britfresh","13":"product_tag-edalas-sunims","14":"product_tag-super-premium-maistas-sunims","15":"pa_pasaro-sudetis-darzoves","16":"pa_pasaro-sudetis-vaisiai","17":"pa_pasaro-sudetis-vistiena","18":"pa_pasaro-sudetis-zuvis","19":"pa_prekiu-zenklai-brit-fresh","20":"pa_suns-amzius-suaugusiems","21":"pa_veisles-dydis-didelems-veislems","22":"pa_veisles-dydis-mazoms-veislems","23":"pa_veisles-dydis-vidutinems-veislems","24":"pa_veisles-dydis-visu-dydziu-veislems","26":"first","27":"instock","28":"featured","29":"taxable","30":"shipping-taxable","31":"purchasable","32":"product-type-variable"},"acf":[],"_links":{"self":[{"href":"https:\/\/zooprekes24.lt\/et\/wp-json\/wp\/v2\/product\/23080","targetHints":{"allow":["GET"]}}],"collection":[{"href":"https:\/\/zooprekes24.lt\/et\/wp-json\/wp\/v2\/product"}],"about":[{"href":"https:\/\/zooprekes24.lt\/et\/wp-json\/wp\/v2\/types\/product"}],"replies":[{"embeddable":true,"href":"https:\/\/zooprekes24.lt\/et\/wp-json\/wp\/v2\/comments?post=23080"}],"wp:featuredmedia":[{"embeddable":true,"href":"https:\/\/zooprekes24.lt\/et\/wp-json\/wp\/v2\/media\/45951"}],"wp:attachment":[{"href":"https:\/\/zooprekes24.lt\/et\/wp-json\/wp\/v2\/media?parent=23080"}],"wp:term":[{"taxonomy":"product_brand","embeddable":true,"href":"https:\/\/zooprekes24.lt\/et\/wp-json\/wp\/v2\/product_brand?post=23080"},{"taxonomy":"product_cat","embeddable":true,"href":"https:\/\/zooprekes24.lt\/et\/wp-json\/wp\/v2\/product_cat?post=23080"},{"taxonomy":"product_tag","embeddable":true,"href":"https:\/\/zooprekes24.lt\/et\/wp-json\/wp\/v2\/product_tag?post=23080"}],"curies":[{"name":"wp","href":"https:\/\/api.w.org\/{rel}","templated":true}]}}