{"id":23071,"date":"2024-04-19T13:14:59","date_gmt":"2024-04-19T10:14:59","guid":{"rendered":"https:\/\/zooprekes24.lt\/produktas\/brit-fresh-chicken-with-potato-puppy\/"},"modified":"2026-02-17T12:39:33","modified_gmt":"2026-02-17T10:39:33","slug":"briti-varske-kana-kartulipoegadega","status":"publish","type":"product","link":"https:\/\/zooprekes24.lt\/et\/produktas\/brit-fresh-chicken-with-potato-puppy\/","title":{"rendered":"Brit Fresh Chicken with Potato Puppy kuivtoit kutsikatele"},"content":{"rendered":"<h3>Brit Fresh Chicken with Potato Puppy h<span lang=\"cs\">olistic <a href=\"https:\/\/zooprekes24.lt\/et\/lehekulg\/1\/?s=%C5%A1uniuk%C5%B3+maistas&amp;post_type=product\" target=\"_blank\" rel=\"noopener\">Kutsikatoit<\/a> <\/span>v\u00e4rske kana ja kartuli, tatra, musts\u00f5starde ja peterselliga. <span lang=\"cs\">See on maitsev, t\u00e4isv\u00e4\u00e4rtuslik ja tasakaalustatud toit koertele, <\/span>valmistatud 40% hoolikalt t\u00f6\u00f6deldud v\u00e4rskest lihast, k\u00f6\u00f6giviljadest, puuviljadest ja maitsetaimedest, mis on kasvatatud ja valitud kohalikest p\u00f5llumajandusettev\u00f5tetest.<\/h3>\n<ul>\n<li><span lang=\"cs\">Tagab kutsikate tervisliku arengu ja kasvu.<\/span><\/li>\n<li><span lang=\"cs\">Parema maitse ja v\u00e4rskendava aroomiga on rahul ka k\u00f5ige n\u00f5udlikumad gurmaanid!<\/span><\/li>\n<li><span lang=\"cs\">Maitsestatud traditsiooniliste maitsetaimedega, nagu t\u00fc\u00fcmian, rosmariin, rukkilill, v\u00f5ilill ja petersell.<\/span><\/li>\n<li><span lang=\"cs\">Selles kasutatakse iidseid teravilju ja muid looduslikke koostisosi, nagu kartul, kaer, tatar, linaseemned ja musts\u00f5strad.<\/span><\/li>\n<li><span lang=\"cs\"><a href=\"https:\/\/www.youtube.com\/watch?v=4StLioSBOz8\" target=\"_blank\" rel=\"noopener\">Brit Fresh<\/a> Chicken with Potato Puppy ei sisalda gluteeni, soja, maisi, v\u00e4rvaineid, keemilisi l\u00f5hna- ja maitseaineid ega antioks\u00fcdante.<\/span><\/li>\n<\/ul>","protected":false},"excerpt":{"rendered":"<p>Brit Fresh Chicken with Potato Puppy\u00a0holistinis \u0161uniuk\u0173 maistas su \u0161vie\u017eia vi\u0161tiena ir bulv\u0117mis, grikiais, juodaisiais serbentais ir petra\u017eol\u0117mis. Tai skanus, visavertis ir subalansuotas maistas \u0161unims, pagamintas i\u0161 40% kruop\u0161\u010diai perdirbtos \u0161vie\u017eios m\u0117sos, dar\u017eovi\u0173, vaisi\u0173 ir prieskonini\u0173 \u017eoleli\u0173, u\u017eaugint\u0173 ir atrinkt\u0173 i\u0161 vietini\u0173 \u016bki\u0173. U\u017etikrina sveik\u0105 \u0161uniuk\u0173 vystym\u0105si ir augim\u0105. Pagerintas skonis ir gaivus aromatas, \u012ftiks&#8230;<\/p>","protected":false},"featured_media":45950,"comment_status":"closed","ping_status":"closed","template":"","meta":{"_acf_changed":false,"slim_seo":{"title":"Brit Fresh Chicken with Potato Puppy sausas maistas \u0161uniukams - Zooprekes24","description":"Brit Fresh Chicken with Potato Puppy Kutsikatoit v\u00e4rske kana ja kartuli, tatra, musts\u00f5starde ja peterselliga. See on maitsev,"},"iawp_total_views":34},"product_brand":[],"product_cat":[9073,9002,8999,29,31],"product_tag":[226,231,177,235,200],"class_list":{"0":"post-23071","1":"product","2":"type-product","3":"status-publish","4":"has-post-thumbnail","6":"product_cat-brit-fresh","7":"product_cat-sausas-maistas","8":"product_cat-sunims","9":"product_cat-sunu-maistas","10":"product_cat-sunu-prekiu-gamintojai","11":"product_tag-brit-fres","12":"product_tag-britfresh","13":"product_tag-edalas-sunims","14":"product_tag-edalas-suniukams","15":"product_tag-super-premium-maistas-sunims","16":"pa_pasaro-sudetis-bulves","17":"pa_pasaro-sudetis-darzoves","18":"pa_pasaro-sudetis-uogos","19":"pa_pasaro-sudetis-vaisiai","20":"pa_pasaro-sudetis-vistiena","21":"pa_prekiu-zenklai-brit-fresh","22":"pa_suns-amzius-jauniems","23":"pa_veisles-dydis-didelems-veislems","24":"pa_veisles-dydis-mazoms-veislems","25":"pa_veisles-dydis-vidutinems-veislems","26":"pa_veisles-dydis-visu-dydziu-veislems","28":"first","29":"instock","30":"featured","31":"taxable","32":"shipping-taxable","33":"purchasable","34":"product-type-variable"},"acf":[],"_links":{"self":[{"href":"https:\/\/zooprekes24.lt\/et\/wp-json\/wp\/v2\/product\/23071","targetHints":{"allow":["GET"]}}],"collection":[{"href":"https:\/\/zooprekes24.lt\/et\/wp-json\/wp\/v2\/product"}],"about":[{"href":"https:\/\/zooprekes24.lt\/et\/wp-json\/wp\/v2\/types\/product"}],"replies":[{"embeddable":true,"href":"https:\/\/zooprekes24.lt\/et\/wp-json\/wp\/v2\/comments?post=23071"}],"wp:featuredmedia":[{"embeddable":true,"href":"https:\/\/zooprekes24.lt\/et\/wp-json\/wp\/v2\/media\/45950"}],"wp:attachment":[{"href":"https:\/\/zooprekes24.lt\/et\/wp-json\/wp\/v2\/media?parent=23071"}],"wp:term":[{"taxonomy":"product_brand","embeddable":true,"href":"https:\/\/zooprekes24.lt\/et\/wp-json\/wp\/v2\/product_brand?post=23071"},{"taxonomy":"product_cat","embeddable":true,"href":"https:\/\/zooprekes24.lt\/et\/wp-json\/wp\/v2\/product_cat?post=23071"},{"taxonomy":"product_tag","embeddable":true,"href":"https:\/\/zooprekes24.lt\/et\/wp-json\/wp\/v2\/product_tag?post=23071"}],"curies":[{"name":"wp","href":"https:\/\/api.w.org\/{rel}","templated":true}]}}