{"id":23068,"date":"2024-04-19T13:14:59","date_gmt":"2024-04-19T10:14:59","guid":{"rendered":"https:\/\/zooprekes24.lt\/produktas\/brit-fresh-beef-with-pumpkin-puppy-large\/"},"modified":"2026-02-17T12:42:59","modified_gmt":"2026-02-17T10:42:59","slug":"briti-varske-veiseliha-korvitsapuppy-largega","status":"publish","type":"product","link":"https:\/\/zooprekes24.lt\/et\/produktas\/brit-fresh-beef-with-pumpkin-puppy-large\/","title":{"rendered":"Brit Fresh Beef with Pumpkin Puppy Large kuivtoit kutsikatele"},"content":{"rendered":"<h3>Brit Fresh Beef with Pumpkin Puppy Large h<span lang=\"cs\">suurte lehtedega sordid <a href=\"https:\/\/zooprekes24.lt\/et\/lehekulg\/1\/?s=%C5%A1uniuk%C5%B3+maistas&amp;post_type=product\" target=\"_blank\" rel=\"noopener\">kutsikad <\/a><\/span>s\u00f6\u00f6gid v\u00e4rske veiseliha ja k\u00f5rvitsaga, tatra, peedilehtede ja rosmariiniga. <span lang=\"cs\">See on maitsev, t\u00e4isv\u00e4\u00e4rtuslik ja tasakaalustatud toit koertele, <\/span>valmistatud 40% hoolikalt t\u00f6\u00f6deldud v\u00e4rskest lihast, k\u00f6\u00f6giviljadest, puuviljadest ja maitsetaimedest, mis on kasvatatud ja valitud kohalikest p\u00f5llumajandusettev\u00f5tetest.<\/h3>\n<ul>\n<li><span lang=\"cs\">Toetab suurte t\u00f5ugude kutsikate tervislikke luid ja liigeseid.<\/span><\/li>\n<li><span lang=\"cs\">Parema maitse ja v\u00e4rskendava aroomiga on rahul ka k\u00f5ige n\u00f5udlikumad gurmaanid!<\/span><\/li>\n<li><span lang=\"cs\">Maitsestatud traditsiooniliste maitsetaimedega, nagu t\u00fc\u00fcmian, rosmariin, rukkilill, v\u00f5ilill ja petersell.<\/span><\/li>\n<li><span lang=\"cs\">Selles kasutatakse iidseid teravilju ja muid looduslikke koostisosi, nagu k\u00f5rvits, kaer, tatar, linaseemned ja peedilehed.<\/span><\/li>\n<li><span lang=\"cs\"><a href=\"https:\/\/www.youtube.com\/watch?v=4StLioSBOz8\" target=\"_blank\" rel=\"noopener\">Brit Fresh<\/a> Veiseliha k\u00f5rvitsaga ei sisalda gluteeni, soja, maisi, v\u00e4rvaineid, keemilisi l\u00f5hna- ja maitseaineid ega antioks\u00fcdante.<\/span><\/li>\n<\/ul>","protected":false},"excerpt":{"rendered":"<p>Brit Fresh Beef with Pumpkin Puppy Large holistinis dideli\u0173 veisli\u0173 \u0161uniuk\u0173 maistas su \u0161vie\u017eia jautiena ir moli\u016bgais, grikiais, burok\u0117li\u0173 lapais ir rozmarinais. Tai skanus, visavertis ir subalansuotas maistas \u0161unims, pagamintas i\u0161 40% kruop\u0161\u010diai perdirbtos \u0161vie\u017eios m\u0117sos, dar\u017eovi\u0173, vaisi\u0173 ir prieskonini\u0173 \u017eoleli\u0173, u\u017eaugint\u0173 ir atrinkt\u0173 i\u0161 vietini\u0173 \u016bki\u0173. Palaiko sveikus dideli\u0173 veisli\u0173 \u0161uniuk\u0173 kaulus ir s\u0105narius&#8230;.<\/p>","protected":false},"featured_media":45952,"comment_status":"closed","ping_status":"closed","template":"","meta":{"_acf_changed":false,"slim_seo":{"title":"Brit Fresh Beef with Pumpkin Puppy Large sausas maistas \u0161uniukams - Zooprekes24","description":"Brit Fresh Beef with Pumpkin Puppy Large h olistinis dideli\u0173 veisli\u0173 \u0161uniuk\u0173 maistas su \u0161vie\u017eia jautiena ir moli\u016bgais, grikiais, burok\u0117li\u0173 lapais ir rozmarinais"},"iawp_total_views":108},"product_brand":[],"product_cat":[9073,9002,8999,29,31],"product_tag":[226,231,177,235,200],"class_list":{"0":"post-23068","1":"product","2":"type-product","3":"status-publish","4":"has-post-thumbnail","6":"product_cat-brit-fresh","7":"product_cat-sausas-maistas","8":"product_cat-sunims","9":"product_cat-sunu-maistas","10":"product_cat-sunu-prekiu-gamintojai","11":"product_tag-brit-fres","12":"product_tag-britfresh","13":"product_tag-edalas-sunims","14":"product_tag-edalas-suniukams","15":"product_tag-super-premium-maistas-sunims","16":"pa_pasaro-sudetis-darzoves","17":"pa_pasaro-sudetis-jautiena","18":"pa_pasaro-sudetis-uogos","19":"pa_pasaro-sudetis-vaisiai","20":"pa_prekiu-zenklai-brit-fresh","21":"pa_suns-amzius-jauniems","22":"pa_veisles-dydis-didelems-veislems","24":"first","25":"instock","26":"featured","27":"taxable","28":"shipping-taxable","29":"purchasable","30":"product-type-variable"},"acf":[],"_links":{"self":[{"href":"https:\/\/zooprekes24.lt\/et\/wp-json\/wp\/v2\/product\/23068","targetHints":{"allow":["GET"]}}],"collection":[{"href":"https:\/\/zooprekes24.lt\/et\/wp-json\/wp\/v2\/product"}],"about":[{"href":"https:\/\/zooprekes24.lt\/et\/wp-json\/wp\/v2\/types\/product"}],"replies":[{"embeddable":true,"href":"https:\/\/zooprekes24.lt\/et\/wp-json\/wp\/v2\/comments?post=23068"}],"wp:featuredmedia":[{"embeddable":true,"href":"https:\/\/zooprekes24.lt\/et\/wp-json\/wp\/v2\/media\/45952"}],"wp:attachment":[{"href":"https:\/\/zooprekes24.lt\/et\/wp-json\/wp\/v2\/media?parent=23068"}],"wp:term":[{"taxonomy":"product_brand","embeddable":true,"href":"https:\/\/zooprekes24.lt\/et\/wp-json\/wp\/v2\/product_brand?post=23068"},{"taxonomy":"product_cat","embeddable":true,"href":"https:\/\/zooprekes24.lt\/et\/wp-json\/wp\/v2\/product_cat?post=23068"},{"taxonomy":"product_tag","embeddable":true,"href":"https:\/\/zooprekes24.lt\/et\/wp-json\/wp\/v2\/product_tag?post=23068"}],"curies":[{"name":"wp","href":"https:\/\/api.w.org\/{rel}","templated":true}]}}