{"id":23065,"date":"2024-04-19T13:14:59","date_gmt":"2024-04-19T10:14:59","guid":{"rendered":"https:\/\/zooprekes24.lt\/produktas\/orijen-regional-red-cat\/"},"modified":"2026-03-31T15:33:24","modified_gmt":"2026-03-31T13:33:24","slug":"orijeni-piirkondlik-punane-kass","status":"publish","type":"product","link":"https:\/\/zooprekes24.lt\/et\/produktas\/orijen-regional-red-cat\/","title":{"rendered":"Orijen Regional Red Cat kasside kuivtoit"},"content":{"rendered":"<h3>Orijen Regional Red Cat sisaldab vabapidamisel kasvatatud Angus'i veiseliha, ulukiliha, piisonit, Romney lambaliha ja Yorkshire'i sealiha Alberta farmidelt, samuti Vancouveri saare p\u00f5hjaosa k\u00fclmades vetes p\u00fc\u00fctud sardiini ja preeriafarmide mune. K\u00f5ik tarnitakse v\u00e4rskelt <a href=\"https:\/\/orijen.ca\/en-CA\/orijen-about-fresh_regional_ingredients.html\" target=\"_blank\" rel=\"noopener\">WholePrey\u2122<\/a> m\u00f5iste (kogusaak).<\/h3>\n<p>Kuna 2\/3 liha on igas suut\u00e4ites v\u00e4rske v\u00f5i toores, annab see teie kassile olulisi looduslikke toitaineid. \u00dclej\u00e4\u00e4nud 1\/3 lihast kuivatatakse madalal temperatuuril, et luua kontsentreeritud toitaineliselt v\u00e4\u00e4rtusliku valgu allikas, mida v\u00e4rske liha \u00fcksi ei suuda pakkuda. Mahep\u00f5llumajanduslikud meretaimed ja taimeekstraktid, sealhulgas kadakamarjad, lavendlililled, p\u00e4ikesekuivatatud lutsern ja piparm\u00fcndilehed parandavad kassi ainevahetust ja toniseerivad seedetrakti. Orijen Regional Red Cat sisaldab <a href=\"https:\/\/zooprekes24.lt\/et\/kategorija\/prekes-katems\/parditoodete-tootjad\/orijen-katems\/\" target=\"_blank\" rel=\"noopener\">palju v\u00e4rsket liha<\/a>, siseorganid ja luud, nii et teie kass saab looduslikult vajalikke toitaineid ja looduslikke mineraalaineid. Valmistatud auhinnatud k\u00f6\u00f6gis parimatest ja v\u00e4rsketest koostisosadest, <a href=\"https:\/\/orijen.ca\/en-CA\/orijen-about-biologically_appropriate.html\" target=\"_blank\" rel=\"noopener\">Bioloogiliselt sobiv\u2122<\/a> (Bioloogiliselt sobiv) koostis tagab terve ja \u00f5nneliku kassi.<\/p>","protected":false},"excerpt":{"rendered":"<p>Orijen Regional Red Cat sud\u0117tyje Albertos ran\u010dose laisvai u\u017eauginta Angus jautiena, \u0161erniena, bizoniena, Romney veisl\u0117s \u0117riena ir Jork\u0161yro kiauliena bei \u0161altuose \u0160iaur\u0117s Vankuverio salos vandenyse su\u017evejota sardin\u0117 ir prerijos \u016bki\u0173 lizduose pad\u0117ti kiau\u0161iniai. Viskas pristatoma \u0161vie\u017eia laikantis WholePrey\u2122 (viso grobio) koncepcijos. Kiekviename pa\u0161aro k\u0105snelyje 2\/3 m\u0117sos yra \u0161vie\u017eia ar neapdirbta, ji apr\u016bpina J\u016bs\u0173 kat\u0119 svarbiausiomis&#8230;<\/p>","protected":false},"featured_media":19987,"comment_status":"closed","ping_status":"closed","template":"","meta":{"_acf_changed":false,"slim_seo":{"title":"Orijen Regional Red Cat sausas maistas kat\u0117ms - Zooprekes24","description":"Orijen Regional Red Cat sisaldab vabalt kasvatatud Angus'i veiseliha, hirve, piisonit, Romney lambaliha ja Yorkshire'i sealiha Alberta farmidelt, lisaks k\u00fclml\u00f5iked."},"iawp_total_views":280},"product_brand":[],"product_cat":[9027,72,83,25,9028,9016],"product_tag":[1671,1817,1675,1682,1696],"class_list":{"0":"post-23065","1":"product","2":"type-product","3":"status-publish","4":"has-post-thumbnail","6":"product_cat-begrudis-maistas-kaciu-maistas","7":"product_cat-kaciu-maistas","8":"product_cat-kaciu-prekiu-gamintojai","9":"product_cat-katems","10":"product_cat-orijen-kaciu-prekiu-gamintojai","11":"product_cat-sausas-maistas-kaciu-maistas","12":"product_tag-begrudis-kaciu-maistas","13":"product_tag-edalas-katems","14":"product_tag-kaciu-edalas","15":"product_tag-kaciu-maistas-super-premium-klases","16":"product_tag-super-premium-maistas-katems","17":"pa_pasaro-sudetis-bizoniena","18":"pa_pasaro-sudetis-darzoves","19":"pa_pasaro-sudetis-eriena","20":"pa_pasaro-sudetis-jautiena","21":"pa_pasaro-sudetis-kiauliena","22":"pa_pasaro-sudetis-kiausiniai","23":"pa_pasaro-sudetis-serniena","24":"pa_pasaro-sudetis-uogos","25":"pa_pasaro-sudetis-vaisiai","26":"pa_pasaro-sudetis-zuvis","27":"pa_prekiu-zenklai-orijen","29":"first","30":"instock","31":"featured","32":"taxable","33":"shipping-taxable","34":"purchasable","35":"product-type-variable"},"acf":[],"_links":{"self":[{"href":"https:\/\/zooprekes24.lt\/et\/wp-json\/wp\/v2\/product\/23065","targetHints":{"allow":["GET"]}}],"collection":[{"href":"https:\/\/zooprekes24.lt\/et\/wp-json\/wp\/v2\/product"}],"about":[{"href":"https:\/\/zooprekes24.lt\/et\/wp-json\/wp\/v2\/types\/product"}],"replies":[{"embeddable":true,"href":"https:\/\/zooprekes24.lt\/et\/wp-json\/wp\/v2\/comments?post=23065"}],"wp:featuredmedia":[{"embeddable":true,"href":"https:\/\/zooprekes24.lt\/et\/wp-json\/wp\/v2\/media\/19987"}],"wp:attachment":[{"href":"https:\/\/zooprekes24.lt\/et\/wp-json\/wp\/v2\/media?parent=23065"}],"wp:term":[{"taxonomy":"product_brand","embeddable":true,"href":"https:\/\/zooprekes24.lt\/et\/wp-json\/wp\/v2\/product_brand?post=23065"},{"taxonomy":"product_cat","embeddable":true,"href":"https:\/\/zooprekes24.lt\/et\/wp-json\/wp\/v2\/product_cat?post=23065"},{"taxonomy":"product_tag","embeddable":true,"href":"https:\/\/zooprekes24.lt\/et\/wp-json\/wp\/v2\/product_tag?post=23065"}],"curies":[{"name":"wp","href":"https:\/\/api.w.org\/{rel}","templated":true}]}}