{"id":23059,"date":"2024-04-19T13:14:59","date_gmt":"2024-04-19T10:14:59","guid":{"rendered":"https:\/\/zooprekes24.lt\/produktas\/orijen-six-fish-cat\/"},"modified":"2026-03-31T15:27:01","modified_gmt":"2026-03-31T13:27:01","slug":"orijen-kuus-kala-kass","status":"publish","type":"product","link":"https:\/\/zooprekes24.lt\/et\/produktas\/orijen-six-fish-cat\/","title":{"rendered":"Orijen Six Fish Cat kasside kuivtoit"},"content":{"rendered":"<h3>Orijen Six Fish Cat sisaldab rikkalikult kvaliteetset kala Vaiksest ookeanist, mis on p\u00fc\u00fctud Vancouveri saare p\u00f5hjaosas - heeringat, sardiini, makrelli, merluusi, lesta, ahvenat ja merikeelt. K\u00f5ik tarnitakse v\u00e4rskelt vastavalt <a href=\"https:\/\/orijen.ca\/en-CA\/orijen-about-fresh_regional_ingredients.html\" target=\"_blank\" rel=\"noopener\">WholePrey\u2122<\/a> m\u00f5iste (kogusaak).<\/h3>\n<p>Iga suut\u00e4is sisaldab rohkelt loodusliku Brunswicki heeringast ekstraheeritud Omega 3 (DHA, EPA), mis on kasulik immuunsuse tugevdamiseks ning suurep\u00e4rase naha ja karvkatte seisundi parandamiseks. Mahep\u00f5llumajanduslikud meretaimed ja taimeekstraktid, sealhulgas kadakamarjad, lavendlililled, p\u00e4ikesekuivatatud lutsern ja piparm\u00fcndilehed parandavad kassi ainevahetust ja toniseerivad seedetrakti. Orijen <a href=\"https:\/\/zooprekes24.lt\/et\/toode\/orijen-kuus-kala-koer\/\" target=\"_blank\" rel=\"noopener\">Kuus kala<\/a> Kassil on rohkesti kala organeid ja luid, nii et teie kass saab loomulikult vajalikke toitaineid. Valmistatud auhinnatud k\u00f6\u00f6gis parimatest ja v\u00e4rsketest koostisosadest, <a href=\"https:\/\/orijen.ca\/en-CA\/orijen-about-biologically_appropriate.html\" target=\"_blank\" rel=\"noopener\">Bioloogiliselt sobiv\u2122<\/a> (Bioloogiliselt sobiv) koostis tagab terve ja \u00f5nneliku kassi.<\/p>","protected":false},"excerpt":{"rendered":"<p>Orijen Six Fish Cat sud\u0117tyje gausu \u0160iaur\u0117s Vankuverio saloje i\u0161 Ramiojo vandenyno su\u017evejotos kokybi\u0161kos \u017euvies &#8211; silk\u0117s, sardini\u0173, skumbri\u0173, j\u016br\u0173 lydek\u0173, plek\u0161ni\u0173, e\u0161eri\u0173 ir j\u016br\u0173 lie\u017euvi\u0173. Viskas pristatoma \u0161vie\u017eia laikantis WholePrey\u2122 (viso grobio) koncepcijos. Kiekviename pa\u0161aro k\u0105snelyje gausu\u00a0Omega 3 (DHA, EPA) i\u0161gaunamo i\u0161 laukini\u0173 Brunswick silki\u0173, kuris naudingas imuniteto stiprinimui ir puikiam odos ir kailio&#8230;<\/p>","protected":false},"featured_media":19983,"comment_status":"closed","ping_status":"closed","template":"","meta":{"_acf_changed":false,"slim_seo":{"title":"Orijen Six Fish Cat sausas maistas kat\u0117ms - Zooprekes24","description":"Orijen Six Fish Cat sisaldab rikkalikult kvaliteetset kala Vaiksest ookeanist, mis on p\u00fc\u00fctud Vancouveri saare p\u00f5hjaosas - heeringat, sardiini, makrelli, merluusi, lesta, lesta ja merluusi."},"iawp_total_views":251},"product_brand":[],"product_cat":[9027,72,83,25,9028,9016],"product_tag":[1671,1817,1675,1682,1696],"class_list":{"0":"post-23059","1":"product","2":"type-product","3":"status-publish","4":"has-post-thumbnail","6":"product_cat-begrudis-maistas-kaciu-maistas","7":"product_cat-kaciu-maistas","8":"product_cat-kaciu-prekiu-gamintojai","9":"product_cat-katems","10":"product_cat-orijen-kaciu-prekiu-gamintojai","11":"product_cat-sausas-maistas-kaciu-maistas","12":"product_tag-begrudis-kaciu-maistas","13":"product_tag-edalas-katems","14":"product_tag-kaciu-edalas","15":"product_tag-kaciu-maistas-super-premium-klases","16":"product_tag-super-premium-maistas-katems","17":"pa_pasaro-sudetis-darzoves","18":"pa_pasaro-sudetis-uogos","19":"pa_pasaro-sudetis-vaisiai","20":"pa_pasaro-sudetis-zuvis","21":"pa_prekiu-zenklai-orijen","23":"first","24":"instock","25":"featured","26":"taxable","27":"shipping-taxable","28":"purchasable","29":"product-type-variable"},"acf":[],"_links":{"self":[{"href":"https:\/\/zooprekes24.lt\/et\/wp-json\/wp\/v2\/product\/23059","targetHints":{"allow":["GET"]}}],"collection":[{"href":"https:\/\/zooprekes24.lt\/et\/wp-json\/wp\/v2\/product"}],"about":[{"href":"https:\/\/zooprekes24.lt\/et\/wp-json\/wp\/v2\/types\/product"}],"replies":[{"embeddable":true,"href":"https:\/\/zooprekes24.lt\/et\/wp-json\/wp\/v2\/comments?post=23059"}],"wp:featuredmedia":[{"embeddable":true,"href":"https:\/\/zooprekes24.lt\/et\/wp-json\/wp\/v2\/media\/19983"}],"wp:attachment":[{"href":"https:\/\/zooprekes24.lt\/et\/wp-json\/wp\/v2\/media?parent=23059"}],"wp:term":[{"taxonomy":"product_brand","embeddable":true,"href":"https:\/\/zooprekes24.lt\/et\/wp-json\/wp\/v2\/product_brand?post=23059"},{"taxonomy":"product_cat","embeddable":true,"href":"https:\/\/zooprekes24.lt\/et\/wp-json\/wp\/v2\/product_cat?post=23059"},{"taxonomy":"product_tag","embeddable":true,"href":"https:\/\/zooprekes24.lt\/et\/wp-json\/wp\/v2\/product_tag?post=23059"}],"curies":[{"name":"wp","href":"https:\/\/api.w.org\/{rel}","templated":true}]}}