{"id":23021,"date":"2024-04-19T13:14:38","date_gmt":"2024-04-19T10:14:38","guid":{"rendered":"https:\/\/zooprekes24.lt\/produktas\/dr-clauders-barf-menkiu-kepenu-aliejus\/"},"modified":"2026-02-17T13:11:34","modified_gmt":"2026-02-17T11:11:34","slug":"dr-clauders-barf-kalamaksaoli","status":"publish","type":"product","link":"https:\/\/zooprekes24.lt\/et\/produktas\/dr-clauders-barf-menkiu-kepenu-aliejus\/","title":{"rendered":"Dr. Clauder&#8217;s Barf grynas menki\u0173 kepen\u0173 aliejus \u0161unims ir kat\u0117ms"},"content":{"rendered":"<h3>Dr. Clauder's Barf puhas tursamaksa\u00f5li koertele ja kassidele on looduslik s\u00f6\u00f6dalisand.<\/h3>\n<p>Turskmaksa\u00f5li sisaldab looduslikke A- ja D-vitamiine, mis on organismile h\u00e4davajalikud. A-vitamiin stimuleerib kasvu, muudab karvkatte l\u00e4ikivaks, niisutab nahka ja limaskesta ning takistab veritsust (n\u00e4htamatus h\u00e4maruses). D-vitamiin tugevdab luustikku. <a href=\"https:\/\/www.youtube.com\/watch?v=ufmPGsmFvJo\" target=\"_blank\" rel=\"noopener\">Dr Clauder's<\/a> \u00d5lis sisalduvad kasulikud ained avaldavad positiivset m\u00f5ju lemmiklooma ainevahetusele ja veresoonkonnale. See sobib ideaalselt B.A.R.F. dieedi loomulikuks t\u00e4ienduseks, kui seda piserdada toidule.<\/p>\n<h3>Millise \u00f5li ma peaksin valima: l\u00f5he, kalamaksa v\u00f5i kanepi\u00f5li?<\/h3>\n<p><span class=\"&quot;hps&quot;\">Nii l\u00f5he-, tursa- kui ka kanepi\u00f5li sisaldavad rohkelt lemmikloomadele vajalikke toitaineid. <a href=\"https:\/\/zooprekes24.lt\/et\/toode\/brit-care-lassi-oli\/\" target=\"_blank\" rel=\"noopener\">Omega-3<\/a> ja <a href=\"https:\/\/zooprekes24.lt\/et\/toode\/dr-clauders-barf-lassi-oli\/\" target=\"_blank\" rel=\"noopener\">Omega-6<\/a> rasvhapped<\/span><span class=\"&quot;hps&quot;\">Miss. <\/span>L\u00f5he kuulub \"puhtamate\" kalade hulka, mis elavad tavaliselt puhtamates vetes, n\u00e4iteks Norra \u00fcmbruses (mis on l\u00f5he\u00f5li peamine allikas). L\u00f5he\u00f5li valmistatakse kala\u00f5list. Selles on erinev EPA ja DHA suhe, mist\u00f5ttu seda nimetatakse teenitult \"neitsi l\u00f5he\u00f5liks\" (looduslik, v\u00e4hem t\u00f6\u00f6deldud \u00f5li).<\/p>\n<p>Dr. Clauderi kalamaksa\u00f5li on erinevalt teistest kala\u00f5lidest saadud tursamaksast. Kalamaksa sisaldab A-vitamiini ja D-vitamiini, mis on rasvlahustuvad. Tervele lemmikloomale, kes ei vaja tervislikel p\u00f5hjustel t\u00e4iendavaid vitamiine, on parem valida l\u00f5he\u00f5li ja multivitamiinid vastavalt lemmiklooma vanusele, et tagada organismi varustamine k\u00f5igi vajalike toitainetega. Nendele lemmikloomadele, kes ei saa regulaarselt rasvlahustuvaid vitamiine, sobib ideaalselt Dr. Clauder's puhas tursamaksa\u00f5li, mis on rikastatud A- ja D-vitamiinidega.<\/p>\n<p>Kanepi\u00f5li on ideaalne nahaprobleemide, erinevate p\u00f5letike, krooniliste haiguste ja n\u00f5rgestatud immuuns\u00fcsteemi puhul. Meie lemmikloomade keha on v\u00e4ga sarnane meie omaga - ka nemad muutuvad n\u00f5rgaks, haigeks ja v\u00f5ivad tunda end kurnatuna. Seega, et rahustada v\u00f5i aidata taastada teie lemmiklooma kurnatud keha - Dr. Clauderi k\u00fclmpressitud kanepi\u00f5li v\u00f5ib olla suurep\u00e4rane algus teie lemmiklooma parema enesetunde saavutamiseks.<\/p>","protected":false},"excerpt":{"rendered":"<p>Dr. Clauder's Barf puhas tursamaksa\u00f5li koertele ja kassidele on looduslik toidulisand. Turskmaksa\u00f5li sisaldab looduslikke A- ja D-vitamiine, mis on organismile h\u00e4davajalikud. A-vitamiin stimuleerib kasvu, lisab karvkattele l\u00e4iget, niisutab nahka ja limaskesta ning hoiab \u00e4ra verejooksu (n\u00e4htamatus h\u00e4maruses). D-vitamiin tugevdab luustikku. Dr. Clauder's \u00f5lis sisalduvad kasulikud ained m\u00f5juvad positiivselt...<\/p>","protected":false},"featured_media":45958,"comment_status":"closed","ping_status":"closed","template":"","meta":{"_acf_changed":false,"slim_seo":{"title":"Dr. Clauder's Barf grynas menki\u0173 kepen\u0173 aliejus \u0161unims ir kat\u0117ms - Zooprekes24","description":"Dr. Clauder's Barf puhas tursamaksa\u00f5li koertele ja kassidele on looduslik s\u00f6\u00f6dalisand. Turskmaksa\u00f5li sisaldab looduslikke A- ja D-vitamiine, mis on elundite jaoks olulised"},"iawp_total_views":508},"product_brand":[],"product_cat":[9236,9003,83,25,104,32,8999,31,9017,9022],"product_tag":[],"class_list":{"0":"post-23021","1":"product","2":"type-product","3":"status-publish","4":"has-post-thumbnail","6":"product_cat-dr-clauders-katems","7":"product_cat-dr-clauders-sunims","8":"product_cat-kaciu-prekiu-gamintojai","9":"product_cat-katems","10":"product_cat-kitos-kaciu-prekes","11":"product_cat-kitos-sunu-prekes","12":"product_cat-sunims","13":"product_cat-sunu-prekiu-gamintojai","14":"product_cat-vitaminai-ir-papildai-katems","15":"product_cat-vitaminai-ir-papildai-sunims","16":"pa_prekiu-zenklai-dr-clauders","17":"pa_suns-amzius-jauniems","18":"pa_suns-amzius-senjorams","19":"pa_suns-amzius-suaugusiems","20":"pa_suns-amzius-visiems-amziams","21":"pa_veisles-dydis-didelems-veislems","22":"pa_veisles-dydis-mazoms-veislems","23":"pa_veisles-dydis-vidutinems-veislems","24":"pa_veisles-dydis-visu-dydziu-veislems","26":"first","27":"instock","28":"featured","29":"taxable","30":"shipping-taxable","31":"purchasable","32":"product-type-variable"},"acf":[],"_links":{"self":[{"href":"https:\/\/zooprekes24.lt\/et\/wp-json\/wp\/v2\/product\/23021","targetHints":{"allow":["GET"]}}],"collection":[{"href":"https:\/\/zooprekes24.lt\/et\/wp-json\/wp\/v2\/product"}],"about":[{"href":"https:\/\/zooprekes24.lt\/et\/wp-json\/wp\/v2\/types\/product"}],"replies":[{"embeddable":true,"href":"https:\/\/zooprekes24.lt\/et\/wp-json\/wp\/v2\/comments?post=23021"}],"wp:featuredmedia":[{"embeddable":true,"href":"https:\/\/zooprekes24.lt\/et\/wp-json\/wp\/v2\/media\/45958"}],"wp:attachment":[{"href":"https:\/\/zooprekes24.lt\/et\/wp-json\/wp\/v2\/media?parent=23021"}],"wp:term":[{"taxonomy":"product_brand","embeddable":true,"href":"https:\/\/zooprekes24.lt\/et\/wp-json\/wp\/v2\/product_brand?post=23021"},{"taxonomy":"product_cat","embeddable":true,"href":"https:\/\/zooprekes24.lt\/et\/wp-json\/wp\/v2\/product_cat?post=23021"},{"taxonomy":"product_tag","embeddable":true,"href":"https:\/\/zooprekes24.lt\/et\/wp-json\/wp\/v2\/product_tag?post=23021"}],"curies":[{"name":"wp","href":"https:\/\/api.w.org\/{rel}","templated":true}]}}