{"id":23015,"date":"2024-04-19T13:14:38","date_gmt":"2024-04-19T10:14:38","guid":{"rendered":"https:\/\/zooprekes24.lt\/produktas\/canina-biotin-forte-tabletes\/"},"modified":"2026-04-01T13:43:46","modified_gmt":"2026-04-01T11:43:46","slug":"canina-biotin-forte-tabletid","status":"publish","type":"product","link":"https:\/\/zooprekes24.lt\/et\/produktas\/canina-biotin-forte-tabletes\/","title":{"rendered":"Canina Biotin Forte tabletid koertele, naha ja karvkatte tugevdamiseks"},"content":{"rendered":"<h3>Canina Biotin Forte tabletid on toidulisand koertele naha ja karvkatte seisundi parandamiseks, karvkatte l\u00e4ikivaks muutmiseks ja karvade optimaalse pigmentatsiooni s\u00e4ilitamiseks. Toitumisprobleemid on sageli seotud koera <a href=\"https:\/\/zooprekes24.lt\/et\/?s=biotino&amp;post_type=product\" target=\"_blank\" rel=\"noopener\">biotiin<\/a> ja B-vitamiini kompleksi puudus, mis v\u00e4ljendub ekseemina, naha s\u00fcgelusena, karedusena, juuste v\u00e4ljalangemisena, kiilasp\u00e4isusena, pigmendiprobleemidena, k\u00f5\u00f5mana, kuiva naha ja haprate k\u00fc\u00fcntena.<\/h3>\n<ul>\n<li><a href=\"https:\/\/www.canina.de\/en\/dogs\/skin-coat\/55\/biotin-forte-tablets\" target=\"_blank\" rel=\"noopener\">Biotiin Forte<\/a> sisaldab suures koguses biotiini.<\/li>\n<li>30 tabletti 100 g pakendis ja 210 tabletti 700 g pakendis.<\/li>\n<li>Neid tablette soovitatakse kasutada tiinetele ja imetavatele emasloomadele.<\/li>\n<li>Toidulisand sisaldab suures koguses looduslikke B-kompleksseid vitamiine (B1, B2, B6, B12).<\/li>\n<\/ul>","protected":false},"excerpt":{"rendered":"<p>Canina Biotin Forte tabletid on toidulisand koertele naha ja karvkatte seisundi parandamiseks, karvkatte l\u00e4ikivaks muutmiseks ja karvade optimaalse pigmentatsiooni s\u00e4ilitamiseks. Toitumisprobleemid koertel on sageli seotud biotiini ja B-vitamiini kompleksi puudusega, mis v\u00e4ljendub ekseemides, s\u00fcgelevas nahas, kareduses, karvapuuduses, kiilasp\u00e4isuses, pigmendiprobleemides, k\u00f5\u00f5ma, kuivas nahas ja haprates k\u00fc\u00fcntes. Biotin Forte sisaldab suure sisaldusega...<\/p>","protected":false},"featured_media":19973,"comment_status":"closed","ping_status":"closed","template":"","meta":{"_acf_changed":false,"slim_seo":{"title":"Canina Biotin Forte tablet\u0117s \u0161unims, odos ir kailio stiprinimui - Zooprekes24","description":"Canina Biotin Forte tabletid - toidulisand koertele naha ja karvkatte seisundi parandamiseks, karvkatte l\u00e4ikivaks muutmiseks ja karvkatte optimaalse tervise s\u00e4ilitamiseks."},"iawp_total_views":195},"product_brand":[],"product_cat":[9072,32,8999,31,9022],"product_tag":[1358,2441],"class_list":{"0":"post-23015","1":"product","2":"type-product","3":"status-publish","4":"has-post-thumbnail","6":"product_cat-canina","7":"product_cat-kitos-sunu-prekes","8":"product_cat-sunims","9":"product_cat-sunu-prekiu-gamintojai","10":"product_cat-vitaminai-ir-papildai-sunims","11":"product_tag-papildai-suns-kailiui","12":"product_tag-vitaminai","13":"pa_prekiu-zenklai-canina","14":"pa_suns-amzius-jauniems","15":"pa_suns-amzius-senjorams","16":"pa_suns-amzius-suaugusiems","17":"pa_suns-amzius-visiems-amziams","18":"pa_veisles-dydis-didelems-veislems","19":"pa_veisles-dydis-mazoms-veislems","20":"pa_veisles-dydis-vidutinems-veislems","21":"pa_veisles-dydis-visu-dydziu-veislems","23":"first","24":"instock","25":"featured","26":"taxable","27":"shipping-taxable","28":"purchasable","29":"product-type-variable"},"acf":[],"_links":{"self":[{"href":"https:\/\/zooprekes24.lt\/et\/wp-json\/wp\/v2\/product\/23015","targetHints":{"allow":["GET"]}}],"collection":[{"href":"https:\/\/zooprekes24.lt\/et\/wp-json\/wp\/v2\/product"}],"about":[{"href":"https:\/\/zooprekes24.lt\/et\/wp-json\/wp\/v2\/types\/product"}],"replies":[{"embeddable":true,"href":"https:\/\/zooprekes24.lt\/et\/wp-json\/wp\/v2\/comments?post=23015"}],"wp:featuredmedia":[{"embeddable":true,"href":"https:\/\/zooprekes24.lt\/et\/wp-json\/wp\/v2\/media\/19973"}],"wp:attachment":[{"href":"https:\/\/zooprekes24.lt\/et\/wp-json\/wp\/v2\/media?parent=23015"}],"wp:term":[{"taxonomy":"product_brand","embeddable":true,"href":"https:\/\/zooprekes24.lt\/et\/wp-json\/wp\/v2\/product_brand?post=23015"},{"taxonomy":"product_cat","embeddable":true,"href":"https:\/\/zooprekes24.lt\/et\/wp-json\/wp\/v2\/product_cat?post=23015"},{"taxonomy":"product_tag","embeddable":true,"href":"https:\/\/zooprekes24.lt\/et\/wp-json\/wp\/v2\/product_tag?post=23015"}],"curies":[{"name":"wp","href":"https:\/\/api.w.org\/{rel}","templated":true}]}}