{"id":23008,"date":"2024-04-19T13:14:27","date_gmt":"2024-04-19T10:14:27","guid":{"rendered":"https:\/\/zooprekes24.lt\/produktas\/brit-care-indoor-anti-stress\/"},"modified":"2024-06-21T19:33:13","modified_gmt":"2024-06-21T16:33:13","slug":"briti-hooldus-siseruumides-stressi-vastu","status":"publish","type":"product","link":"https:\/\/zooprekes24.lt\/et\/produktas\/brit-care-indoor-anti-stress\/","title":{"rendered":"Brit Care Indoor Anti-stressi kuivtoit kassidele"},"content":{"rendered":"<h3>Brit Care Indoor Anti-stress - kergesti seeditav kuivtoit <a href=\"https:\/\/www.youtube.com\/watch?v=cYtKN_XLHH0\" target=\"_blank\" rel=\"noopener\">ilma teraviljata<\/a>. Kodus elavad kassid on sageli stressis mis tahes muutustest oma keskkonnas - n\u00e4iteks uus pereliige, m\u00f6\u00f6bli \u00fcmberpaigutamine, kolimine jne. K\u00f5ik need tegurid m\u00f5jutavad negatiivselt kasside n\u00e4rvi- ja vereringes\u00fcsteemi.<\/h3>\n<ul>\n<li>Ei sisalda teravilja, v\u00e4rvaineid, s\u00e4ilitusaineid, GMOsid ega soja.<\/li>\n<li>Probiootikumid ja antioks\u00fcdandid tugevdavad immuuns\u00fcsteemi ja toetavad tervislikku seedimist.<\/li>\n<li>V\u00e4rske kana lisab toidule maitset ja aroomi, mis meelitab isegi k\u00f5ige n\u00f5udlikumaid kasse.<\/li>\n<li>Anti-tangle Complex - Brit Care Indoor Anti-stress sisaldab kiudainerikkaid k\u00f5rvitsat, kuivatatud \u00f5unu, plantaini seemneid ja koorikuid. <a href=\"https:\/\/zooprekes24.lt\/et\/?s=hairball&amp;post_type=product\" target=\"_blank\" rel=\"noopener\">aitab h\u00f5lpsasti eemaldada karvakobaraid k\u00f5hust.<\/a><\/li>\n<li>Kassirohu olemasolu on tuntud selle poolest, et see pakub kassidele loomulikku ja t\u00f5husat kaitset stressi vastu. See stabiliseerib s\u00fcdant ja v\u00e4hendab k\u00f5rget verer\u00f5hku, aidates kassidel toime tulla kodus elamisega seotud stressiga.<\/li>\n<\/ul>","protected":false},"excerpt":{"rendered":"<p>Brit Care Indoor Anti-stress &#8211; lengvai vir\u0161kinamas sausas maistas be gr\u016bd\u0173. Namie gyvenan\u010dios kat\u0117s da\u017enai patiria \u012fvair\u0173 stres\u0105, kur\u012f gali sukelti bet kokie poky\u010diai j\u0173 aplinkoje \u2013 pavyzd\u017eiui, naujas \u0161eimos narys, perstumdyti baldai, persikraustymas ir kt. Visi \u0161ie veiksniai neigiamai veikia ka\u010di\u0173 nerv\u0173 ir kraujotakos sistemas. Be gr\u016bd\u0173, da\u017eikli\u0173, konservant\u0173, GMO ir soj\u0173. Probiotikai ir&#8230;<\/p>","protected":false},"featured_media":27637,"comment_status":"closed","ping_status":"closed","template":"","meta":{"_acf_changed":false,"slim_seo":{"title":"Brit Care Indoor Anti-stress sausas maistas kat\u0117ms - Zooprekes24","description":"Brit Care Indoor Anti-stress - kergesti seeditav teraviljavaba kuivtoit. Kodus elavad kassid puutuvad sageli kokku mitmesuguse stressiga, mida v\u00f5ivad p\u00f5hjustada igasugused p"},"iawp_total_views":240},"product_brand":[],"product_cat":[9027,9047,72,83,25,9016],"product_tag":[1671,1843,1845,1817,1675,1682,1850,1696],"class_list":{"0":"post-23008","1":"product","2":"type-product","3":"status-publish","4":"has-post-thumbnail","6":"product_cat-begrudis-maistas-kaciu-maistas","7":"product_cat-brit-care-kaciu-prekiu-gamintojai","8":"product_cat-kaciu-maistas","9":"product_cat-kaciu-prekiu-gamintojai","10":"product_cat-katems","11":"product_cat-sausas-maistas-kaciu-maistas","12":"product_tag-begrudis-kaciu-maistas","13":"product_tag-brit-care-namie-gyvenancioms-katems","14":"product_tag-brit-care-sterilizuotoms-katems","15":"product_tag-edalas-katems","16":"product_tag-kaciu-edalas","17":"product_tag-kaciu-maistas-super-premium-klases","18":"product_tag-kates-slapimo-takams","19":"product_tag-super-premium-maistas-katems","20":"pa_pasaro-sudetis-darzoves","21":"pa_pasaro-sudetis-vaisiai","22":"pa_pasaro-sudetis-vistiena","23":"pa_prekiu-zenklai-brit-care","25":"first","26":"instock","27":"featured","28":"taxable","29":"shipping-taxable","30":"purchasable","31":"product-type-variable"},"acf":[],"_links":{"self":[{"href":"https:\/\/zooprekes24.lt\/et\/wp-json\/wp\/v2\/product\/23008","targetHints":{"allow":["GET"]}}],"collection":[{"href":"https:\/\/zooprekes24.lt\/et\/wp-json\/wp\/v2\/product"}],"about":[{"href":"https:\/\/zooprekes24.lt\/et\/wp-json\/wp\/v2\/types\/product"}],"replies":[{"embeddable":true,"href":"https:\/\/zooprekes24.lt\/et\/wp-json\/wp\/v2\/comments?post=23008"}],"wp:featuredmedia":[{"embeddable":true,"href":"https:\/\/zooprekes24.lt\/et\/wp-json\/wp\/v2\/media\/27637"}],"wp:attachment":[{"href":"https:\/\/zooprekes24.lt\/et\/wp-json\/wp\/v2\/media?parent=23008"}],"wp:term":[{"taxonomy":"product_brand","embeddable":true,"href":"https:\/\/zooprekes24.lt\/et\/wp-json\/wp\/v2\/product_brand?post=23008"},{"taxonomy":"product_cat","embeddable":true,"href":"https:\/\/zooprekes24.lt\/et\/wp-json\/wp\/v2\/product_cat?post=23008"},{"taxonomy":"product_tag","embeddable":true,"href":"https:\/\/zooprekes24.lt\/et\/wp-json\/wp\/v2\/product_tag?post=23008"}],"curies":[{"name":"wp","href":"https:\/\/api.w.org\/{rel}","templated":true}]}}