{"id":22987,"date":"2024-04-19T13:12:54","date_gmt":"2024-04-19T10:12:54","guid":{"rendered":"https:\/\/zooprekes24.lt\/produktas\/miamor-vitaldrink-katems-su-vistiena\/"},"modified":"2026-02-18T13:25:22","modified_gmt":"2026-02-18T11:25:22","slug":"miamor-vitaldrink-katems-su-vistiena","status":"publish","type":"product","link":"https:\/\/zooprekes24.lt\/et\/produktas\/miamor-vitaldrink-katems-su-vistiena\/","title":{"rendered":"Miamor Vitaldrink supijook t\u00e4iskasvanud kassidele kanaga"},"content":{"rendered":"<h3>Et mitmekesistada teie kassi toitumist ja julgustada teda rohkem vedelikku jooma, soovitame Miamor Vitaldrinki kanaga, mis meeldib ka k\u00f5ige n\u00f5udlikumatele kassidele!<\/h3>\n<ul>\n<li>Lihat\u00fckid. <a href=\"https:\/\/www.youtube.com\/watch?v=mS4yFK49t6c\" target=\"_blank\" rel=\"noopener\">Miamor Vitaldrinkis<\/a> on kanarinnafileed, mis meeldivad ka k\u00f5ige n\u00f5udlikumatele gurmaanidele.<\/li>\n<li>Suurep\u00e4rane maitse. Vitaldrink Chicken Drink on naturaalse aroomi ja maitsega ning sisaldab 93% lihamahla ja 0,5% tuunikala\u00f5li.<\/li>\n<li>Soodustab suuremat vedeliku tarbimist. Hea maitsega jook v\u00f5ib julgustada teie kassi jooma rohkem vedelikku ja aidata tal imenduda toitainetega, mida ta vajab oma kasvavale organismile.<\/li>\n<li>Hea karvkattele ja nahale. Jook sisaldab tuunikala\u00f5li, mis on teadaolevalt suurep\u00e4rane <a href=\"https:\/\/zooprekes24.lt\/et\/?s=Omega+3&amp;post_type=product\" target=\"_blank\" rel=\"noopener\">Omega-3<\/a> rasvhapete allikas. Need rasvhapped aitavad s\u00e4ilitada suurep\u00e4rase karvkatte ja naha seisundi ning taastavad karvade loomuliku l\u00e4ike.<\/li>\n<\/ul>","protected":false},"excerpt":{"rendered":"<p>Norint pa\u012fvairinti kat\u0117s racion\u0105 bei paskatinti j\u0105 lakti daugiau skys\u010di\u0173, rekomenduojame i\u0161bandyti Miamor Vitaldrink g\u0117rima su vi\u0161tiena kuris patiks net i\u0161rankiausioms kat\u0117ms! M\u0117sos gabaliukai. Miamor Vitaldrink g\u0117rime yra vi\u0161tienos kr\u016btin\u0117l\u0117s fil\u0117 gabaliuk\u0173, kurie patiks net i\u0161rankiausiems gurmanams. Puikus skonis. Vitaldrink g\u0117rimas su vi\u0161tiena yra nat\u016bralaus kvapo ir skonio, jo sud\u0117tyje net 93 procentai m\u0117sos sul\u010di\u0173&#8230;<\/p>","protected":false},"featured_media":46030,"comment_status":"closed","ping_status":"closed","template":"","meta":{"_acf_changed":false,"slim_seo":{"title":"Miamor Vitaldrink sriubos g\u0117rimas suaugusioms kat\u0117ms su vi\u0161tiena - Zooprekes24","description":"Norint pa\u012fvairinti kat\u0117s racion\u0105 bei paskatinti j\u0105 lakti daugiau skys\u010di\u0173, rekomenduojame i\u0161bandyti Miamor Vitaldrink g\u0117rima su vi\u0161tiena kuris patiks net i\u0161ranki"},"iawp_total_views":227},"product_brand":[],"product_cat":[72,25,9020],"product_tag":[1817,1675,2881],"class_list":{"0":"post-22987","1":"product","2":"type-product","3":"status-publish","4":"has-post-thumbnail","6":"product_cat-kaciu-maistas","7":"product_cat-katems","8":"product_cat-slapias-maistas-kaciu-maistas","9":"product_tag-edalas-katems","10":"product_tag-kaciu-edalas","11":"product_tag-vitaldrink","12":"pa_pasaro-sudetis-vistiena","13":"pa_prekiu-zenklai-miamor","15":"first","16":"instock","17":"featured","18":"taxable","19":"shipping-taxable","20":"purchasable","21":"product-type-variable"},"acf":[],"_links":{"self":[{"href":"https:\/\/zooprekes24.lt\/et\/wp-json\/wp\/v2\/product\/22987","targetHints":{"allow":["GET"]}}],"collection":[{"href":"https:\/\/zooprekes24.lt\/et\/wp-json\/wp\/v2\/product"}],"about":[{"href":"https:\/\/zooprekes24.lt\/et\/wp-json\/wp\/v2\/types\/product"}],"replies":[{"embeddable":true,"href":"https:\/\/zooprekes24.lt\/et\/wp-json\/wp\/v2\/comments?post=22987"}],"wp:featuredmedia":[{"embeddable":true,"href":"https:\/\/zooprekes24.lt\/et\/wp-json\/wp\/v2\/media\/46030"}],"wp:attachment":[{"href":"https:\/\/zooprekes24.lt\/et\/wp-json\/wp\/v2\/media?parent=22987"}],"wp:term":[{"taxonomy":"product_brand","embeddable":true,"href":"https:\/\/zooprekes24.lt\/et\/wp-json\/wp\/v2\/product_brand?post=22987"},{"taxonomy":"product_cat","embeddable":true,"href":"https:\/\/zooprekes24.lt\/et\/wp-json\/wp\/v2\/product_cat?post=22987"},{"taxonomy":"product_tag","embeddable":true,"href":"https:\/\/zooprekes24.lt\/et\/wp-json\/wp\/v2\/product_tag?post=22987"}],"curies":[{"name":"wp","href":"https:\/\/api.w.org\/{rel}","templated":true}]}}