{"id":22938,"date":"2024-04-19T13:12:18","date_gmt":"2024-04-19T10:12:18","guid":{"rendered":"https:\/\/zooprekes24.lt\/produktas\/brit-care-large-cats-power-vitality\/"},"modified":"2024-06-21T20:17:49","modified_gmt":"2024-06-21T17:17:49","slug":"brit-care-suured-kassid-power-vitality","status":"publish","type":"product","link":"https:\/\/zooprekes24.lt\/et\/produktas\/brit-care-large-cats-power-vitality\/","title":{"rendered":"Brit Care Large cats Power &amp; Vitality kasside kuivtoit"},"content":{"rendered":"<h3>Brit Care Large cats Power &amp; Vitality - kasside kuivtoit h\u00fcpoallergeense, h\u00e4sti seeditava toiduga, <a href=\"https:\/\/www.youtube.com\/watch?v=cYtKN_XLHH0\" target=\"_blank\" rel=\"noopener\">hipokampuse koostis<\/a> ja k\u00f5rge lihasisaldusega, mis sisaldab rohkelt olulisi toitaineid, et rahuldada suurte t\u00f5ugu kasside igap\u00e4evaseid vajadusi. Lahustuvad ja lahustumatud kiudained aitavad s\u00e4ilitada optimaalset kehakaalu.<\/h3>\n<ul>\n<li type=\"disc\">Ei sisalda teravilja, v\u00e4rvaineid, s\u00e4ilitusaineid, GMOsid ega soja.<\/li>\n<li>Kondroprotektorid ja kaltsium tervete hammaste ja luude jaoks.<\/li>\n<li type=\"disc\">K\u00f5rge valgusisaldus tundliku seedimise ja n\u00f5uetekohase lihaskasvu tagamiseks.<\/li>\n<li>Looduslikud oomega-3 ja oomega-6 hapete allikad <a href=\"https:\/\/zooprekes24.lt\/et\/toode\/brit-care-lassi-oli\/\" target=\"_blank\" rel=\"noopener\">aitab s\u00e4ilitada l\u00e4ikivat karvkatte ja tervislikku nahka<\/a>.<\/li>\n<li>Probiootikumid ja antioks\u00fcdandid soodustavad tervislike bakterite kasvu soolestikus ja reguleerivad ainevahetusprotsesse.<\/li>\n<\/ul>","protected":false},"excerpt":{"rendered":"<p>Brit Care Large cats Power &amp; Vitality &#8211; sausas maistas kat\u0117ms su hipoalergin\u0117, gerai vir\u0161kinama, begr\u016bde sud\u0117timi ir dideliu m\u0117sos kiekiu, kurioje yra gausu b\u016btin\u0173 maistini\u0173 med\u017eiag\u0173, galin\u010di\u0173 patenkinti kasdienius dideli\u0173 veisli\u0173 ka\u010di\u0173 poreikius. Tirpios ir netirpios maistin\u0117s skaidulos padeda i\u0161laikyti optimal\u0173 svor\u012f. Be gr\u016bd\u0173, da\u017eikli\u0173, konservant\u0173, GMO ir soj\u0173. Chondroprotektoriai ir kalcis\u00a0 sveikiems augintinio&#8230;<\/p>","protected":false},"featured_media":27644,"comment_status":"closed","ping_status":"closed","template":"","meta":{"_acf_changed":false,"slim_seo":{"title":"Brit Care Large cats Power & Vitality sausas maistas kat\u0117ms - Zooprekes24","description":"Brit Care Large cats Power &amp; Vitality - h\u00fcpoallergeense, kergesti seeditava, teraviljavaba koostisega ja k\u00f5rge lihasisaldusega kuivtoit, mis on rikas"},"iawp_total_views":179},"product_brand":[],"product_cat":[9027,9047,72,83,25,9016],"product_tag":[1671,1843,1817,1675,1682,1696],"class_list":{"0":"post-22938","1":"product","2":"type-product","3":"status-publish","4":"has-post-thumbnail","6":"product_cat-begrudis-maistas-kaciu-maistas","7":"product_cat-brit-care-kaciu-prekiu-gamintojai","8":"product_cat-kaciu-maistas","9":"product_cat-kaciu-prekiu-gamintojai","10":"product_cat-katems","11":"product_cat-sausas-maistas-kaciu-maistas","12":"product_tag-begrudis-kaciu-maistas","13":"product_tag-brit-care-namie-gyvenancioms-katems","14":"product_tag-edalas-katems","15":"product_tag-kaciu-edalas","16":"product_tag-kaciu-maistas-super-premium-klases","17":"product_tag-super-premium-maistas-katems","18":"pa_pasaro-sudetis-antiena","19":"pa_pasaro-sudetis-darzoves","20":"pa_pasaro-sudetis-vaisiai","21":"pa_pasaro-sudetis-vistiena","22":"pa_prekiu-zenklai-brit-care","23":"pa_veisles-dydis-didelems-veislems","25":"first","26":"instock","27":"featured","28":"taxable","29":"shipping-taxable","30":"purchasable","31":"product-type-variable"},"acf":[],"_links":{"self":[{"href":"https:\/\/zooprekes24.lt\/et\/wp-json\/wp\/v2\/product\/22938","targetHints":{"allow":["GET"]}}],"collection":[{"href":"https:\/\/zooprekes24.lt\/et\/wp-json\/wp\/v2\/product"}],"about":[{"href":"https:\/\/zooprekes24.lt\/et\/wp-json\/wp\/v2\/types\/product"}],"replies":[{"embeddable":true,"href":"https:\/\/zooprekes24.lt\/et\/wp-json\/wp\/v2\/comments?post=22938"}],"wp:featuredmedia":[{"embeddable":true,"href":"https:\/\/zooprekes24.lt\/et\/wp-json\/wp\/v2\/media\/27644"}],"wp:attachment":[{"href":"https:\/\/zooprekes24.lt\/et\/wp-json\/wp\/v2\/media?parent=22938"}],"wp:term":[{"taxonomy":"product_brand","embeddable":true,"href":"https:\/\/zooprekes24.lt\/et\/wp-json\/wp\/v2\/product_brand?post=22938"},{"taxonomy":"product_cat","embeddable":true,"href":"https:\/\/zooprekes24.lt\/et\/wp-json\/wp\/v2\/product_cat?post=22938"},{"taxonomy":"product_tag","embeddable":true,"href":"https:\/\/zooprekes24.lt\/et\/wp-json\/wp\/v2\/product_tag?post=22938"}],"curies":[{"name":"wp","href":"https:\/\/api.w.org\/{rel}","templated":true}]}}