{"id":22931,"date":"2024-04-19T13:11:57","date_gmt":"2024-04-19T10:11:57","guid":{"rendered":"https:\/\/zooprekes24.lt\/produktas\/brit-care-senior-weight-control\/"},"modified":"2024-06-27T12:46:27","modified_gmt":"2024-06-27T09:46:27","slug":"brit-care-senior-weight-control","status":"publish","type":"product","link":"https:\/\/zooprekes24.lt\/et\/produktas\/brit-care-senior-weight-control\/","title":{"rendered":"Brit Care Senior Weight Control kasside kuivtoit"},"content":{"rendered":"<h3>Brit Care Senior Weight Control &#8211; sausas maistas kat\u0117ms su hipoalergin\u0117, <a href=\"https:\/\/www.youtube.com\/watch?v=cYtKN_XLHH0\" target=\"_blank\" rel=\"noopener\">hipokampuse koostis<\/a>, ja kvaliteetset lihasvalku, mis annab organismile vajalikke vitamiine ja mineraalaineid ning aktiivseks eluviisiks vajalikku energiat. Koos tauriiniga toetab head n\u00e4gemist ja tervet s\u00fcdant. Vitamiinide ja orgaaniliste mikroelementide optimaalne kombinatsioon toetab eaka lemmiklooma igap\u00e4evast aktiivsust ja tervist.<\/h3>\n<ul>\n<li type=\"disc\">Ei sisalda teravilja, v\u00e4rvaineid, s\u00e4ilitusaineid, GMOsid ega soja.<\/li>\n<li>Probiootikumid ja prebiootikumid aitavad s\u00e4ilitada tervislikku soolestikku ja immuuns\u00fcsteemi.<\/li>\n<li>Madal rasva- ja k\u00f5rge kiudainesisaldus stimuleerib teie lemmiklooma seedimist ja aitab v\u00e4ltida kehakaalu t\u00f5usu.<\/li>\n<li>Nasturtiumid on looduslikud antibiootikumid. Nad <a href=\"https:\/\/zooprekes24.lt\/et\/?s=sterilizuotoms&amp;post_type=product&amp;product_cat=0\" target=\"_blank\" rel=\"noopener\">takistab uriinikivide teket steriliseeritud ja vanadel kassidel<\/a>. Sellel on tugevad antibakteriaalsed ja antiseptilised omadused.<\/li>\n<li>Astelpaju aitab kaasa neerude ja kuseteede tervisele. Brit Care Senior Weight Control sisaldab v\u00e4hesel m\u00e4\u00e4ral magneesiumi ja L-metioniini, mis aitavad s\u00e4ilitada optimaalset uriini pH-d 6,0-6,5.<\/li>\n<\/ul>","protected":false},"excerpt":{"rendered":"<p>Brit Care Senior Weight Control &#8211; sausas maistas kat\u0117ms su hipoalergin\u0117, begr\u016bde sud\u0117timi, bei auk\u0161tos kokyb\u0117s m\u0117sos baltymais, kurie apr\u016bpina organizm\u0105 b\u016btinais vitaminais ir mineralais bei suteikia energijos, reikalingos aktyviam gyvenimo b\u016bdui. Kartu su taurinu \u2013 palaiko ger\u0105 reg\u0105 ir sveik\u0105 \u0161ird\u012f. Optimalus vitamin\u0173 ir organini\u0173 mikroelement\u0173 derinys palaiko kasdien\u012f vyresnio am\u017eiaus augintinio aktyvum\u0105 ir&#8230;<\/p>","protected":false},"featured_media":27811,"comment_status":"closed","ping_status":"closed","template":"","meta":{"_acf_changed":false,"slim_seo":{"title":"Brit Care Senior Weight Control sausas maistas kat\u0117ms - Zooprekes24","description":"Brit Care Senior Weight Control - sausas maistas kat\u0117ms su hipoalergin\u0117, begr\u016bde sud\u0117timi , bei auk\u0161tos kokyb\u0117s m\u0117sos baltymais, kurie apr\u016bpina organizm\u0105 b\u016btina"},"iawp_total_views":180},"product_brand":[],"product_cat":[9027,9047,72,83,25,9016],"product_tag":[1671,1843,1845,2786,1817,1675,1682,1850,1928,1696],"class_list":{"0":"post-22931","1":"product","2":"type-product","3":"status-publish","4":"has-post-thumbnail","6":"product_cat-begrudis-maistas-kaciu-maistas","7":"product_cat-brit-care-kaciu-prekiu-gamintojai","8":"product_cat-kaciu-maistas","9":"product_cat-kaciu-prekiu-gamintojai","10":"product_cat-katems","11":"product_cat-sausas-maistas-kaciu-maistas","12":"product_tag-begrudis-kaciu-maistas","13":"product_tag-brit-care-namie-gyvenancioms-katems","14":"product_tag-brit-care-sterilizuotoms-katems","15":"product_tag-brit-senoms-katems","16":"product_tag-edalas-katems","17":"product_tag-kaciu-edalas","18":"product_tag-kaciu-maistas-super-premium-klases","19":"product_tag-kates-slapimo-takams","20":"product_tag-maistas-sterilizuotai-katei","21":"product_tag-super-premium-maistas-katems","22":"pa_pasaro-sudetis-darzoves","23":"pa_pasaro-sudetis-vaisiai","24":"pa_pasaro-sudetis-vistiena","25":"pa_prekiu-zenklai-brit-care","27":"first","28":"instock","29":"featured","30":"taxable","31":"shipping-taxable","32":"purchasable","33":"product-type-variable"},"acf":[],"_links":{"self":[{"href":"https:\/\/zooprekes24.lt\/et\/wp-json\/wp\/v2\/product\/22931","targetHints":{"allow":["GET"]}}],"collection":[{"href":"https:\/\/zooprekes24.lt\/et\/wp-json\/wp\/v2\/product"}],"about":[{"href":"https:\/\/zooprekes24.lt\/et\/wp-json\/wp\/v2\/types\/product"}],"replies":[{"embeddable":true,"href":"https:\/\/zooprekes24.lt\/et\/wp-json\/wp\/v2\/comments?post=22931"}],"wp:featuredmedia":[{"embeddable":true,"href":"https:\/\/zooprekes24.lt\/et\/wp-json\/wp\/v2\/media\/27811"}],"wp:attachment":[{"href":"https:\/\/zooprekes24.lt\/et\/wp-json\/wp\/v2\/media?parent=22931"}],"wp:term":[{"taxonomy":"product_brand","embeddable":true,"href":"https:\/\/zooprekes24.lt\/et\/wp-json\/wp\/v2\/product_brand?post=22931"},{"taxonomy":"product_cat","embeddable":true,"href":"https:\/\/zooprekes24.lt\/et\/wp-json\/wp\/v2\/product_cat?post=22931"},{"taxonomy":"product_tag","embeddable":true,"href":"https:\/\/zooprekes24.lt\/et\/wp-json\/wp\/v2\/product_tag?post=22931"}],"curies":[{"name":"wp","href":"https:\/\/api.w.org\/{rel}","templated":true}]}}