{"id":22927,"date":"2024-04-19T13:11:57","date_gmt":"2024-04-19T10:11:57","guid":{"rendered":"https:\/\/zooprekes24.lt\/produktas\/brit-care-sterilized-sensitive\/"},"modified":"2024-06-27T14:11:43","modified_gmt":"2024-06-27T11:11:43","slug":"brit-care-sterilized-sensitive","status":"publish","type":"product","link":"https:\/\/zooprekes24.lt\/et\/produktas\/brit-care-sterilized-sensitive\/","title":{"rendered":"Brit Care Steriliseeritud Sensitive kuivtoit kassidele"},"content":{"rendered":"<h3>Brit Care Sterilized Sensitive &#8211; sausas maistas kat\u0117ms su hipoalergin\u0117, <a href=\"https:\/\/www.youtube.com\/watch?v=cYtKN_XLHH0\" target=\"_blank\" rel=\"noopener\">hipokampuse koostis<\/a>neerude ja kuseteede tervise jaoks: see sisaldab puuvilju ja maitsetaimi, mis sisaldavad rikkalikult looduslikke antioks\u00fcdante ja E-vitamiini, mis kaitsevad organismi vabade radikaalide eest ja hoiavad immuuns\u00fcsteemi tugevana kogu kassi elu jooksul. Dieetliha, v\u00e4rske k\u00fc\u00fclikuliha toetab s\u00fcdame ja vereringes\u00fcsteemi tervist ning aitab s\u00e4ilitada optimaalset f\u00fc\u00fcsilist seisundit.<\/h3>\n<ul>\n<li type=\"disc\">Ei sisalda teravilja, v\u00e4rvaineid, s\u00e4ilitusaineid, GMOsid ega soja.<\/li>\n<li>Probiootikumid ja prebiootikumid aitavad s\u00e4ilitada tervislikku soolestikku ja immuuns\u00fcsteemi.<\/li>\n<li>V\u00e4rske k\u00fc\u00fclikuliha on kergesti seeditav, dieetiline liha, mis toetab seedimise tervist ning parandab kastreeritud kasside naha ja karvkatte seisundit.<\/li>\n<li>Nasturtiumid on looduslikud antibiootikumid. Nad <a href=\"https:\/\/zooprekes24.lt\/et\/?s=sterilizuotoms&amp;post_type=product&amp;product_cat=0\" target=\"_blank\" rel=\"noopener\">takistab uriinikivide teket steriliseeritud ja vanadel kassidel<\/a>. Sellel on tugevad antibakteriaalsed ja antiseptilised omadused.<\/li>\n<li>Astelpaju aitab kaasa neerude ja kuseteede tervisele. Brit Care Steriliseeritud Sensitive sisaldab v\u00e4hesel m\u00e4\u00e4ral magneesiumi ja L-metioniini, mis aitavad s\u00e4ilitada optimaalset uriini pH-taset 6,0-6,5.<\/li>\n<\/ul>","protected":false},"excerpt":{"rendered":"<p>Brit Care Sterilized Sensitive &#8211; sausas maistas kat\u0117ms su hipoalergin\u0117, begr\u016bde sud\u0117timi, skirta inkst\u0173 ir \u0161lapimo tak\u0173 sveikatai: joje yra vaisi\u0173 ir \u017eoleli\u0173, kuriuose gausu nat\u016brali\u0173 antioksidant\u0173 ir vitamino E, kurie apsaugo organizm\u0105 nuo laisv\u0173j\u0173 radikal\u0173 ir i\u0161laiko stipri\u0105 imunin\u0119 sistem\u0105 per vis\u0105 kat\u0117s gyvenim\u0105. Dietin\u0117 m\u0117sa, \u0161vie\u017eia triu\u0161iena palaiko \u0161irdies ir kraujotakos sistemos sveikat\u0105&#8230;<\/p>","protected":false},"featured_media":27824,"comment_status":"closed","ping_status":"closed","template":"","meta":{"_acf_changed":false,"slim_seo":{"title":"Brit Care Sterilized Sensitive sausas maistas kat\u0117ms - Zooprekes24","description":"Brit Care Sterilized Sensitive - sausas maistas kat\u0117ms su hipoalergin\u0117, begr\u016bde sud\u0117timi , skirta inkst\u0173 ir \u0161lapimo tak\u0173 sveikatai: joje yra vaisi\u0173 ir \u017eoleli\u0173,"},"iawp_total_views":384},"product_brand":[],"product_cat":[9027,9047,72,83,25,9016],"product_tag":[1671,1843,1845,1926,1817,1675,1682,1850,1928,1696],"class_list":{"0":"post-22927","1":"product","2":"type-product","3":"status-publish","4":"has-post-thumbnail","6":"product_cat-begrudis-maistas-kaciu-maistas","7":"product_cat-brit-care-kaciu-prekiu-gamintojai","8":"product_cat-kaciu-maistas","9":"product_cat-kaciu-prekiu-gamintojai","10":"product_cat-katems","11":"product_cat-sausas-maistas-kaciu-maistas","12":"product_tag-begrudis-kaciu-maistas","13":"product_tag-brit-care-namie-gyvenancioms-katems","14":"product_tag-brit-care-sterilizuotoms-katems","15":"product_tag-brit-sterilizuotiems","16":"product_tag-edalas-katems","17":"product_tag-kaciu-edalas","18":"product_tag-kaciu-maistas-super-premium-klases","19":"product_tag-kates-slapimo-takams","20":"product_tag-maistas-sterilizuotai-katei","21":"product_tag-super-premium-maistas-katems","22":"pa_pasaro-sudetis-darzoves","23":"pa_pasaro-sudetis-triusiena","24":"pa_pasaro-sudetis-vaisiai","25":"pa_prekiu-zenklai-brit-care","27":"first","28":"instock","29":"featured","30":"taxable","31":"shipping-taxable","32":"purchasable","33":"product-type-variable"},"acf":[],"_links":{"self":[{"href":"https:\/\/zooprekes24.lt\/et\/wp-json\/wp\/v2\/product\/22927","targetHints":{"allow":["GET"]}}],"collection":[{"href":"https:\/\/zooprekes24.lt\/et\/wp-json\/wp\/v2\/product"}],"about":[{"href":"https:\/\/zooprekes24.lt\/et\/wp-json\/wp\/v2\/types\/product"}],"replies":[{"embeddable":true,"href":"https:\/\/zooprekes24.lt\/et\/wp-json\/wp\/v2\/comments?post=22927"}],"wp:featuredmedia":[{"embeddable":true,"href":"https:\/\/zooprekes24.lt\/et\/wp-json\/wp\/v2\/media\/27824"}],"wp:attachment":[{"href":"https:\/\/zooprekes24.lt\/et\/wp-json\/wp\/v2\/media?parent=22927"}],"wp:term":[{"taxonomy":"product_brand","embeddable":true,"href":"https:\/\/zooprekes24.lt\/et\/wp-json\/wp\/v2\/product_brand?post=22927"},{"taxonomy":"product_cat","embeddable":true,"href":"https:\/\/zooprekes24.lt\/et\/wp-json\/wp\/v2\/product_cat?post=22927"},{"taxonomy":"product_tag","embeddable":true,"href":"https:\/\/zooprekes24.lt\/et\/wp-json\/wp\/v2\/product_tag?post=22927"}],"curies":[{"name":"wp","href":"https:\/\/api.w.org\/{rel}","templated":true}]}}