{"id":22913,"date":"2024-04-19T13:11:48","date_gmt":"2024-04-19T10:11:48","guid":{"rendered":"https:\/\/zooprekes24.lt\/produktas\/brit-care-kitten-healthy-growth\/"},"modified":"2024-07-02T16:21:33","modified_gmt":"2024-07-02T13:21:33","slug":"brit-care-kitten-healthy-growth","status":"publish","type":"product","link":"https:\/\/zooprekes24.lt\/et\/produktas\/brit-care-kitten-healthy-growth\/","title":{"rendered":"Brit Care Kitten Healthy Growth kuivtoit kassipoegadele"},"content":{"rendered":"<h3>Brit Care Kitten Healthy Growth &amp; Development &#8211; hipoalergin\u0117, <a href=\"https:\/\/www.youtube.com\/watch?v=cYtKN_XLHH0\" target=\"_blank\" rel=\"noopener\">mute<\/a>Lihtne seeditav koostis, mis sisaldab rohkelt olulisi toitaineid, et toetada tiinete ja imetavate kasside energiavajadust ning kassipoegade arengut tiinuse ajal. Brit Care Kitten Healthy Growth sisaldab \u00f5iges koguses kaltsiumi, fosforit, magneesiumi, D-vitamiini ning vitamiinide, mineraalide ja asendamatute rasvhapete kompleksi, et tagada kassipoegade tervislik seisund ja v\u00e4hendada ritsikate riski.<\/h3>\n<ul>\n<li type=\"disc\">Ei sisalda teravilja, v\u00e4rvaineid, s\u00e4ilitusaineid, GMOsid ega soja.<\/li>\n<li>Tauriin aitab s\u00e4ilitada head n\u00e4gemist ja tervet s\u00fcdant.<\/li>\n<li>Suur valgusisaldus aitab toetada lihaste kasvu ja arengut.<\/li>\n<li>Probiootikumid ja prebiootikumid aitavad s\u00e4ilitada tervislikku <a href=\"https:\/\/zooprekes24.lt\/et\/?s=kitten&amp;post_type=product&amp;product_cat=0\" target=\"_blank\" rel=\"noopener\">kassipoeg<\/a> soolestik ja immuuns\u00fcsteem.<\/li>\n<li>Kolostrumo sud\u0117tyje yra imunoglobulin\u0173 &#8211; antik\u016bn\u0173, padedan\u010di\u0173 kurti ka\u010diuko imunitet\u0105.<\/li>\n<\/ul>","protected":false},"excerpt":{"rendered":"<p>Brit Care Kitten Healthy Growth &amp; Development &#8211; hipoalergin\u0117, begr\u016bd\u0117, lengvai vir\u0161kinama sud\u0117tis, kurioje gausu b\u016btin\u0173 maistini\u0173 med\u017eiag\u0173, palaikan\u010di\u0173 n\u0117\u0161\u010di\u0173 ir \u017eindan\u010di\u0173 ka\u010di\u0173 energijos poreikius bei ka\u010diuk\u0173 vystym\u0105si n\u0117\u0161tumo metu. Brit Care Kitten Healthy Growth sud\u0117tyje tinkamas kalcio, fosforo, magnio, vitamino D kiekis taip pat vitamin\u0173, mineral\u0173 ir b\u016btin\u0173 riebal\u0173 r\u016bg\u0161\u010di\u0173 kompleksas kuris u\u017etikrina sveik\u0173&#8230;<\/p>","protected":false},"featured_media":27642,"comment_status":"closed","ping_status":"closed","template":"","meta":{"_acf_changed":false,"slim_seo":{"title":"Brit Care Kitten Healthy Growth sausas maistas ka\u010diukams - Zooprekes24","description":"Brit Care Kitten Healthy Growth &amp; Development - hipoalergin\u0117, begr\u016bd\u0117 , lengvai vir\u0161kinama sud\u0117tis, kurioje gausu b\u016btin\u0173 maistini\u0173 med\u017eiag\u0173, palaikan\u010di\u0173 n\u0117\u0161"},"iawp_total_views":232},"product_brand":[],"product_cat":[9027,9047,72,83,25,9016],"product_tag":[1671,1817,1675,1682,1696],"class_list":{"0":"post-22913","1":"product","2":"type-product","3":"status-publish","4":"has-post-thumbnail","6":"product_cat-begrudis-maistas-kaciu-maistas","7":"product_cat-brit-care-kaciu-prekiu-gamintojai","8":"product_cat-kaciu-maistas","9":"product_cat-kaciu-prekiu-gamintojai","10":"product_cat-katems","11":"product_cat-sausas-maistas-kaciu-maistas","12":"product_tag-begrudis-kaciu-maistas","13":"product_tag-edalas-katems","14":"product_tag-kaciu-edalas","15":"product_tag-kaciu-maistas-super-premium-klases","16":"product_tag-super-premium-maistas-katems","17":"pa_pasaro-sudetis-darzoves","18":"pa_pasaro-sudetis-kalakutiena","19":"pa_pasaro-sudetis-vaisiai","20":"pa_pasaro-sudetis-vistiena","21":"pa_prekiu-zenklai-brit-care","23":"first","24":"instock","25":"featured","26":"taxable","27":"shipping-taxable","28":"purchasable","29":"product-type-variable"},"acf":[],"_links":{"self":[{"href":"https:\/\/zooprekes24.lt\/et\/wp-json\/wp\/v2\/product\/22913","targetHints":{"allow":["GET"]}}],"collection":[{"href":"https:\/\/zooprekes24.lt\/et\/wp-json\/wp\/v2\/product"}],"about":[{"href":"https:\/\/zooprekes24.lt\/et\/wp-json\/wp\/v2\/types\/product"}],"replies":[{"embeddable":true,"href":"https:\/\/zooprekes24.lt\/et\/wp-json\/wp\/v2\/comments?post=22913"}],"wp:featuredmedia":[{"embeddable":true,"href":"https:\/\/zooprekes24.lt\/et\/wp-json\/wp\/v2\/media\/27642"}],"wp:attachment":[{"href":"https:\/\/zooprekes24.lt\/et\/wp-json\/wp\/v2\/media?parent=22913"}],"wp:term":[{"taxonomy":"product_brand","embeddable":true,"href":"https:\/\/zooprekes24.lt\/et\/wp-json\/wp\/v2\/product_brand?post=22913"},{"taxonomy":"product_cat","embeddable":true,"href":"https:\/\/zooprekes24.lt\/et\/wp-json\/wp\/v2\/product_cat?post=22913"},{"taxonomy":"product_tag","embeddable":true,"href":"https:\/\/zooprekes24.lt\/et\/wp-json\/wp\/v2\/product_tag?post=22913"}],"curies":[{"name":"wp","href":"https:\/\/api.w.org\/{rel}","templated":true}]}}