{"id":22910,"date":"2024-04-19T13:11:48","date_gmt":"2024-04-19T10:11:48","guid":{"rendered":"https:\/\/zooprekes24.lt\/produktas\/brit-care-sensitive-healthy-digestion\/"},"modified":"2024-06-27T12:55:30","modified_gmt":"2024-06-27T09:55:30","slug":"brit-care-sensitive-tervislik-seedimine","status":"publish","type":"product","link":"https:\/\/zooprekes24.lt\/et\/produktas\/brit-care-sensitive-healthy-digestion\/","title":{"rendered":"Brit Care Sensitive Healthy Digestion &amp; Delicate Tastes kasside kuivtoit"},"content":{"rendered":"<h3>Brit Care Sensitive Healthy Digestion &amp; Delicate Tastes - kergesti seeditav kuivtoit <a href=\"https:\/\/www.youtube.com\/watch?v=cYtKN_XLHH0\" target=\"_blank\" rel=\"noopener\">ilma teraviljata<\/a>mis on rikas oluliste toitainete poolest, et tagada v\u00f5imalikult t\u00f5hus ja t\u00e4ielik imendumine. Valemis sisalduvad probiootikumid ja prebiootikumid soodustavad tervislike bakterite kasvu soolestikus ja reguleerivad ainevahetusprotsesse.<\/h3>\n<ul>\n<li type=\"disc\">Ei sisalda teravilja, v\u00e4rvaineid, s\u00e4ilitusaineid, GMOsid ega soja.<\/li>\n<li>Yucca aitab v\u00e4hendada fekaalil\u00f5hna.<\/li>\n<li>Probiootikumid ja antioks\u00fcdandid tugevdavad immuuns\u00fcsteemi ja toetavad tervislikku seedimist.<\/li>\n<li>V\u00e4rske liha, nagu kalkun ja l\u00f5he, pakub suurep\u00e4rast maitset, mis rahuldab ka k\u00f5ige n\u00f5udlikumad kassid.<\/li>\n<li>Astelpaju aitab kaasa neerude ja kuseteede tervisele. Brit Care Sensitive Healthy Digestion sisaldab v\u00e4hesel m\u00e4\u00e4ral magneesiumi ja L-metioniini. <a href=\"https:\/\/zooprekes24.lt\/et\/?s=urinary&amp;post_type=product&amp;product_cat=0\" target=\"_blank\" rel=\"noopener\">aitab s\u00e4ilitada optimaalset uriini pH v\u00e4\u00e4rtust 6,0-6,5.<\/a>.<\/li>\n<\/ul>","protected":false},"excerpt":{"rendered":"<p>Brit Care Sensitive Healthy Digestion &amp; Delicate Tastes &#8211; lengvai vir\u0161kinamas sausas maistas be gr\u016bd\u0173, kuriame gausu b\u016btin\u0173 maistini\u0173 med\u017eiag\u0173, kad b\u016bt\u0173 u\u017etikrintas kuo efektyvesnis ir geresnis j\u0173 \u012fsisavinimas. Sud\u0117tyje esantys probiotikai ir prebiotikai skatina sveik\u0173 bakterij\u0173 dauginim\u0105si \u017earnyne ir reguliuoja med\u017eiag\u0173 apykaitos procesus. Be gr\u016bd\u0173, da\u017eikli\u0173, konservant\u0173, GMO ir soj\u0173. \u0160eriuotoji Juka padeda suma\u017einti&#8230;<\/p>","protected":false},"featured_media":27813,"comment_status":"closed","ping_status":"closed","template":"","meta":{"_acf_changed":false,"slim_seo":{"title":"Brit Care Sensitive Healthy Digestion & Delicate Tastes sausas maistas kat\u0117ms - Zooprekes24","description":"Brit Care Sensitive Healthy Digestion &amp; Delicate Tastes on kergesti seeditav, teraviljavaba kuivtoit, mis on t\u00e4is olulisi toitaineid, et"},"iawp_total_views":257},"product_brand":[],"product_cat":[9027,9047,72,83,25,9016],"product_tag":[1671,1845,1817,1675,1682,1850,1928,1696],"class_list":{"0":"post-22910","1":"product","2":"type-product","3":"status-publish","4":"has-post-thumbnail","6":"product_cat-begrudis-maistas-kaciu-maistas","7":"product_cat-brit-care-kaciu-prekiu-gamintojai","8":"product_cat-kaciu-maistas","9":"product_cat-kaciu-prekiu-gamintojai","10":"product_cat-katems","11":"product_cat-sausas-maistas-kaciu-maistas","12":"product_tag-begrudis-kaciu-maistas","13":"product_tag-brit-care-sterilizuotoms-katems","14":"product_tag-edalas-katems","15":"product_tag-kaciu-edalas","16":"product_tag-kaciu-maistas-super-premium-klases","17":"product_tag-kates-slapimo-takams","18":"product_tag-maistas-sterilizuotai-katei","19":"product_tag-super-premium-maistas-katems","20":"pa_pasaro-sudetis-darzoves","21":"pa_pasaro-sudetis-kalakutiena","22":"pa_pasaro-sudetis-lasisa","23":"pa_pasaro-sudetis-vaisiai","24":"pa_prekiu-zenklai-brit-care","26":"first","27":"instock","28":"featured","29":"taxable","30":"shipping-taxable","31":"purchasable","32":"product-type-variable"},"acf":[],"_links":{"self":[{"href":"https:\/\/zooprekes24.lt\/et\/wp-json\/wp\/v2\/product\/22910","targetHints":{"allow":["GET"]}}],"collection":[{"href":"https:\/\/zooprekes24.lt\/et\/wp-json\/wp\/v2\/product"}],"about":[{"href":"https:\/\/zooprekes24.lt\/et\/wp-json\/wp\/v2\/types\/product"}],"replies":[{"embeddable":true,"href":"https:\/\/zooprekes24.lt\/et\/wp-json\/wp\/v2\/comments?post=22910"}],"wp:featuredmedia":[{"embeddable":true,"href":"https:\/\/zooprekes24.lt\/et\/wp-json\/wp\/v2\/media\/27813"}],"wp:attachment":[{"href":"https:\/\/zooprekes24.lt\/et\/wp-json\/wp\/v2\/media?parent=22910"}],"wp:term":[{"taxonomy":"product_brand","embeddable":true,"href":"https:\/\/zooprekes24.lt\/et\/wp-json\/wp\/v2\/product_brand?post=22910"},{"taxonomy":"product_cat","embeddable":true,"href":"https:\/\/zooprekes24.lt\/et\/wp-json\/wp\/v2\/product_cat?post=22910"},{"taxonomy":"product_tag","embeddable":true,"href":"https:\/\/zooprekes24.lt\/et\/wp-json\/wp\/v2\/product_tag?post=22910"}],"curies":[{"name":"wp","href":"https:\/\/api.w.org\/{rel}","templated":true}]}}