{"id":22905,"date":"2024-04-19T13:11:48","date_gmt":"2024-04-19T10:11:48","guid":{"rendered":"https:\/\/zooprekes24.lt\/produktas\/brit-care-haircare-healthy-shiny-coat\/"},"modified":"2024-06-20T18:36:05","modified_gmt":"2024-06-20T15:36:05","slug":"brit-care-juuksehooldus-terve-laikiv-karvkate","status":"publish","type":"product","link":"https:\/\/zooprekes24.lt\/et\/produktas\/brit-care-haircare-healthy-shiny-coat\/","title":{"rendered":"Brit Care Haircare Healthy &amp; Shiny Coat kasside kuivtoit"},"content":{"rendered":"<h3>Brit Care Haircare Healthy &amp; Shiny Coat - kasside kuivtoit h\u00fcpoallergeensega, <a href=\"https:\/\/www.youtube.com\/watch?v=cYtKN_XLHH0\" target=\"_blank\" rel=\"noopener\">hipokampuse koostis<\/a>mis sisaldab rohkelt kiudaineid, mis toetavad karvaklumpide h\u00f5lpsat eemaldamist kehast. Kvaliteetsed lihavalgud aitavad s\u00e4ilitada tugevad ja k\u00f5hnad lihased. Koos tauriiniga, mis toetab head n\u00e4gemist ja tervet s\u00fcdant.<\/h3>\n<ul>\n<li type=\"disc\">Ei sisalda teravilja, v\u00e4rvaineid, s\u00e4ilitusaineid, GMOsid ega soja.<\/li>\n<li>Probiootikumid ja antioks\u00fcdandid - tugevdavad immuuns\u00fcsteemi ja toetavad tervislikku seedimist.<\/li>\n<li>L\u00f5he, kana, linaseemned - looduslikud oomega-3 ja oomega-6 hapete allikad. <a href=\"https:\/\/zooprekes24.lt\/et\/toode\/brit-care-lassi-oli\/\" target=\"_blank\" rel=\"noopener\">aitab s\u00e4ilitada l\u00e4ikivat karvkatte ja tervislikku nahka<\/a>.<\/li>\n<li>Kiudained - kiudainerikkad koostisosad aitavad h\u00f5lpsasti eemaldada karvaklombid kehast. Brit Care Haircare'i kiudained suurendavad k\u00fcllastustunnet, v\u00e4hendavad toidu tarbimist ja aitavad s\u00e4ilitada tervislikku kehakaalu.<\/li>\n<\/ul>","protected":false},"excerpt":{"rendered":"<p>Brit Care Haircare Healthy &amp; Shiny Coat &#8211; sausas maistas kat\u0117ms su hipoalergin\u0117, begr\u016bde sud\u0117timi, kurioje gausu skaidul\u0173, palaikan\u010di\u0173 lengv\u0105 plauk\u0173 gumul\u0117li\u0173 \u0161alinim\u0105 i\u0161 organizmo. Auk\u0161tos kokyb\u0117s m\u0117sos baltymai padeda i\u0161laikyti stiprius ir lieknus raumenis. Kartu su taurinu, kuris palaiko ger\u0105 reg\u0105 ir sveik\u0105 \u0161ird\u012f. Be gr\u016bd\u0173, da\u017eikli\u0173, konservant\u0173, GMO ir soj\u0173. Probiotikai ir antioksidantai&#8230;<\/p>","protected":false},"featured_media":27607,"comment_status":"closed","ping_status":"closed","template":"","meta":{"_acf_changed":false,"slim_seo":{"title":"Brit Care Haircare Healthy & Shiny Coat sausas maistas kat\u0117ms - Zooprekes24","description":"Brit Care Haircare Healthy &amp; Shiny Coat on h\u00fcpoallergeense, teraviljavaba koostisega kasside kuivtoit, mis sisaldab rohkelt kiudaineid, et toetada karvade kerget kokkukleepumist."},"iawp_total_views":277},"product_brand":[],"product_cat":[9027,9047,72,83,25,9016],"product_tag":[1671,1843,1817,1675,1682,1696],"class_list":{"0":"post-22905","1":"product","2":"type-product","3":"status-publish","4":"has-post-thumbnail","6":"product_cat-begrudis-maistas-kaciu-maistas","7":"product_cat-brit-care-kaciu-prekiu-gamintojai","8":"product_cat-kaciu-maistas","9":"product_cat-kaciu-prekiu-gamintojai","10":"product_cat-katems","11":"product_cat-sausas-maistas-kaciu-maistas","12":"product_tag-begrudis-kaciu-maistas","13":"product_tag-brit-care-namie-gyvenancioms-katems","14":"product_tag-edalas-katems","15":"product_tag-kaciu-edalas","16":"product_tag-kaciu-maistas-super-premium-klases","17":"product_tag-super-premium-maistas-katems","18":"pa_pasaro-sudetis-darzoves","19":"pa_pasaro-sudetis-lasisa","20":"pa_pasaro-sudetis-vaisiai","21":"pa_pasaro-sudetis-vistiena","22":"pa_pasaro-sudetis-zuvis","23":"pa_prekiu-zenklai-brit-care","25":"first","26":"instock","27":"featured","28":"taxable","29":"shipping-taxable","30":"purchasable","31":"product-type-variable"},"acf":[],"_links":{"self":[{"href":"https:\/\/zooprekes24.lt\/et\/wp-json\/wp\/v2\/product\/22905","targetHints":{"allow":["GET"]}}],"collection":[{"href":"https:\/\/zooprekes24.lt\/et\/wp-json\/wp\/v2\/product"}],"about":[{"href":"https:\/\/zooprekes24.lt\/et\/wp-json\/wp\/v2\/types\/product"}],"replies":[{"embeddable":true,"href":"https:\/\/zooprekes24.lt\/et\/wp-json\/wp\/v2\/comments?post=22905"}],"wp:featuredmedia":[{"embeddable":true,"href":"https:\/\/zooprekes24.lt\/et\/wp-json\/wp\/v2\/media\/27607"}],"wp:attachment":[{"href":"https:\/\/zooprekes24.lt\/et\/wp-json\/wp\/v2\/media?parent=22905"}],"wp:term":[{"taxonomy":"product_brand","embeddable":true,"href":"https:\/\/zooprekes24.lt\/et\/wp-json\/wp\/v2\/product_brand?post=22905"},{"taxonomy":"product_cat","embeddable":true,"href":"https:\/\/zooprekes24.lt\/et\/wp-json\/wp\/v2\/product_cat?post=22905"},{"taxonomy":"product_tag","embeddable":true,"href":"https:\/\/zooprekes24.lt\/et\/wp-json\/wp\/v2\/product_tag?post=22905"}],"curies":[{"name":"wp","href":"https:\/\/api.w.org\/{rel}","templated":true}]}}